{"id":10914,"date":"2019-04-29T09:31:17","date_gmt":"2019-04-29T07:31:17","guid":{"rendered":"https:\/\/www.claravision.com\/taetigkeitsbereichedomaines-dactivites\/"},"modified":"2026-04-27T16:16:17","modified_gmt":"2026-04-27T14:16:17","slug":"taetigkeitsbereichedomaines-dactivites","status":"publish","type":"page","link":"https:\/\/www.claravision.com\/de\/taetigkeitsbereichedomaines-dactivites\/","title":{"rendered":"T\u00e4tigkeitsbereiche"},"content":{"rendered":"<div class=\"iscol col-3 clear\"><article class=\"item mgb4\">\n\t\t\t\t\t<a href=\"https:\/\/www.claravision.com\/de\/domaine\/beleuchtungen-fur-hochgeschwindigkeitskamera\/\" class=\"dis-b more-eye posrel tdn bor1 bor-grey\">\n\t\t\t\t\t\t<h2 class=\"itembef posrel h5 pd2 pdl5\">Beleuchtungen f\u00fcr hochgeschwindigkeitskamera<\/h2>\n\t\t\t\t\t\t<img decoding=\"async\" class=\"dis-b w100\" alt=\"Gamme d'\u00e9clairage haute puissance pour TroublePad\" src=\"https:\/\/www.claravision.com\/w2020\/wp-content\/uploads\/2020\/04\/High_speed_camera_lighting_range-300x300.jpg\">\n\t\t\t\t\t<\/a>\n\t\t\t\t<\/article><article class=\"item mgb4\">\n\t\t\t\t\t<a href=\"https:\/\/www.claravision.com\/de\/domaine\/industrielle-wartung\/\" class=\"dis-b more-eye posrel tdn bor1 bor-grey\">\n\t\t\t\t\t\t<h2 class=\"itembef posrel h5 pd2 pdl5\">Industrielle Wartung<\/h2>\n\t\t\t\t\t\t<img decoding=\"async\" class=\"dis-b w100\" alt=\"Cam\u00e9ra rapide pour la maintenance dans l'industrie\" src=\"https:\/\/www.claravision.com\/w2020\/wp-content\/uploads\/2019\/05\/maintenance-industrielle-final-300x300.jpg\">\n\t\t\t\t\t<\/a>\n\t\t\t\t<\/article><article class=\"item mgb4\">\n\t\t\t\t\t<a href=\"https:\/\/www.claravision.com\/de\/domaine\/kontrolle-von-schweisnahten\/\" class=\"dis-b more-eye posrel tdn bor1 bor-grey\">\n\t\t\t\t\t\t<h2 class=\"itembef posrel h5 pd2 pdl5\">Kontrolle von Schwei\u00dfn\u00e4hten<\/h2>\n\t\t\t\t\t\t<img decoding=\"async\" class=\"dis-b w100\" alt=\"Syst\u00e8me de contr\u00f4le de soudure\" src=\"https:\/\/www.claravision.com\/w2020\/wp-content\/uploads\/2019\/05\/Controle-de-soudure-final-300x300.jpg\">\n\t\t\t\t\t<\/a>\n\t\t\t\t<\/article><article class=\"item mgb4\">\n\t\t\t\t\t<a href=\"https:\/\/www.claravision.com\/de\/domaine\/mikroskopie-metallographie\/\" class=\"dis-b more-eye posrel tdn bor1 bor-grey\">\n\t\t\t\t\t\t<h2 class=\"itembef posrel h5 pd2 pdl5\">Mikroskopie\/Metallographie<\/h2>\n\t\t\t\t\t\t<img decoding=\"async\" class=\"dis-b w100\" alt=\"Microscope en metallographie\" src=\"https:\/\/www.claravision.com\/w2020\/wp-content\/uploads\/2019\/05\/microscopie-metallograhie-final-300x300.jpg\">\n\t\t\t\t\t<\/a>\n\t\t\t\t<\/article><\/div>\n","protected":false},"excerpt":{"rendered":"","protected":false},"author":1,"featured_media":0,"parent":0,"menu_order":0,"comment_status":"closed","ping_status":"closed","template":"","meta":{"_acf_changed":false,"footnotes":""},"class_list":["post-10914","page","type-page","status-publish","hentry"],"acf":[],"yoast_head":"<!-- This site is optimized with the Yoast SEO Premium plugin v27.4 (Yoast SEO v27.4) - https:\/\/yoast.com\/product\/yoast-seo-premium-wordpress\/ -->\n<title>T\u00e4tigkeitsbereiche - Claravision<\/title>\n<meta name=\"robots\" content=\"index, follow, max-snippet:-1, max-image-preview:large, max-video-preview:-1\" \/>\n<link rel=\"canonical\" href=\"https:\/\/www.claravision.com\/de\/taetigkeitsbereichedomaines-dactivites\/\" \/>\n<meta property=\"og:locale\" content=\"de_DE\" \/>\n<meta property=\"og:type\" content=\"article\" \/>\n<meta property=\"og:title\" content=\"T\u00e4tigkeitsbereiche\" \/>\n<meta property=\"og:url\" content=\"https:\/\/www.claravision.com\/de\/taetigkeitsbereichedomaines-dactivites\/\" \/>\n<meta property=\"og:site_name\" content=\"Claravision\" \/>\n<meta property=\"article:modified_time\" content=\"2026-04-27T14:16:17+00:00\" \/>\n<meta name=\"twitter:card\" content=\"summary_large_image\" \/>\n<script type=\"application\/ld+json\" class=\"yoast-schema-graph\">{\"@context\":\"https:\\\/\\\/schema.org\",\"@graph\":[{\"@type\":\"WebPage\",\"@id\":\"https:\\\/\\\/www.claravision.com\\\/de\\\/taetigkeitsbereichedomaines-dactivites\\\/\",\"url\":\"https:\\\/\\\/www.claravision.com\\\/de\\\/taetigkeitsbereichedomaines-dactivites\\\/\",\"name\":\"T\u00e4tigkeitsbereiche - Claravision\",\"isPartOf\":{\"@id\":\"https:\\\/\\\/www.claravision.com\\\/de\\\/#website\"},\"datePublished\":\"2019-04-29T07:31:17+00:00\",\"dateModified\":\"2026-04-27T14:16:17+00:00\",\"breadcrumb\":{\"@id\":\"https:\\\/\\\/www.claravision.com\\\/de\\\/taetigkeitsbereichedomaines-dactivites\\\/#breadcrumb\"},\"inLanguage\":\"de-DE\",\"potentialAction\":[{\"@type\":\"ReadAction\",\"target\":[\"https:\\\/\\\/www.claravision.com\\\/de\\\/taetigkeitsbereichedomaines-dactivites\\\/\"]}]},{\"@type\":\"BreadcrumbList\",\"@id\":\"https:\\\/\\\/www.claravision.com\\\/de\\\/taetigkeitsbereichedomaines-dactivites\\\/#breadcrumb\",\"itemListElement\":[{\"@type\":\"ListItem\",\"position\":1,\"name\":\"Startseite\",\"item\":\"https:\\\/\\\/www.claravision.com\\\/de\\\/\"},{\"@type\":\"ListItem\",\"position\":2,\"name\":\"T\u00e4tigkeitsbereiche\"}]},{\"@type\":\"WebSite\",\"@id\":\"https:\\\/\\\/www.claravision.com\\\/de\\\/#website\",\"url\":\"https:\\\/\\\/www.claravision.com\\\/de\\\/\",\"name\":\"Claravision\",\"description\":\"Logiciels et solutions d&#039;analyse d&#039;images\",\"publisher\":{\"@id\":\"https:\\\/\\\/www.claravision.com\\\/de\\\/#organization\"},\"potentialAction\":[{\"@type\":\"SearchAction\",\"target\":{\"@type\":\"EntryPoint\",\"urlTemplate\":\"https:\\\/\\\/www.claravision.com\\\/de\\\/?s={search_term_string}\"},\"query-input\":{\"@type\":\"PropertyValueSpecification\",\"valueRequired\":true,\"valueName\":\"search_term_string\"}}],\"inLanguage\":\"de-DE\"},{\"@type\":\"Organization\",\"@id\":\"https:\\\/\\\/www.claravision.com\\\/de\\\/#organization\",\"name\":\"Claravision\",\"url\":\"https:\\\/\\\/www.claravision.com\\\/de\\\/\",\"logo\":{\"@type\":\"ImageObject\",\"inLanguage\":\"de-DE\",\"@id\":\"https:\\\/\\\/www.claravision.com\\\/de\\\/#\\\/schema\\\/logo\\\/image\\\/\",\"url\":\"https:\\\/\\\/www.claravision.com\\\/w2020\\\/wp-content\\\/uploads\\\/2021\\\/12\\\/logo-claravision.png\",\"contentUrl\":\"https:\\\/\\\/www.claravision.com\\\/w2020\\\/wp-content\\\/uploads\\\/2021\\\/12\\\/logo-claravision.png\",\"width\":124,\"height\":124,\"caption\":\"Claravision\"},\"image\":{\"@id\":\"https:\\\/\\\/www.claravision.com\\\/de\\\/#\\\/schema\\\/logo\\\/image\\\/\"},\"sameAs\":[\"https:\\\/\\\/www.linkedin.com\\\/company\\\/claravision\\\/\",\"https:\\\/\\\/www.youtube.com\\\/channel\\\/UCgfTotdIXpHE6jHh29gYUnw\"],\"description\":\"Clara Vision est une soci\u00e9t\u00e9 fran\u00e7aise fond\u00e9e en 1994 sp\u00e9cialis\u00e9e dans l\u2019imagerie scientifique et industrielle. Depuis 30 ans, Clara Vision con\u00e7oit et d\u00e9veloppe des logiciels d\u2019acquisition et d\u2019analyse d\u2019images d\u00e9di\u00e9s principalement au contr\u00f4le qualit\u00e9 et \u00e0 la recherche.\",\"email\":\"info@claravision.com\",\"telephone\":\"0169860130\",\"legalName\":\"CLARA VISION SAS\",\"foundingDate\":\"1994-12-29\",\"vatID\":\"FR29399379593\",\"taxID\":\"39937959300060\",\"iso6523Code\":\"399379593\",\"numberOfEmployees\":{\"@type\":\"QuantitativeValue\",\"minValue\":\"1\",\"maxValue\":\"10\"},\"address\":{\"@type\":\"PostalAddress\",\"streetAddress\":\"2 ROUTE DE GISY PARC BUROSPACE\",\"addressLocality\":\"BIEVRES\",\"postalCode\":\"91570\",\"addressCountry\":\"FR\"}}]}<\/script>\n<!-- \/ Yoast SEO Premium plugin. -->","yoast_head_json":{"title":"T\u00e4tigkeitsbereiche - Claravision","robots":{"index":"index","follow":"follow","max-snippet":"max-snippet:-1","max-image-preview":"max-image-preview:large","max-video-preview":"max-video-preview:-1"},"canonical":"https:\/\/www.claravision.com\/de\/taetigkeitsbereichedomaines-dactivites\/","og_locale":"de_DE","og_type":"article","og_title":"T\u00e4tigkeitsbereiche","og_url":"https:\/\/www.claravision.com\/de\/taetigkeitsbereichedomaines-dactivites\/","og_site_name":"Claravision","article_modified_time":"2026-04-27T14:16:17+00:00","twitter_card":"summary_large_image","schema":{"@context":"https:\/\/schema.org","@graph":[{"@type":"WebPage","@id":"https:\/\/www.claravision.com\/de\/taetigkeitsbereichedomaines-dactivites\/","url":"https:\/\/www.claravision.com\/de\/taetigkeitsbereichedomaines-dactivites\/","name":"T\u00e4tigkeitsbereiche - Claravision","isPartOf":{"@id":"https:\/\/www.claravision.com\/de\/#website"},"datePublished":"2019-04-29T07:31:17+00:00","dateModified":"2026-04-27T14:16:17+00:00","breadcrumb":{"@id":"https:\/\/www.claravision.com\/de\/taetigkeitsbereichedomaines-dactivites\/#breadcrumb"},"inLanguage":"de-DE","potentialAction":[{"@type":"ReadAction","target":["https:\/\/www.claravision.com\/de\/taetigkeitsbereichedomaines-dactivites\/"]}]},{"@type":"BreadcrumbList","@id":"https:\/\/www.claravision.com\/de\/taetigkeitsbereichedomaines-dactivites\/#breadcrumb","itemListElement":[{"@type":"ListItem","position":1,"name":"Startseite","item":"https:\/\/www.claravision.com\/de\/"},{"@type":"ListItem","position":2,"name":"T\u00e4tigkeitsbereiche"}]},{"@type":"WebSite","@id":"https:\/\/www.claravision.com\/de\/#website","url":"https:\/\/www.claravision.com\/de\/","name":"Claravision","description":"Logiciels et solutions d&#039;analyse d&#039;images","publisher":{"@id":"https:\/\/www.claravision.com\/de\/#organization"},"potentialAction":[{"@type":"SearchAction","target":{"@type":"EntryPoint","urlTemplate":"https:\/\/www.claravision.com\/de\/?s={search_term_string}"},"query-input":{"@type":"PropertyValueSpecification","valueRequired":true,"valueName":"search_term_string"}}],"inLanguage":"de-DE"},{"@type":"Organization","@id":"https:\/\/www.claravision.com\/de\/#organization","name":"Claravision","url":"https:\/\/www.claravision.com\/de\/","logo":{"@type":"ImageObject","inLanguage":"de-DE","@id":"https:\/\/www.claravision.com\/de\/#\/schema\/logo\/image\/","url":"https:\/\/www.claravision.com\/w2020\/wp-content\/uploads\/2021\/12\/logo-claravision.png","contentUrl":"https:\/\/www.claravision.com\/w2020\/wp-content\/uploads\/2021\/12\/logo-claravision.png","width":124,"height":124,"caption":"Claravision"},"image":{"@id":"https:\/\/www.claravision.com\/de\/#\/schema\/logo\/image\/"},"sameAs":["https:\/\/www.linkedin.com\/company\/claravision\/","https:\/\/www.youtube.com\/channel\/UCgfTotdIXpHE6jHh29gYUnw"],"description":"Clara Vision est une soci\u00e9t\u00e9 fran\u00e7aise fond\u00e9e en 1994 sp\u00e9cialis\u00e9e dans l\u2019imagerie scientifique et industrielle. Depuis 30 ans, Clara Vision con\u00e7oit et d\u00e9veloppe des logiciels d\u2019acquisition et d\u2019analyse d\u2019images d\u00e9di\u00e9s principalement au contr\u00f4le qualit\u00e9 et \u00e0 la recherche.","email":"info@claravision.com","telephone":"0169860130","legalName":"CLARA VISION SAS","foundingDate":"1994-12-29","vatID":"FR29399379593","taxID":"39937959300060","iso6523Code":"399379593","numberOfEmployees":{"@type":"QuantitativeValue","minValue":"1","maxValue":"10"},"address":{"@type":"PostalAddress","streetAddress":"2 ROUTE DE GISY PARC BUROSPACE","addressLocality":"BIEVRES","postalCode":"91570","addressCountry":"FR"}}]}},"_links":{"self":[{"href":"https:\/\/www.claravision.com\/de\/wp-json\/wp\/v2\/pages\/10914","targetHints":{"allow":["GET"]}}],"collection":[{"href":"https:\/\/www.claravision.com\/de\/wp-json\/wp\/v2\/pages"}],"about":[{"href":"https:\/\/www.claravision.com\/de\/wp-json\/wp\/v2\/types\/page"}],"author":[{"embeddable":true,"href":"https:\/\/www.claravision.com\/de\/wp-json\/wp\/v2\/users\/1"}],"replies":[{"embeddable":true,"href":"https:\/\/www.claravision.com\/de\/wp-json\/wp\/v2\/comments?post=10914"}],"version-history":[{"count":5,"href":"https:\/\/www.claravision.com\/de\/wp-json\/wp\/v2\/pages\/10914\/revisions"}],"predecessor-version":[{"id":10922,"href":"https:\/\/www.claravision.com\/de\/wp-json\/wp\/v2\/pages\/10914\/revisions\/10922"}],"wp:attachment":[{"href":"https:\/\/www.claravision.com\/de\/wp-json\/wp\/v2\/media?parent=10914"}],"curies":[{"name":"wp","href":"https:\/\/api.w.org\/{rel}","templated":true}]}}