{"id":2803,"date":"2021-06-25T10:45:53","date_gmt":"2021-06-25T08:45:53","guid":{"rendered":"https:\/\/www.claravision.com\/landing-page\/"},"modified":"2024-02-19T07:23:06","modified_gmt":"2024-02-19T06:23:06","slug":"landing-page","status":"publish","type":"page","link":"https:\/\/www.claravision.com\/de\/landing-page\/","title":{"rendered":"Landingpage"},"content":{"rendered":"<p>Clara Vision wurde 1994 gegr\u00fcndet und ist ein franz\u00f6sisches Unternehmen, das sich auf wissenschaftliche und industrielle Bildverarbeitung spezialisiert hat. Es befindet sich im &#8220;Tal der Optik&#8221;, 15 km s\u00fcdwestlich des Pariser Stadtzentrums.<\/p>\n<p>Seit \u00fcber 25 Jahren konzipieren und entwickeln wir unsere Bildaufnahme- und Analysesoftware. Diese sind haupts\u00e4chlich der Qualit\u00e4tskontrolle und der Forschung gewidmet.<\/p>\n<p>Unser Produktkatalog ist vollst\u00e4ndig: von der einfachsten Kamera f\u00fcr die optische Mikroskopie bis hin zu komplexen Imaging-Stationen helfen wir Ihnen, die am besten f\u00fcr Ihre Bed\u00fcrfnisse geeignete Ausr\u00fcstung zu finden.<\/p>\n<p>Clara Vision verf\u00fcgt \u00fcber ein Netzwerk von engagierten Vertriebspartnern in Frankreich sowie im Ausland.<\/p>\n<h1>Clara Vision Brosch\u00fcre:<\/h1>\n<p>Hier finden Sie alle unsere Bildgebungsl\u00f6sungen f\u00fcr die Mikroskopie: Kameras f\u00fcr Mikroskope, Software f\u00fcr Metallografie, Messung und Kontrolle von Schwei\u00dfn\u00e4hten&#8230;.<\/p>\n<p><a href=\"https:\/\/www.claravision.com\/w2020\/wp-content\/uploads\/2021\/06\/Claravision-ALLEMAND.pdf\" target=\"_blank\" rel=\"noopener\">Brosch\u00fcre herunterladen<\/a><br \/>\n<a href=\"https:\/\/www.claravision.com\/w2020\/wp-content\/uploads\/2021\/06\/Claravision-ALLEMAND.pdf\"><br \/>\n<img loading=\"lazy\" decoding=\"async\" src=\"https:\/\/www.claravision.com\/w2020\/wp-content\/uploads\/2021\/06\/claravision-broschure-de.jpg\" sizes=\"auto, (max-width: 300px) 100vw, 300px\" srcset=\"https:\/\/www.claravision.com\/w2020\/wp-content\/uploads\/2021\/06\/claravision-broschure-de.jpg 300w, https:\/\/www.claravision.com\/w2020\/wp-content\/uploads\/2021\/06\/claravision-broschure-de-212x300.jpg 212w\" alt=\"\" width=\"300\" height=\"424\" \/> <\/a><\/p>\n<h1>TroublePad Brosch\u00fcre:<\/h1>\n<h3>Ein schnelles und lernf\u00e4higes Bildverarbeitungs-Kamerasystem<\/h3>\n<p>TroublePad ist ein Hochgeschwindigkeitskamerasystem, das die Identifizierung von Optimierungsstellen in Ihrer Produktionslinie erm\u00f6glicht.<\/p>\n<p>Es kann Ihr bestehendes Bildverarbeitungssystem erg\u00e4nzen. Einfach und intuitiv zu bedienen, haben wir ein ultraportables<\/p>\n<p><a href=\"https:\/\/www.claravision.com\/w2020\/wp-content\/uploads\/2021\/06\/Brochure-Troublepad-DE.pdf\" target=\"_blank\" rel=\"noopener\">Brosch\u00fcre herunterladen<\/a><\/p>\n<p>Hochgeschwindigkeitskamerager\u00e4t f\u00fcr die industrielle Wartung geschaffen.<\/p>\n<p>Es erm\u00f6glicht Ihnen, Anomalien und Defekte an Ihrer Produktionslinie und Ihren Hochgeschwindigkeitsger\u00e4ten zu diagnostizieren und zu verstehen.<\/p>\n<p>Das TroublePad ist f\u00fcr Industrien konzipiert, die Produktionslinien verwalten, wie z. B. die Lebensmittel-, Kosmetik-, Verpackungs- oder Pharmaindustrie usw.<\/p>\n<p><a href=\"https:\/\/www.claravision.com\/w2020\/wp-content\/uploads\/2021\/06\/Brochure-Troublepad-DE.pdf\"><br \/>\n<img loading=\"lazy\" decoding=\"async\" src=\"https:\/\/www.claravision.com\/w2020\/wp-content\/uploads\/2021\/06\/claravision-troublepad-broschure-de.jpg\" sizes=\"auto, (max-width: 300px) 100vw, 300px\" srcset=\"https:\/\/www.claravision.com\/w2020\/wp-content\/uploads\/2021\/06\/claravision-troublepad-broschure-de.jpg 300w, https:\/\/www.claravision.com\/w2020\/wp-content\/uploads\/2021\/06\/claravision-troublepad-broschure-de-212x300.jpg 212w\" alt=\"\" width=\"300\" height=\"424\" \/> <\/a><\/p>\n","protected":false},"excerpt":{"rendered":"<p>Clara Vision wurde 1994 gegr\u00fcndet und ist ein franz\u00f6sisches Unternehmen, das sich auf wissenschaftliche und industrielle Bildverarbeitung spezialisiert hat. Es befindet sich im &#8220;Tal der Optik&#8221;, 15 km s\u00fcdwestlich des Pariser Stadtzentrums. Seit \u00fcber 25 Jahren konzipieren und entwickeln wir unsere Bildaufnahme- und Analysesoftware. Diese sind haupts\u00e4chlich der Qualit\u00e4tskontrolle und der Forschung gewidmet. Unser Produktkatalog [&hellip;]<\/p>\n","protected":false},"author":1,"featured_media":0,"parent":0,"menu_order":0,"comment_status":"closed","ping_status":"closed","template":"","meta":{"_acf_changed":false,"footnotes":""},"class_list":["post-2803","page","type-page","status-publish","hentry"],"acf":[],"yoast_head":"<!-- This site is optimized with the Yoast SEO Premium plugin v27.4 (Yoast SEO v27.4) - https:\/\/yoast.com\/product\/yoast-seo-premium-wordpress\/ -->\n<title>Landingpage - Claravision<\/title>\n<meta name=\"robots\" content=\"index, follow, max-snippet:-1, max-image-preview:large, max-video-preview:-1\" \/>\n<link rel=\"canonical\" href=\"https:\/\/www.claravision.com\/de\/landing-page\/\" \/>\n<meta property=\"og:locale\" content=\"de_DE\" \/>\n<meta property=\"og:type\" content=\"article\" \/>\n<meta property=\"og:title\" content=\"Landingpage\" \/>\n<meta property=\"og:description\" content=\"Clara Vision wurde 1994 gegr\u00fcndet und ist ein franz\u00f6sisches Unternehmen, das sich auf wissenschaftliche und industrielle Bildverarbeitung spezialisiert hat. Es befindet sich im &#8220;Tal der Optik&#8221;, 15 km s\u00fcdwestlich des Pariser Stadtzentrums. Seit \u00fcber 25 Jahren konzipieren und entwickeln wir unsere Bildaufnahme- und Analysesoftware. Diese sind haupts\u00e4chlich der Qualit\u00e4tskontrolle und der Forschung gewidmet. Unser Produktkatalog [&hellip;]\" \/>\n<meta property=\"og:url\" content=\"https:\/\/www.claravision.com\/de\/landing-page\/\" \/>\n<meta property=\"og:site_name\" content=\"Claravision\" \/>\n<meta property=\"article:modified_time\" content=\"2024-02-19T06:23:06+00:00\" \/>\n<meta property=\"og:image\" content=\"https:\/\/www.claravision.com\/w2020\/wp-content\/uploads\/2021\/06\/claravision-broschure-de.jpg\" \/>\n<meta name=\"twitter:card\" content=\"summary_large_image\" \/>\n<meta name=\"twitter:label1\" content=\"Est. reading time\" \/>\n\t<meta name=\"twitter:data1\" content=\"2 minutes\" \/>\n<script type=\"application\/ld+json\" class=\"yoast-schema-graph\">{\"@context\":\"https:\\\/\\\/schema.org\",\"@graph\":[{\"@type\":\"WebPage\",\"@id\":\"https:\\\/\\\/www.claravision.com\\\/de\\\/landing-page\\\/\",\"url\":\"https:\\\/\\\/www.claravision.com\\\/de\\\/landing-page\\\/\",\"name\":\"Landingpage - Claravision\",\"isPartOf\":{\"@id\":\"https:\\\/\\\/www.claravision.com\\\/de\\\/#website\"},\"primaryImageOfPage\":{\"@id\":\"https:\\\/\\\/www.claravision.com\\\/de\\\/landing-page\\\/#primaryimage\"},\"image\":{\"@id\":\"https:\\\/\\\/www.claravision.com\\\/de\\\/landing-page\\\/#primaryimage\"},\"thumbnailUrl\":\"https:\\\/\\\/www.claravision.com\\\/w2020\\\/wp-content\\\/uploads\\\/2021\\\/06\\\/claravision-broschure-de.jpg\",\"datePublished\":\"2021-06-25T08:45:53+00:00\",\"dateModified\":\"2024-02-19T06:23:06+00:00\",\"breadcrumb\":{\"@id\":\"https:\\\/\\\/www.claravision.com\\\/de\\\/landing-page\\\/#breadcrumb\"},\"inLanguage\":\"de-DE\",\"potentialAction\":[{\"@type\":\"ReadAction\",\"target\":[\"https:\\\/\\\/www.claravision.com\\\/de\\\/landing-page\\\/\"]}]},{\"@type\":\"ImageObject\",\"inLanguage\":\"de-DE\",\"@id\":\"https:\\\/\\\/www.claravision.com\\\/de\\\/landing-page\\\/#primaryimage\",\"url\":\"https:\\\/\\\/www.claravision.com\\\/w2020\\\/wp-content\\\/uploads\\\/2021\\\/06\\\/claravision-broschure-de.jpg\",\"contentUrl\":\"https:\\\/\\\/www.claravision.com\\\/w2020\\\/wp-content\\\/uploads\\\/2021\\\/06\\\/claravision-broschure-de.jpg\"},{\"@type\":\"BreadcrumbList\",\"@id\":\"https:\\\/\\\/www.claravision.com\\\/de\\\/landing-page\\\/#breadcrumb\",\"itemListElement\":[{\"@type\":\"ListItem\",\"position\":1,\"name\":\"Startseite\",\"item\":\"https:\\\/\\\/www.claravision.com\\\/de\\\/\"},{\"@type\":\"ListItem\",\"position\":2,\"name\":\"Landingpage\"}]},{\"@type\":\"WebSite\",\"@id\":\"https:\\\/\\\/www.claravision.com\\\/de\\\/#website\",\"url\":\"https:\\\/\\\/www.claravision.com\\\/de\\\/\",\"name\":\"Claravision\",\"description\":\"Logiciels et solutions d&#039;analyse d&#039;images\",\"publisher\":{\"@id\":\"https:\\\/\\\/www.claravision.com\\\/de\\\/#organization\"},\"potentialAction\":[{\"@type\":\"SearchAction\",\"target\":{\"@type\":\"EntryPoint\",\"urlTemplate\":\"https:\\\/\\\/www.claravision.com\\\/de\\\/?s={search_term_string}\"},\"query-input\":{\"@type\":\"PropertyValueSpecification\",\"valueRequired\":true,\"valueName\":\"search_term_string\"}}],\"inLanguage\":\"de-DE\"},{\"@type\":\"Organization\",\"@id\":\"https:\\\/\\\/www.claravision.com\\\/de\\\/#organization\",\"name\":\"Claravision\",\"url\":\"https:\\\/\\\/www.claravision.com\\\/de\\\/\",\"logo\":{\"@type\":\"ImageObject\",\"inLanguage\":\"de-DE\",\"@id\":\"https:\\\/\\\/www.claravision.com\\\/de\\\/#\\\/schema\\\/logo\\\/image\\\/\",\"url\":\"https:\\\/\\\/www.claravision.com\\\/w2020\\\/wp-content\\\/uploads\\\/2021\\\/12\\\/logo-claravision.png\",\"contentUrl\":\"https:\\\/\\\/www.claravision.com\\\/w2020\\\/wp-content\\\/uploads\\\/2021\\\/12\\\/logo-claravision.png\",\"width\":124,\"height\":124,\"caption\":\"Claravision\"},\"image\":{\"@id\":\"https:\\\/\\\/www.claravision.com\\\/de\\\/#\\\/schema\\\/logo\\\/image\\\/\"},\"sameAs\":[\"https:\\\/\\\/www.linkedin.com\\\/company\\\/claravision\\\/\",\"https:\\\/\\\/www.youtube.com\\\/channel\\\/UCgfTotdIXpHE6jHh29gYUnw\"],\"description\":\"Clara Vision est une soci\u00e9t\u00e9 fran\u00e7aise fond\u00e9e en 1994 sp\u00e9cialis\u00e9e dans l\u2019imagerie scientifique et industrielle. Depuis 30 ans, Clara Vision con\u00e7oit et d\u00e9veloppe des logiciels d\u2019acquisition et d\u2019analyse d\u2019images d\u00e9di\u00e9s principalement au contr\u00f4le qualit\u00e9 et \u00e0 la recherche.\",\"email\":\"info@claravision.com\",\"telephone\":\"0169860130\",\"legalName\":\"CLARA VISION SAS\",\"foundingDate\":\"1994-12-29\",\"vatID\":\"FR29399379593\",\"taxID\":\"39937959300060\",\"iso6523Code\":\"399379593\",\"numberOfEmployees\":{\"@type\":\"QuantitativeValue\",\"minValue\":\"1\",\"maxValue\":\"10\"},\"address\":{\"@type\":\"PostalAddress\",\"streetAddress\":\"2 ROUTE DE GISY PARC BUROSPACE\",\"addressLocality\":\"BIEVRES\",\"postalCode\":\"91570\",\"addressCountry\":\"FR\"}}]}<\/script>\n<!-- \/ Yoast SEO Premium plugin. -->","yoast_head_json":{"title":"Landingpage - Claravision","robots":{"index":"index","follow":"follow","max-snippet":"max-snippet:-1","max-image-preview":"max-image-preview:large","max-video-preview":"max-video-preview:-1"},"canonical":"https:\/\/www.claravision.com\/de\/landing-page\/","og_locale":"de_DE","og_type":"article","og_title":"Landingpage","og_description":"Clara Vision wurde 1994 gegr\u00fcndet und ist ein franz\u00f6sisches Unternehmen, das sich auf wissenschaftliche und industrielle Bildverarbeitung spezialisiert hat. Es befindet sich im &#8220;Tal der Optik&#8221;, 15 km s\u00fcdwestlich des Pariser Stadtzentrums. Seit \u00fcber 25 Jahren konzipieren und entwickeln wir unsere Bildaufnahme- und Analysesoftware. Diese sind haupts\u00e4chlich der Qualit\u00e4tskontrolle und der Forschung gewidmet. Unser Produktkatalog [&hellip;]","og_url":"https:\/\/www.claravision.com\/de\/landing-page\/","og_site_name":"Claravision","article_modified_time":"2024-02-19T06:23:06+00:00","og_image":[{"url":"https:\/\/www.claravision.com\/w2020\/wp-content\/uploads\/2021\/06\/claravision-broschure-de.jpg","type":"","width":"","height":""}],"twitter_card":"summary_large_image","twitter_misc":{"Est. reading time":"2 minutes"},"schema":{"@context":"https:\/\/schema.org","@graph":[{"@type":"WebPage","@id":"https:\/\/www.claravision.com\/de\/landing-page\/","url":"https:\/\/www.claravision.com\/de\/landing-page\/","name":"Landingpage - Claravision","isPartOf":{"@id":"https:\/\/www.claravision.com\/de\/#website"},"primaryImageOfPage":{"@id":"https:\/\/www.claravision.com\/de\/landing-page\/#primaryimage"},"image":{"@id":"https:\/\/www.claravision.com\/de\/landing-page\/#primaryimage"},"thumbnailUrl":"https:\/\/www.claravision.com\/w2020\/wp-content\/uploads\/2021\/06\/claravision-broschure-de.jpg","datePublished":"2021-06-25T08:45:53+00:00","dateModified":"2024-02-19T06:23:06+00:00","breadcrumb":{"@id":"https:\/\/www.claravision.com\/de\/landing-page\/#breadcrumb"},"inLanguage":"de-DE","potentialAction":[{"@type":"ReadAction","target":["https:\/\/www.claravision.com\/de\/landing-page\/"]}]},{"@type":"ImageObject","inLanguage":"de-DE","@id":"https:\/\/www.claravision.com\/de\/landing-page\/#primaryimage","url":"https:\/\/www.claravision.com\/w2020\/wp-content\/uploads\/2021\/06\/claravision-broschure-de.jpg","contentUrl":"https:\/\/www.claravision.com\/w2020\/wp-content\/uploads\/2021\/06\/claravision-broschure-de.jpg"},{"@type":"BreadcrumbList","@id":"https:\/\/www.claravision.com\/de\/landing-page\/#breadcrumb","itemListElement":[{"@type":"ListItem","position":1,"name":"Startseite","item":"https:\/\/www.claravision.com\/de\/"},{"@type":"ListItem","position":2,"name":"Landingpage"}]},{"@type":"WebSite","@id":"https:\/\/www.claravision.com\/de\/#website","url":"https:\/\/www.claravision.com\/de\/","name":"Claravision","description":"Logiciels et solutions d&#039;analyse d&#039;images","publisher":{"@id":"https:\/\/www.claravision.com\/de\/#organization"},"potentialAction":[{"@type":"SearchAction","target":{"@type":"EntryPoint","urlTemplate":"https:\/\/www.claravision.com\/de\/?s={search_term_string}"},"query-input":{"@type":"PropertyValueSpecification","valueRequired":true,"valueName":"search_term_string"}}],"inLanguage":"de-DE"},{"@type":"Organization","@id":"https:\/\/www.claravision.com\/de\/#organization","name":"Claravision","url":"https:\/\/www.claravision.com\/de\/","logo":{"@type":"ImageObject","inLanguage":"de-DE","@id":"https:\/\/www.claravision.com\/de\/#\/schema\/logo\/image\/","url":"https:\/\/www.claravision.com\/w2020\/wp-content\/uploads\/2021\/12\/logo-claravision.png","contentUrl":"https:\/\/www.claravision.com\/w2020\/wp-content\/uploads\/2021\/12\/logo-claravision.png","width":124,"height":124,"caption":"Claravision"},"image":{"@id":"https:\/\/www.claravision.com\/de\/#\/schema\/logo\/image\/"},"sameAs":["https:\/\/www.linkedin.com\/company\/claravision\/","https:\/\/www.youtube.com\/channel\/UCgfTotdIXpHE6jHh29gYUnw"],"description":"Clara Vision est une soci\u00e9t\u00e9 fran\u00e7aise fond\u00e9e en 1994 sp\u00e9cialis\u00e9e dans l\u2019imagerie scientifique et industrielle. Depuis 30 ans, Clara Vision con\u00e7oit et d\u00e9veloppe des logiciels d\u2019acquisition et d\u2019analyse d\u2019images d\u00e9di\u00e9s principalement au contr\u00f4le qualit\u00e9 et \u00e0 la recherche.","email":"info@claravision.com","telephone":"0169860130","legalName":"CLARA VISION SAS","foundingDate":"1994-12-29","vatID":"FR29399379593","taxID":"39937959300060","iso6523Code":"399379593","numberOfEmployees":{"@type":"QuantitativeValue","minValue":"1","maxValue":"10"},"address":{"@type":"PostalAddress","streetAddress":"2 ROUTE DE GISY PARC BUROSPACE","addressLocality":"BIEVRES","postalCode":"91570","addressCountry":"FR"}}]}},"_links":{"self":[{"href":"https:\/\/www.claravision.com\/de\/wp-json\/wp\/v2\/pages\/2803","targetHints":{"allow":["GET"]}}],"collection":[{"href":"https:\/\/www.claravision.com\/de\/wp-json\/wp\/v2\/pages"}],"about":[{"href":"https:\/\/www.claravision.com\/de\/wp-json\/wp\/v2\/types\/page"}],"author":[{"embeddable":true,"href":"https:\/\/www.claravision.com\/de\/wp-json\/wp\/v2\/users\/1"}],"replies":[{"embeddable":true,"href":"https:\/\/www.claravision.com\/de\/wp-json\/wp\/v2\/comments?post=2803"}],"version-history":[{"count":27,"href":"https:\/\/www.claravision.com\/de\/wp-json\/wp\/v2\/pages\/2803\/revisions"}],"predecessor-version":[{"id":6754,"href":"https:\/\/www.claravision.com\/de\/wp-json\/wp\/v2\/pages\/2803\/revisions\/6754"}],"wp:attachment":[{"href":"https:\/\/www.claravision.com\/de\/wp-json\/wp\/v2\/media?parent=2803"}],"curies":[{"name":"wp","href":"https:\/\/api.w.org\/{rel}","templated":true}]}}