{"id":126,"date":"2019-03-21T09:39:03","date_gmt":"2019-03-21T08:39:03","guid":{"rendered":"https:\/\/www.claravision.com\/accueil\/"},"modified":"2024-01-23T09:19:35","modified_gmt":"2024-01-23T08:19:35","slug":"home","status":"publish","type":"page","link":"https:\/\/www.claravision.com\/en\/","title":{"rendered":"Imaging solutions for quality control and industry"},"content":{"rendered":"\r\n<h2 class=\"has-text-align-center intro\"><strong>CLARA VISION<\/strong> develops and distributes image acquisition and analysis software dedicated mainly to quality control and research.<\/h2>\r\n","protected":false},"excerpt":{"rendered":"<p>CLARA VISION develops and distributes image acquisition and analysis software dedicated mainly to quality control and research.<\/p>\n","protected":false},"author":1,"featured_media":6696,"parent":0,"menu_order":0,"comment_status":"closed","ping_status":"open","template":"","meta":{"_acf_changed":false,"footnotes":""},"class_list":["post-126","page","type-page","status-publish","has-post-thumbnail","hentry"],"acf":[],"yoast_head":"<!-- This site is optimized with the Yoast SEO Premium plugin v27.4 (Yoast SEO v27.4) - https:\/\/yoast.com\/product\/yoast-seo-premium-wordpress\/ -->\n<title>Imaging solutions for quality control and industry - Claravision<\/title>\n<meta name=\"robots\" content=\"index, follow, max-snippet:-1, max-image-preview:large, max-video-preview:-1\" \/>\n<link rel=\"canonical\" href=\"https:\/\/www.claravision.com\/en\/\" \/>\n<meta property=\"og:locale\" content=\"en_US\" \/>\n<meta property=\"og:type\" content=\"article\" \/>\n<meta property=\"og:title\" content=\"Imaging solutions for quality control and industry\" \/>\n<meta property=\"og:description\" content=\"CLARA VISION develops and distributes image acquisition and analysis software dedicated mainly to quality control and research.\" \/>\n<meta property=\"og:url\" content=\"https:\/\/www.claravision.com\/en\/\" \/>\n<meta property=\"og:site_name\" content=\"Claravision\" \/>\n<meta property=\"article:modified_time\" content=\"2024-01-23T08:19:35+00:00\" \/>\n<meta property=\"og:image\" content=\"https:\/\/www.claravision.com\/w2020\/wp-content\/uploads\/2024\/01\/banderole-claravision.jpeg\" \/>\n\t<meta property=\"og:image:width\" content=\"1902\" \/>\n\t<meta property=\"og:image:height\" content=\"398\" \/>\n\t<meta property=\"og:image:type\" content=\"image\/jpeg\" \/>\n<meta name=\"twitter:card\" content=\"summary_large_image\" \/>\n<meta name=\"twitter:label1\" content=\"Est. reading time\" \/>\n\t<meta name=\"twitter:data1\" content=\"1 minute\" \/>\n<script type=\"application\/ld+json\" class=\"yoast-schema-graph\">{\"@context\":\"https:\\\/\\\/schema.org\",\"@graph\":[{\"@type\":\"WebPage\",\"@id\":\"https:\\\/\\\/www.claravision.com\\\/en\\\/\",\"url\":\"https:\\\/\\\/www.claravision.com\\\/en\\\/\",\"name\":\"Imaging solutions for quality control and industry - Claravision\",\"isPartOf\":{\"@id\":\"https:\\\/\\\/www.claravision.com\\\/en\\\/#website\"},\"primaryImageOfPage\":{\"@id\":\"https:\\\/\\\/www.claravision.com\\\/en\\\/#primaryimage\"},\"image\":{\"@id\":\"https:\\\/\\\/www.claravision.com\\\/en\\\/#primaryimage\"},\"thumbnailUrl\":\"https:\\\/\\\/www.claravision.com\\\/w2020\\\/wp-content\\\/uploads\\\/2024\\\/01\\\/banderole-claravision.jpeg\",\"datePublished\":\"2019-03-21T08:39:03+00:00\",\"dateModified\":\"2024-01-23T08:19:35+00:00\",\"breadcrumb\":{\"@id\":\"https:\\\/\\\/www.claravision.com\\\/en\\\/#breadcrumb\"},\"inLanguage\":\"en-US\",\"potentialAction\":[{\"@type\":\"ReadAction\",\"target\":[\"https:\\\/\\\/www.claravision.com\\\/en\\\/\"]}]},{\"@type\":\"ImageObject\",\"inLanguage\":\"en-US\",\"@id\":\"https:\\\/\\\/www.claravision.com\\\/en\\\/#primaryimage\",\"url\":\"https:\\\/\\\/www.claravision.com\\\/w2020\\\/wp-content\\\/uploads\\\/2024\\\/01\\\/banderole-claravision.jpeg\",\"contentUrl\":\"https:\\\/\\\/www.claravision.com\\\/w2020\\\/wp-content\\\/uploads\\\/2024\\\/01\\\/banderole-claravision.jpeg\",\"width\":1902,\"height\":398,\"caption\":\"CLARA VJSON ist ein f\u00fchrender Anbieter von Softwarel\u00f6sungen zur Schweissnahtkontrolle auch via Mikroskop, sowie von Hochg...\"},{\"@type\":\"BreadcrumbList\",\"@id\":\"https:\\\/\\\/www.claravision.com\\\/en\\\/#breadcrumb\",\"itemListElement\":[{\"@type\":\"ListItem\",\"position\":1,\"name\":\"Home\",\"item\":\"https:\\\/\\\/www.claravision.com\\\/en\\\/\"},{\"@type\":\"ListItem\",\"position\":2,\"name\":\"Imaging solutions for quality control and industry\"}]},{\"@type\":\"WebSite\",\"@id\":\"https:\\\/\\\/www.claravision.com\\\/en\\\/#website\",\"url\":\"https:\\\/\\\/www.claravision.com\\\/en\\\/\",\"name\":\"Claravision\",\"description\":\"Logiciels et solutions d&#039;analyse d&#039;images\",\"publisher\":{\"@id\":\"https:\\\/\\\/www.claravision.com\\\/en\\\/#organization\"},\"potentialAction\":[{\"@type\":\"SearchAction\",\"target\":{\"@type\":\"EntryPoint\",\"urlTemplate\":\"https:\\\/\\\/www.claravision.com\\\/en\\\/?s={search_term_string}\"},\"query-input\":{\"@type\":\"PropertyValueSpecification\",\"valueRequired\":true,\"valueName\":\"search_term_string\"}}],\"inLanguage\":\"en-US\"},{\"@type\":\"Organization\",\"@id\":\"https:\\\/\\\/www.claravision.com\\\/en\\\/#organization\",\"name\":\"Claravision\",\"url\":\"https:\\\/\\\/www.claravision.com\\\/en\\\/\",\"logo\":{\"@type\":\"ImageObject\",\"inLanguage\":\"en-US\",\"@id\":\"https:\\\/\\\/www.claravision.com\\\/en\\\/#\\\/schema\\\/logo\\\/image\\\/\",\"url\":\"https:\\\/\\\/www.claravision.com\\\/w2020\\\/wp-content\\\/uploads\\\/2021\\\/12\\\/logo-claravision.png\",\"contentUrl\":\"https:\\\/\\\/www.claravision.com\\\/w2020\\\/wp-content\\\/uploads\\\/2021\\\/12\\\/logo-claravision.png\",\"width\":124,\"height\":124,\"caption\":\"Claravision\"},\"image\":{\"@id\":\"https:\\\/\\\/www.claravision.com\\\/en\\\/#\\\/schema\\\/logo\\\/image\\\/\"},\"sameAs\":[\"https:\\\/\\\/www.linkedin.com\\\/company\\\/claravision\\\/\",\"https:\\\/\\\/www.youtube.com\\\/channel\\\/UCgfTotdIXpHE6jHh29gYUnw\"],\"description\":\"Clara Vision est une soci\u00e9t\u00e9 fran\u00e7aise fond\u00e9e en 1994 sp\u00e9cialis\u00e9e dans l\u2019imagerie scientifique et industrielle. Depuis 30 ans, Clara Vision con\u00e7oit et d\u00e9veloppe des logiciels d\u2019acquisition et d\u2019analyse d\u2019images d\u00e9di\u00e9s principalement au contr\u00f4le qualit\u00e9 et \u00e0 la recherche.\",\"email\":\"info@claravision.com\",\"telephone\":\"0169860130\",\"legalName\":\"CLARA VISION SAS\",\"foundingDate\":\"1994-12-29\",\"vatID\":\"FR29399379593\",\"taxID\":\"39937959300060\",\"iso6523Code\":\"399379593\",\"numberOfEmployees\":{\"@type\":\"QuantitativeValue\",\"minValue\":\"1\",\"maxValue\":\"10\"},\"address\":{\"@type\":\"PostalAddress\",\"streetAddress\":\"2 ROUTE DE GISY PARC BUROSPACE\",\"addressLocality\":\"BIEVRES\",\"postalCode\":\"91570\",\"addressCountry\":\"FR\"}}]}<\/script>\n<!-- \/ Yoast SEO Premium plugin. -->","yoast_head_json":{"title":"Imaging solutions for quality control and industry - Claravision","robots":{"index":"index","follow":"follow","max-snippet":"max-snippet:-1","max-image-preview":"max-image-preview:large","max-video-preview":"max-video-preview:-1"},"canonical":"https:\/\/www.claravision.com\/en\/","og_locale":"en_US","og_type":"article","og_title":"Imaging solutions for quality control and industry","og_description":"CLARA VISION develops and distributes image acquisition and analysis software dedicated mainly to quality control and research.","og_url":"https:\/\/www.claravision.com\/en\/","og_site_name":"Claravision","article_modified_time":"2024-01-23T08:19:35+00:00","og_image":[{"width":1902,"height":398,"url":"https:\/\/www.claravision.com\/w2020\/wp-content\/uploads\/2024\/01\/banderole-claravision.jpeg","type":"image\/jpeg"}],"twitter_card":"summary_large_image","twitter_misc":{"Est. reading time":"1 minute"},"schema":{"@context":"https:\/\/schema.org","@graph":[{"@type":"WebPage","@id":"https:\/\/www.claravision.com\/en\/","url":"https:\/\/www.claravision.com\/en\/","name":"Imaging solutions for quality control and industry - Claravision","isPartOf":{"@id":"https:\/\/www.claravision.com\/en\/#website"},"primaryImageOfPage":{"@id":"https:\/\/www.claravision.com\/en\/#primaryimage"},"image":{"@id":"https:\/\/www.claravision.com\/en\/#primaryimage"},"thumbnailUrl":"https:\/\/www.claravision.com\/w2020\/wp-content\/uploads\/2024\/01\/banderole-claravision.jpeg","datePublished":"2019-03-21T08:39:03+00:00","dateModified":"2024-01-23T08:19:35+00:00","breadcrumb":{"@id":"https:\/\/www.claravision.com\/en\/#breadcrumb"},"inLanguage":"en-US","potentialAction":[{"@type":"ReadAction","target":["https:\/\/www.claravision.com\/en\/"]}]},{"@type":"ImageObject","inLanguage":"en-US","@id":"https:\/\/www.claravision.com\/en\/#primaryimage","url":"https:\/\/www.claravision.com\/w2020\/wp-content\/uploads\/2024\/01\/banderole-claravision.jpeg","contentUrl":"https:\/\/www.claravision.com\/w2020\/wp-content\/uploads\/2024\/01\/banderole-claravision.jpeg","width":1902,"height":398,"caption":"CLARA VJSON ist ein f\u00fchrender Anbieter von Softwarel\u00f6sungen zur Schweissnahtkontrolle auch via Mikroskop, sowie von Hochg..."},{"@type":"BreadcrumbList","@id":"https:\/\/www.claravision.com\/en\/#breadcrumb","itemListElement":[{"@type":"ListItem","position":1,"name":"Home","item":"https:\/\/www.claravision.com\/en\/"},{"@type":"ListItem","position":2,"name":"Imaging solutions for quality control and industry"}]},{"@type":"WebSite","@id":"https:\/\/www.claravision.com\/en\/#website","url":"https:\/\/www.claravision.com\/en\/","name":"Claravision","description":"Logiciels et solutions d&#039;analyse d&#039;images","publisher":{"@id":"https:\/\/www.claravision.com\/en\/#organization"},"potentialAction":[{"@type":"SearchAction","target":{"@type":"EntryPoint","urlTemplate":"https:\/\/www.claravision.com\/en\/?s={search_term_string}"},"query-input":{"@type":"PropertyValueSpecification","valueRequired":true,"valueName":"search_term_string"}}],"inLanguage":"en-US"},{"@type":"Organization","@id":"https:\/\/www.claravision.com\/en\/#organization","name":"Claravision","url":"https:\/\/www.claravision.com\/en\/","logo":{"@type":"ImageObject","inLanguage":"en-US","@id":"https:\/\/www.claravision.com\/en\/#\/schema\/logo\/image\/","url":"https:\/\/www.claravision.com\/w2020\/wp-content\/uploads\/2021\/12\/logo-claravision.png","contentUrl":"https:\/\/www.claravision.com\/w2020\/wp-content\/uploads\/2021\/12\/logo-claravision.png","width":124,"height":124,"caption":"Claravision"},"image":{"@id":"https:\/\/www.claravision.com\/en\/#\/schema\/logo\/image\/"},"sameAs":["https:\/\/www.linkedin.com\/company\/claravision\/","https:\/\/www.youtube.com\/channel\/UCgfTotdIXpHE6jHh29gYUnw"],"description":"Clara Vision est une soci\u00e9t\u00e9 fran\u00e7aise fond\u00e9e en 1994 sp\u00e9cialis\u00e9e dans l\u2019imagerie scientifique et industrielle. Depuis 30 ans, Clara Vision con\u00e7oit et d\u00e9veloppe des logiciels d\u2019acquisition et d\u2019analyse d\u2019images d\u00e9di\u00e9s principalement au contr\u00f4le qualit\u00e9 et \u00e0 la recherche.","email":"info@claravision.com","telephone":"0169860130","legalName":"CLARA VISION SAS","foundingDate":"1994-12-29","vatID":"FR29399379593","taxID":"39937959300060","iso6523Code":"399379593","numberOfEmployees":{"@type":"QuantitativeValue","minValue":"1","maxValue":"10"},"address":{"@type":"PostalAddress","streetAddress":"2 ROUTE DE GISY PARC BUROSPACE","addressLocality":"BIEVRES","postalCode":"91570","addressCountry":"FR"}}]}},"_links":{"self":[{"href":"https:\/\/www.claravision.com\/en\/wp-json\/wp\/v2\/pages\/126","targetHints":{"allow":["GET"]}}],"collection":[{"href":"https:\/\/www.claravision.com\/en\/wp-json\/wp\/v2\/pages"}],"about":[{"href":"https:\/\/www.claravision.com\/en\/wp-json\/wp\/v2\/types\/page"}],"author":[{"embeddable":true,"href":"https:\/\/www.claravision.com\/en\/wp-json\/wp\/v2\/users\/1"}],"replies":[{"embeddable":true,"href":"https:\/\/www.claravision.com\/en\/wp-json\/wp\/v2\/comments?post=126"}],"version-history":[{"count":9,"href":"https:\/\/www.claravision.com\/en\/wp-json\/wp\/v2\/pages\/126\/revisions"}],"predecessor-version":[{"id":6712,"href":"https:\/\/www.claravision.com\/en\/wp-json\/wp\/v2\/pages\/126\/revisions\/6712"}],"wp:featuredmedia":[{"embeddable":true,"href":"https:\/\/www.claravision.com\/en\/wp-json\/wp\/v2\/media\/6696"}],"wp:attachment":[{"href":"https:\/\/www.claravision.com\/en\/wp-json\/wp\/v2\/media?parent=126"}],"curies":[{"name":"wp","href":"https:\/\/api.w.org\/{rel}","templated":true}]}}