{"id":649,"date":"2019-04-29T09:31:55","date_gmt":"2019-04-29T07:31:55","guid":{"rendered":"https:\/\/www.claravision.com\/products\/"},"modified":"2019-06-27T10:16:51","modified_gmt":"2019-06-27T08:16:51","slug":"products","status":"publish","type":"page","link":"https:\/\/www.claravision.com\/en\/products\/","title":{"rendered":"Products"},"content":{"rendered":"<div class=\"iscol col-3 clear\"><article class=\"item mgb4\">\n\t\t\t\t\t<a href=\"https:\/\/www.claravision.com\/en\/cat_produit\/cameras-en\/\" class=\"dis-b more-eye posrel tdn bor1 bor-grey\">\n\t\t\t\t\t\t<h2 class=\"itembef posrel h5 pd2 pdl5\">Cameras<\/h2>\n\t\t\t\t\t\t<img decoding=\"async\" class=\"dis-b w100\" alt=\"Camera pour microscope invers\u00e9\" src=\"https:\/\/www.claravision.com\/w2020\/wp-content\/uploads\/2019\/05\/camera-de-microscope-cv35-300x300.jpg\">\n\t\t\t\t\t<\/a>\n\t\t\t\t<\/article><article class=\"item mgb4\">\n\t\t\t\t\t<a href=\"https:\/\/www.claravision.com\/en\/cat_produit\/digital-microscopy\/\" class=\"dis-b more-eye posrel tdn bor1 bor-grey\">\n\t\t\t\t\t\t<h2 class=\"itembef posrel h5 pd2 pdl5\">Digital microscopy<\/h2>\n\t\t\t\t\t\t<img decoding=\"async\" class=\"dis-b w100\" alt=\"Microscope numerique OMNI dans le domaine electronique\" src=\"https:\/\/www.claravision.com\/w2020\/wp-content\/uploads\/2019\/06\/claravision-microscope-numerique-omni-electronique-1-300x300.jpg\">\n\t\t\t\t\t<\/a>\n\t\t\t\t<\/article><article class=\"item mgb4\">\n\t\t\t\t\t<a href=\"https:\/\/www.claravision.com\/en\/cat_produit\/fast-imaging\/\" class=\"dis-b more-eye posrel tdn bor1 bor-grey\">\n\t\t\t\t\t\t<h2 class=\"itembef posrel h5 pd2 pdl5\">High Speed Imaging<\/h2>\n\t\t\t\t\t\t<img decoding=\"async\" class=\"dis-b w100\" alt=\"TroublePad cam\u00e9ra rapide\" src=\"https:\/\/www.claravision.com\/w2020\/wp-content\/uploads\/2019\/05\/camera-rapide-troublepad-2-300x300.jpg\">\n\t\t\t\t\t<\/a>\n\t\t\t\t<\/article><article class=\"item mgb4\">\n\t\t\t\t\t<a href=\"https:\/\/www.claravision.com\/en\/cat_produit\/imaging-software\/\" class=\"dis-b more-eye posrel tdn bor1 bor-grey\">\n\t\t\t\t\t\t<h2 class=\"itembef posrel h5 pd2 pdl5\">Imaging software<\/h2>\n\t\t\t\t\t\t<img decoding=\"async\" class=\"dis-b w100\" alt=\"Logiciel Perfect Image pour analyse metallographique\" src=\"https:\/\/www.claravision.com\/w2020\/wp-content\/uploads\/2019\/06\/logiciel-analyse-metallographie-acquisition-image-300x300.jpg\">\n\t\t\t\t\t<\/a>\n\t\t\t\t<\/article><article class=\"item mgb4\">\n\t\t\t\t\t<a href=\"https:\/\/www.claravision.com\/en\/cat_produit\/imaging-station\/\" class=\"dis-b more-eye posrel tdn bor1 bor-grey\">\n\t\t\t\t\t\t<h2 class=\"itembef posrel h5 pd2 pdl5\">Imaging station<\/h2>\n\t\t\t\t\t\t<img decoding=\"async\" class=\"dis-b w100\" alt=\"Syst\u00e8me de contr\u00f4le de soudure\" src=\"https:\/\/www.claravision.com\/w2020\/wp-content\/uploads\/2019\/05\/Controle-de-soudure-final-300x300.jpg\">\n\t\t\t\t\t<\/a>\n\t\t\t\t<\/article><article class=\"item mgb4\">\n\t\t\t\t\t<a href=\"https:\/\/www.claravision.com\/en\/cat_produit\/optical-microscopy\/\" class=\"dis-b more-eye posrel tdn bor1 bor-grey\">\n\t\t\t\t\t\t<h2 class=\"itembef posrel h5 pd2 pdl5\">Optical microscopy<\/h2>\n\t\t\t\t\t\t<img decoding=\"async\" class=\"dis-b w100\" alt=\"Microscope de laboratoire en metallographie B-510MET\" src=\"https:\/\/www.claravision.com\/w2020\/wp-content\/uploads\/2019\/05\/microscope-metallographie-B-510MET-300x300.jpg\">\n\t\t\t\t\t<\/a>\n\t\t\t\t<\/article><\/div>\n","protected":false},"excerpt":{"rendered":"","protected":false},"author":1,"featured_media":0,"parent":0,"menu_order":0,"comment_status":"closed","ping_status":"closed","template":"","meta":{"_acf_changed":false,"footnotes":""},"class_list":["post-649","page","type-page","status-publish","hentry"],"acf":[],"yoast_head":"<!-- This site is optimized with the Yoast SEO Premium plugin v27.4 (Yoast SEO v27.4) - https:\/\/yoast.com\/product\/yoast-seo-premium-wordpress\/ -->\n<title>Products - Claravision<\/title>\n<meta name=\"robots\" content=\"index, follow, max-snippet:-1, max-image-preview:large, max-video-preview:-1\" \/>\n<link rel=\"canonical\" href=\"https:\/\/www.claravision.com\/en\/products\/\" \/>\n<meta property=\"og:locale\" content=\"en_US\" \/>\n<meta property=\"og:type\" content=\"article\" \/>\n<meta property=\"og:title\" content=\"Products\" \/>\n<meta property=\"og:url\" content=\"https:\/\/www.claravision.com\/en\/products\/\" \/>\n<meta property=\"og:site_name\" content=\"Claravision\" \/>\n<meta property=\"article:modified_time\" content=\"2019-06-27T08:16:51+00:00\" \/>\n<meta name=\"twitter:card\" content=\"summary_large_image\" \/>\n<script type=\"application\/ld+json\" class=\"yoast-schema-graph\">{\"@context\":\"https:\\\/\\\/schema.org\",\"@graph\":[{\"@type\":\"WebPage\",\"@id\":\"https:\\\/\\\/www.claravision.com\\\/en\\\/products\\\/\",\"url\":\"https:\\\/\\\/www.claravision.com\\\/en\\\/products\\\/\",\"name\":\"Products - Claravision\",\"isPartOf\":{\"@id\":\"https:\\\/\\\/www.claravision.com\\\/en\\\/#website\"},\"datePublished\":\"2019-04-29T07:31:55+00:00\",\"dateModified\":\"2019-06-27T08:16:51+00:00\",\"breadcrumb\":{\"@id\":\"https:\\\/\\\/www.claravision.com\\\/en\\\/products\\\/#breadcrumb\"},\"inLanguage\":\"en-US\",\"potentialAction\":[{\"@type\":\"ReadAction\",\"target\":[\"https:\\\/\\\/www.claravision.com\\\/en\\\/products\\\/\"]}]},{\"@type\":\"BreadcrumbList\",\"@id\":\"https:\\\/\\\/www.claravision.com\\\/en\\\/products\\\/#breadcrumb\",\"itemListElement\":[{\"@type\":\"ListItem\",\"position\":1,\"name\":\"Home\",\"item\":\"https:\\\/\\\/www.claravision.com\\\/en\\\/\"},{\"@type\":\"ListItem\",\"position\":2,\"name\":\"Products\"}]},{\"@type\":\"WebSite\",\"@id\":\"https:\\\/\\\/www.claravision.com\\\/en\\\/#website\",\"url\":\"https:\\\/\\\/www.claravision.com\\\/en\\\/\",\"name\":\"Claravision\",\"description\":\"Logiciels et solutions d&#039;analyse d&#039;images\",\"publisher\":{\"@id\":\"https:\\\/\\\/www.claravision.com\\\/en\\\/#organization\"},\"potentialAction\":[{\"@type\":\"SearchAction\",\"target\":{\"@type\":\"EntryPoint\",\"urlTemplate\":\"https:\\\/\\\/www.claravision.com\\\/en\\\/?s={search_term_string}\"},\"query-input\":{\"@type\":\"PropertyValueSpecification\",\"valueRequired\":true,\"valueName\":\"search_term_string\"}}],\"inLanguage\":\"en-US\"},{\"@type\":\"Organization\",\"@id\":\"https:\\\/\\\/www.claravision.com\\\/en\\\/#organization\",\"name\":\"Claravision\",\"url\":\"https:\\\/\\\/www.claravision.com\\\/en\\\/\",\"logo\":{\"@type\":\"ImageObject\",\"inLanguage\":\"en-US\",\"@id\":\"https:\\\/\\\/www.claravision.com\\\/en\\\/#\\\/schema\\\/logo\\\/image\\\/\",\"url\":\"https:\\\/\\\/www.claravision.com\\\/w2020\\\/wp-content\\\/uploads\\\/2021\\\/12\\\/logo-claravision.png\",\"contentUrl\":\"https:\\\/\\\/www.claravision.com\\\/w2020\\\/wp-content\\\/uploads\\\/2021\\\/12\\\/logo-claravision.png\",\"width\":124,\"height\":124,\"caption\":\"Claravision\"},\"image\":{\"@id\":\"https:\\\/\\\/www.claravision.com\\\/en\\\/#\\\/schema\\\/logo\\\/image\\\/\"},\"sameAs\":[\"https:\\\/\\\/www.linkedin.com\\\/company\\\/claravision\\\/\",\"https:\\\/\\\/www.youtube.com\\\/channel\\\/UCgfTotdIXpHE6jHh29gYUnw\"],\"description\":\"Clara Vision est une soci\u00e9t\u00e9 fran\u00e7aise fond\u00e9e en 1994 sp\u00e9cialis\u00e9e dans l\u2019imagerie scientifique et industrielle. Depuis 30 ans, Clara Vision con\u00e7oit et d\u00e9veloppe des logiciels d\u2019acquisition et d\u2019analyse d\u2019images d\u00e9di\u00e9s principalement au contr\u00f4le qualit\u00e9 et \u00e0 la recherche.\",\"email\":\"info@claravision.com\",\"telephone\":\"0169860130\",\"legalName\":\"CLARA VISION SAS\",\"foundingDate\":\"1994-12-29\",\"vatID\":\"FR29399379593\",\"taxID\":\"39937959300060\",\"iso6523Code\":\"399379593\",\"numberOfEmployees\":{\"@type\":\"QuantitativeValue\",\"minValue\":\"1\",\"maxValue\":\"10\"},\"address\":{\"@type\":\"PostalAddress\",\"streetAddress\":\"2 ROUTE DE GISY PARC BUROSPACE\",\"addressLocality\":\"BIEVRES\",\"postalCode\":\"91570\",\"addressCountry\":\"FR\"}}]}<\/script>\n<!-- \/ Yoast SEO Premium plugin. -->","yoast_head_json":{"title":"Products - Claravision","robots":{"index":"index","follow":"follow","max-snippet":"max-snippet:-1","max-image-preview":"max-image-preview:large","max-video-preview":"max-video-preview:-1"},"canonical":"https:\/\/www.claravision.com\/en\/products\/","og_locale":"en_US","og_type":"article","og_title":"Products","og_url":"https:\/\/www.claravision.com\/en\/products\/","og_site_name":"Claravision","article_modified_time":"2019-06-27T08:16:51+00:00","twitter_card":"summary_large_image","schema":{"@context":"https:\/\/schema.org","@graph":[{"@type":"WebPage","@id":"https:\/\/www.claravision.com\/en\/products\/","url":"https:\/\/www.claravision.com\/en\/products\/","name":"Products - Claravision","isPartOf":{"@id":"https:\/\/www.claravision.com\/en\/#website"},"datePublished":"2019-04-29T07:31:55+00:00","dateModified":"2019-06-27T08:16:51+00:00","breadcrumb":{"@id":"https:\/\/www.claravision.com\/en\/products\/#breadcrumb"},"inLanguage":"en-US","potentialAction":[{"@type":"ReadAction","target":["https:\/\/www.claravision.com\/en\/products\/"]}]},{"@type":"BreadcrumbList","@id":"https:\/\/www.claravision.com\/en\/products\/#breadcrumb","itemListElement":[{"@type":"ListItem","position":1,"name":"Home","item":"https:\/\/www.claravision.com\/en\/"},{"@type":"ListItem","position":2,"name":"Products"}]},{"@type":"WebSite","@id":"https:\/\/www.claravision.com\/en\/#website","url":"https:\/\/www.claravision.com\/en\/","name":"Claravision","description":"Logiciels et solutions d&#039;analyse d&#039;images","publisher":{"@id":"https:\/\/www.claravision.com\/en\/#organization"},"potentialAction":[{"@type":"SearchAction","target":{"@type":"EntryPoint","urlTemplate":"https:\/\/www.claravision.com\/en\/?s={search_term_string}"},"query-input":{"@type":"PropertyValueSpecification","valueRequired":true,"valueName":"search_term_string"}}],"inLanguage":"en-US"},{"@type":"Organization","@id":"https:\/\/www.claravision.com\/en\/#organization","name":"Claravision","url":"https:\/\/www.claravision.com\/en\/","logo":{"@type":"ImageObject","inLanguage":"en-US","@id":"https:\/\/www.claravision.com\/en\/#\/schema\/logo\/image\/","url":"https:\/\/www.claravision.com\/w2020\/wp-content\/uploads\/2021\/12\/logo-claravision.png","contentUrl":"https:\/\/www.claravision.com\/w2020\/wp-content\/uploads\/2021\/12\/logo-claravision.png","width":124,"height":124,"caption":"Claravision"},"image":{"@id":"https:\/\/www.claravision.com\/en\/#\/schema\/logo\/image\/"},"sameAs":["https:\/\/www.linkedin.com\/company\/claravision\/","https:\/\/www.youtube.com\/channel\/UCgfTotdIXpHE6jHh29gYUnw"],"description":"Clara Vision est une soci\u00e9t\u00e9 fran\u00e7aise fond\u00e9e en 1994 sp\u00e9cialis\u00e9e dans l\u2019imagerie scientifique et industrielle. Depuis 30 ans, Clara Vision con\u00e7oit et d\u00e9veloppe des logiciels d\u2019acquisition et d\u2019analyse d\u2019images d\u00e9di\u00e9s principalement au contr\u00f4le qualit\u00e9 et \u00e0 la recherche.","email":"info@claravision.com","telephone":"0169860130","legalName":"CLARA VISION SAS","foundingDate":"1994-12-29","vatID":"FR29399379593","taxID":"39937959300060","iso6523Code":"399379593","numberOfEmployees":{"@type":"QuantitativeValue","minValue":"1","maxValue":"10"},"address":{"@type":"PostalAddress","streetAddress":"2 ROUTE DE GISY PARC BUROSPACE","addressLocality":"BIEVRES","postalCode":"91570","addressCountry":"FR"}}]}},"_links":{"self":[{"href":"https:\/\/www.claravision.com\/en\/wp-json\/wp\/v2\/pages\/649","targetHints":{"allow":["GET"]}}],"collection":[{"href":"https:\/\/www.claravision.com\/en\/wp-json\/wp\/v2\/pages"}],"about":[{"href":"https:\/\/www.claravision.com\/en\/wp-json\/wp\/v2\/types\/page"}],"author":[{"embeddable":true,"href":"https:\/\/www.claravision.com\/en\/wp-json\/wp\/v2\/users\/1"}],"replies":[{"embeddable":true,"href":"https:\/\/www.claravision.com\/en\/wp-json\/wp\/v2\/comments?post=649"}],"version-history":[{"count":1,"href":"https:\/\/www.claravision.com\/en\/wp-json\/wp\/v2\/pages\/649\/revisions"}],"predecessor-version":[{"id":650,"href":"https:\/\/www.claravision.com\/en\/wp-json\/wp\/v2\/pages\/649\/revisions\/650"}],"wp:attachment":[{"href":"https:\/\/www.claravision.com\/en\/wp-json\/wp\/v2\/media?parent=649"}],"curies":[{"name":"wp","href":"https:\/\/api.w.org\/{rel}","templated":true}]}}