{"id":779,"date":"2019-05-09T14:27:40","date_gmt":"2019-05-09T12:27:40","guid":{"rendered":"https:\/\/www.claravision.com\/?page_id=779"},"modified":"2019-07-18T11:29:04","modified_gmt":"2019-07-18T09:29:04","slug":"my-account","status":"publish","type":"page","link":"https:\/\/www.claravision.com\/en\/my-account\/","title":{"rendered":"Private Area"},"content":{"rendered":"\n<h3 class=\"wp-block-heading\">Welcome to your private area<\/h3>\n\n\n<form name=\"loginform\" id=\"loginform\" action=\"https:\/\/www.claravision.com\/w2020\/clara2023bo\" method=\"post\"><p class=\"login-username\">\n\t\t\t\t<label for=\"user_login\">Your email<\/label>\n\t\t\t\t<input type=\"text\" name=\"log\" id=\"user_login\" autocomplete=\"username\" class=\"input\" value=\"\" size=\"20\" \/>\n\t\t\t<\/p><p class=\"login-password\">\n\t\t\t\t<label for=\"user_pass\">Password<\/label>\n\t\t\t\t<input type=\"password\" name=\"pwd\" id=\"user_pass\" autocomplete=\"current-password\" spellcheck=\"false\" class=\"input\" value=\"\" size=\"20\" \/>\n\t\t\t<\/p><p class=\"login-submit\">\n\t\t\t\t<input type=\"submit\" name=\"wp-submit\" id=\"wp-submit\" class=\"button button-primary\" value=\"Login\" \/>\n\t\t\t\t<input type=\"hidden\" name=\"redirect_to\" value=\"https:\/\/www.claravision.com\/en\/wp-json\/wp\/v2\/pages\/779\" \/>\n\t\t\t<\/p><\/form><div class=\"bort1 bor-grey pdt2 mgt4\"><a href=\"https:\/\/www.claravision.com\/w2020\/clara2023bo?action=lostpassword&redirect_to=https%3A%2F%2Fwww.claravision.com%2Fen%2Fmy-account%2F\" title=\"Forgot?\">Forgot?<\/a><\/div>\n","protected":false},"excerpt":{"rendered":"<p>Welcome to your private area<\/p>\n","protected":false},"author":1,"featured_media":0,"parent":0,"menu_order":0,"comment_status":"closed","ping_status":"closed","template":"","meta":{"_acf_changed":false,"footnotes":""},"class_list":["post-779","page","type-page","status-publish","hentry"],"acf":[],"yoast_head":"<!-- This site is optimized with the Yoast SEO Premium plugin v27.4 (Yoast SEO v27.4) - https:\/\/yoast.com\/product\/yoast-seo-premium-wordpress\/ -->\n<title>Private Area - Claravision<\/title>\n<meta name=\"robots\" content=\"noindex, nofollow\" \/>\n<meta property=\"og:locale\" content=\"en_US\" \/>\n<meta property=\"og:type\" content=\"article\" \/>\n<meta property=\"og:title\" content=\"Private Area\" \/>\n<meta property=\"og:description\" content=\"Welcome to your private area\" \/>\n<meta property=\"og:url\" content=\"https:\/\/www.claravision.com\/en\/my-account\/\" \/>\n<meta property=\"og:site_name\" content=\"Claravision\" \/>\n<meta property=\"article:modified_time\" content=\"2019-07-18T09:29:04+00:00\" \/>\n<meta name=\"twitter:card\" content=\"summary_large_image\" \/>\n<script type=\"application\/ld+json\" class=\"yoast-schema-graph\">{\"@context\":\"https:\\\/\\\/schema.org\",\"@graph\":[{\"@type\":\"WebPage\",\"@id\":\"https:\\\/\\\/www.claravision.com\\\/en\\\/my-account\\\/\",\"url\":\"https:\\\/\\\/www.claravision.com\\\/en\\\/my-account\\\/\",\"name\":\"Private Area - Claravision\",\"isPartOf\":{\"@id\":\"https:\\\/\\\/www.claravision.com\\\/en\\\/#website\"},\"datePublished\":\"2019-05-09T12:27:40+00:00\",\"dateModified\":\"2019-07-18T09:29:04+00:00\",\"breadcrumb\":{\"@id\":\"https:\\\/\\\/www.claravision.com\\\/en\\\/my-account\\\/#breadcrumb\"},\"inLanguage\":\"en-US\",\"potentialAction\":[{\"@type\":\"ReadAction\",\"target\":[\"https:\\\/\\\/www.claravision.com\\\/en\\\/my-account\\\/\"]}]},{\"@type\":\"BreadcrumbList\",\"@id\":\"https:\\\/\\\/www.claravision.com\\\/en\\\/my-account\\\/#breadcrumb\",\"itemListElement\":[{\"@type\":\"ListItem\",\"position\":1,\"name\":\"Home\",\"item\":\"https:\\\/\\\/www.claravision.com\\\/en\\\/\"},{\"@type\":\"ListItem\",\"position\":2,\"name\":\"Private Area\"}]},{\"@type\":\"WebSite\",\"@id\":\"https:\\\/\\\/www.claravision.com\\\/en\\\/#website\",\"url\":\"https:\\\/\\\/www.claravision.com\\\/en\\\/\",\"name\":\"Claravision\",\"description\":\"Logiciels et solutions d&#039;analyse d&#039;images\",\"publisher\":{\"@id\":\"https:\\\/\\\/www.claravision.com\\\/en\\\/#organization\"},\"potentialAction\":[{\"@type\":\"SearchAction\",\"target\":{\"@type\":\"EntryPoint\",\"urlTemplate\":\"https:\\\/\\\/www.claravision.com\\\/en\\\/?s={search_term_string}\"},\"query-input\":{\"@type\":\"PropertyValueSpecification\",\"valueRequired\":true,\"valueName\":\"search_term_string\"}}],\"inLanguage\":\"en-US\"},{\"@type\":\"Organization\",\"@id\":\"https:\\\/\\\/www.claravision.com\\\/en\\\/#organization\",\"name\":\"Claravision\",\"url\":\"https:\\\/\\\/www.claravision.com\\\/en\\\/\",\"logo\":{\"@type\":\"ImageObject\",\"inLanguage\":\"en-US\",\"@id\":\"https:\\\/\\\/www.claravision.com\\\/en\\\/#\\\/schema\\\/logo\\\/image\\\/\",\"url\":\"https:\\\/\\\/www.claravision.com\\\/w2020\\\/wp-content\\\/uploads\\\/2021\\\/12\\\/logo-claravision.png\",\"contentUrl\":\"https:\\\/\\\/www.claravision.com\\\/w2020\\\/wp-content\\\/uploads\\\/2021\\\/12\\\/logo-claravision.png\",\"width\":124,\"height\":124,\"caption\":\"Claravision\"},\"image\":{\"@id\":\"https:\\\/\\\/www.claravision.com\\\/en\\\/#\\\/schema\\\/logo\\\/image\\\/\"},\"sameAs\":[\"https:\\\/\\\/www.linkedin.com\\\/company\\\/claravision\\\/\",\"https:\\\/\\\/www.youtube.com\\\/channel\\\/UCgfTotdIXpHE6jHh29gYUnw\"],\"description\":\"Clara Vision est une soci\u00e9t\u00e9 fran\u00e7aise fond\u00e9e en 1994 sp\u00e9cialis\u00e9e dans l\u2019imagerie scientifique et industrielle. Depuis 30 ans, Clara Vision con\u00e7oit et d\u00e9veloppe des logiciels d\u2019acquisition et d\u2019analyse d\u2019images d\u00e9di\u00e9s principalement au contr\u00f4le qualit\u00e9 et \u00e0 la recherche.\",\"email\":\"info@claravision.com\",\"telephone\":\"0169860130\",\"legalName\":\"CLARA VISION SAS\",\"foundingDate\":\"1994-12-29\",\"vatID\":\"FR29399379593\",\"taxID\":\"39937959300060\",\"iso6523Code\":\"399379593\",\"numberOfEmployees\":{\"@type\":\"QuantitativeValue\",\"minValue\":\"1\",\"maxValue\":\"10\"},\"address\":{\"@type\":\"PostalAddress\",\"streetAddress\":\"2 ROUTE DE GISY PARC BUROSPACE\",\"addressLocality\":\"BIEVRES\",\"postalCode\":\"91570\",\"addressCountry\":\"FR\"}}]}<\/script>\n<!-- \/ Yoast SEO Premium plugin. -->","yoast_head_json":{"title":"Private Area - Claravision","robots":{"index":"noindex","follow":"nofollow"},"og_locale":"en_US","og_type":"article","og_title":"Private Area","og_description":"Welcome to your private area","og_url":"https:\/\/www.claravision.com\/en\/my-account\/","og_site_name":"Claravision","article_modified_time":"2019-07-18T09:29:04+00:00","twitter_card":"summary_large_image","schema":{"@context":"https:\/\/schema.org","@graph":[{"@type":"WebPage","@id":"https:\/\/www.claravision.com\/en\/my-account\/","url":"https:\/\/www.claravision.com\/en\/my-account\/","name":"Private Area - Claravision","isPartOf":{"@id":"https:\/\/www.claravision.com\/en\/#website"},"datePublished":"2019-05-09T12:27:40+00:00","dateModified":"2019-07-18T09:29:04+00:00","breadcrumb":{"@id":"https:\/\/www.claravision.com\/en\/my-account\/#breadcrumb"},"inLanguage":"en-US","potentialAction":[{"@type":"ReadAction","target":["https:\/\/www.claravision.com\/en\/my-account\/"]}]},{"@type":"BreadcrumbList","@id":"https:\/\/www.claravision.com\/en\/my-account\/#breadcrumb","itemListElement":[{"@type":"ListItem","position":1,"name":"Home","item":"https:\/\/www.claravision.com\/en\/"},{"@type":"ListItem","position":2,"name":"Private Area"}]},{"@type":"WebSite","@id":"https:\/\/www.claravision.com\/en\/#website","url":"https:\/\/www.claravision.com\/en\/","name":"Claravision","description":"Logiciels et solutions d&#039;analyse d&#039;images","publisher":{"@id":"https:\/\/www.claravision.com\/en\/#organization"},"potentialAction":[{"@type":"SearchAction","target":{"@type":"EntryPoint","urlTemplate":"https:\/\/www.claravision.com\/en\/?s={search_term_string}"},"query-input":{"@type":"PropertyValueSpecification","valueRequired":true,"valueName":"search_term_string"}}],"inLanguage":"en-US"},{"@type":"Organization","@id":"https:\/\/www.claravision.com\/en\/#organization","name":"Claravision","url":"https:\/\/www.claravision.com\/en\/","logo":{"@type":"ImageObject","inLanguage":"en-US","@id":"https:\/\/www.claravision.com\/en\/#\/schema\/logo\/image\/","url":"https:\/\/www.claravision.com\/w2020\/wp-content\/uploads\/2021\/12\/logo-claravision.png","contentUrl":"https:\/\/www.claravision.com\/w2020\/wp-content\/uploads\/2021\/12\/logo-claravision.png","width":124,"height":124,"caption":"Claravision"},"image":{"@id":"https:\/\/www.claravision.com\/en\/#\/schema\/logo\/image\/"},"sameAs":["https:\/\/www.linkedin.com\/company\/claravision\/","https:\/\/www.youtube.com\/channel\/UCgfTotdIXpHE6jHh29gYUnw"],"description":"Clara Vision est une soci\u00e9t\u00e9 fran\u00e7aise fond\u00e9e en 1994 sp\u00e9cialis\u00e9e dans l\u2019imagerie scientifique et industrielle. Depuis 30 ans, Clara Vision con\u00e7oit et d\u00e9veloppe des logiciels d\u2019acquisition et d\u2019analyse d\u2019images d\u00e9di\u00e9s principalement au contr\u00f4le qualit\u00e9 et \u00e0 la recherche.","email":"info@claravision.com","telephone":"0169860130","legalName":"CLARA VISION SAS","foundingDate":"1994-12-29","vatID":"FR29399379593","taxID":"39937959300060","iso6523Code":"399379593","numberOfEmployees":{"@type":"QuantitativeValue","minValue":"1","maxValue":"10"},"address":{"@type":"PostalAddress","streetAddress":"2 ROUTE DE GISY PARC BUROSPACE","addressLocality":"BIEVRES","postalCode":"91570","addressCountry":"FR"}}]}},"_links":{"self":[{"href":"https:\/\/www.claravision.com\/en\/wp-json\/wp\/v2\/pages\/779","targetHints":{"allow":["GET"]}}],"collection":[{"href":"https:\/\/www.claravision.com\/en\/wp-json\/wp\/v2\/pages"}],"about":[{"href":"https:\/\/www.claravision.com\/en\/wp-json\/wp\/v2\/types\/page"}],"author":[{"embeddable":true,"href":"https:\/\/www.claravision.com\/en\/wp-json\/wp\/v2\/users\/1"}],"replies":[{"embeddable":true,"href":"https:\/\/www.claravision.com\/en\/wp-json\/wp\/v2\/comments?post=779"}],"version-history":[{"count":3,"href":"https:\/\/www.claravision.com\/en\/wp-json\/wp\/v2\/pages\/779\/revisions"}],"predecessor-version":[{"id":800,"href":"https:\/\/www.claravision.com\/en\/wp-json\/wp\/v2\/pages\/779\/revisions\/800"}],"wp:attachment":[{"href":"https:\/\/www.claravision.com\/en\/wp-json\/wp\/v2\/media?parent=779"}],"curies":[{"name":"wp","href":"https:\/\/api.w.org\/{rel}","templated":true}]}}