{"id":786,"date":"2019-04-30T09:37:28","date_gmt":"2019-04-30T07:37:28","guid":{"rendered":"https:\/\/www.claravision.com\/references\/"},"modified":"2019-07-18T12:01:01","modified_gmt":"2019-07-18T10:01:01","slug":"references","status":"publish","type":"page","link":"https:\/\/www.claravision.com\/en\/references\/","title":{"rendered":"References"},"content":{"rendered":"<div class=\"iscol col-3 clear\"><article class=\"item mgb4\">\n\t\t\t\t\t<div class=\"dis-b more-eye posrel tdn bor1 bor-grey\">\n\t\t\t\t\t\t<div class=\"flex-img pd2\"><div class=\"safari-fix-for-flex-img-children\"><img loading=\"lazy\" decoding=\"async\" width=\"1280\" height=\"358\" src=\"https:\/\/www.claravision.com\/w2020\/wp-content\/uploads\/2019\/04\/Lear_Corporation_logo.svg_.png\" class=\"attachment-full size-full wp-post-image\" alt=\"LEAR\" srcset=\"https:\/\/www.claravision.com\/w2020\/wp-content\/uploads\/2019\/04\/Lear_Corporation_logo.svg_.png 1280w, https:\/\/www.claravision.com\/w2020\/wp-content\/uploads\/2019\/04\/Lear_Corporation_logo.svg_-600x168.png 600w, https:\/\/www.claravision.com\/w2020\/wp-content\/uploads\/2019\/04\/Lear_Corporation_logo.svg_-768x215.png 768w, https:\/\/www.claravision.com\/w2020\/wp-content\/uploads\/2019\/04\/Lear_Corporation_logo.svg_-1000x280.png 1000w\" sizes=\"auto, (max-width: 1280px) 100vw, 1280px\" \/><\/div><\/div>\n\t\t\t\t\t\t<h2 class=\"itembef norm posrel h5 pd2 pdl5\">LEAR<\/h2>\n\t\t\t\t\t<\/div>\n\t\t\t\t<\/article><article class=\"item mgb4\">\n\t\t\t\t\t<div class=\"dis-b more-eye posrel tdn bor1 bor-grey\">\n\t\t\t\t\t\t<div class=\"flex-img pd2\"><div class=\"safari-fix-for-flex-img-children\"><img loading=\"lazy\" decoding=\"async\" width=\"1200\" height=\"452\" src=\"https:\/\/www.claravision.com\/w2020\/wp-content\/uploads\/2019\/04\/Logo-Faurecia-2017.jpg\" class=\"attachment-full size-full wp-post-image\" alt=\"LEAR\" srcset=\"https:\/\/www.claravision.com\/w2020\/wp-content\/uploads\/2019\/04\/Logo-Faurecia-2017.jpg 1200w, https:\/\/www.claravision.com\/w2020\/wp-content\/uploads\/2019\/04\/Logo-Faurecia-2017-600x226.jpg 600w, https:\/\/www.claravision.com\/w2020\/wp-content\/uploads\/2019\/04\/Logo-Faurecia-2017-768x289.jpg 768w, https:\/\/www.claravision.com\/w2020\/wp-content\/uploads\/2019\/04\/Logo-Faurecia-2017-1000x377.jpg 1000w\" sizes=\"auto, (max-width: 1200px) 100vw, 1200px\" \/><\/div><\/div>\n\t\t\t\t\t\t<h2 class=\"itembef norm posrel h5 pd2 pdl5\">Faurecia<\/h2>\n\t\t\t\t\t<\/div>\n\t\t\t\t<\/article><article class=\"item mgb4\">\n\t\t\t\t\t<div class=\"dis-b more-eye posrel tdn bor1 bor-grey\">\n\t\t\t\t\t\t<div class=\"flex-img pd2\"><div class=\"safari-fix-for-flex-img-children\"><img loading=\"lazy\" decoding=\"async\" width=\"768\" height=\"384\" src=\"https:\/\/www.claravision.com\/w2020\/wp-content\/uploads\/2019\/04\/Ipsen-logo-768x384.jpg\" class=\"attachment-full size-full wp-post-image\" alt=\"LEAR\" srcset=\"https:\/\/www.claravision.com\/w2020\/wp-content\/uploads\/2019\/04\/Ipsen-logo-768x384.jpg 768w, https:\/\/www.claravision.com\/w2020\/wp-content\/uploads\/2019\/04\/Ipsen-logo-768x384-600x300.jpg 600w\" sizes=\"auto, (max-width: 768px) 100vw, 768px\" \/><\/div><\/div>\n\t\t\t\t\t\t<h2 class=\"itembef norm posrel h5 pd2 pdl5\">Ipsen<\/h2>\n\t\t\t\t\t<\/div>\n\t\t\t\t<\/article><article class=\"item mgb4\">\n\t\t\t\t\t<div class=\"dis-b more-eye posrel tdn bor1 bor-grey\">\n\t\t\t\t\t\t<div class=\"flex-img pd2\"><div class=\"safari-fix-for-flex-img-children\"><img loading=\"lazy\" decoding=\"async\" width=\"1280\" height=\"962\" src=\"https:\/\/www.claravision.com\/w2020\/wp-content\/uploads\/2019\/04\/Hutchinson.jpg\" class=\"attachment-full size-full wp-post-image\" alt=\"LEAR\" srcset=\"https:\/\/www.claravision.com\/w2020\/wp-content\/uploads\/2019\/04\/Hutchinson.jpg 1280w, https:\/\/www.claravision.com\/w2020\/wp-content\/uploads\/2019\/04\/Hutchinson-399x300.jpg 399w, https:\/\/www.claravision.com\/w2020\/wp-content\/uploads\/2019\/04\/Hutchinson-768x577.jpg 768w, https:\/\/www.claravision.com\/w2020\/wp-content\/uploads\/2019\/04\/Hutchinson-599x450.jpg 599w\" sizes=\"auto, (max-width: 1280px) 100vw, 1280px\" \/><\/div><\/div>\n\t\t\t\t\t\t<h2 class=\"itembef norm posrel h5 pd2 pdl5\">Hutchinson<\/h2>\n\t\t\t\t\t<\/div>\n\t\t\t\t<\/article><article class=\"item mgb4\">\n\t\t\t\t\t<div class=\"dis-b more-eye posrel tdn bor1 bor-grey\">\n\t\t\t\t\t\t<div class=\"flex-img pd2\"><div class=\"safari-fix-for-flex-img-children\"><img loading=\"lazy\" decoding=\"async\" width=\"770\" height=\"400\" src=\"https:\/\/www.claravision.com\/w2020\/wp-content\/uploads\/2019\/04\/Hager-logo.jpg\" class=\"attachment-full size-full wp-post-image\" alt=\"Hager\" srcset=\"https:\/\/www.claravision.com\/w2020\/wp-content\/uploads\/2019\/04\/Hager-logo.jpg 770w, https:\/\/www.claravision.com\/w2020\/wp-content\/uploads\/2019\/04\/Hager-logo-578x300.jpg 578w, https:\/\/www.claravision.com\/w2020\/wp-content\/uploads\/2019\/04\/Hager-logo-768x399.jpg 768w\" sizes=\"auto, (max-width: 770px) 100vw, 770px\" \/><\/div><\/div>\n\t\t\t\t\t\t<h2 class=\"itembef norm posrel h5 pd2 pdl5\">Hager<\/h2>\n\t\t\t\t\t<\/div>\n\t\t\t\t<\/article><article class=\"item mgb4\">\n\t\t\t\t\t<div class=\"dis-b more-eye posrel tdn bor1 bor-grey\">\n\t\t\t\t\t\t<div class=\"flex-img pd2\"><div class=\"safari-fix-for-flex-img-children\"><img loading=\"lazy\" decoding=\"async\" width=\"290\" height=\"121\" src=\"https:\/\/www.claravision.com\/w2020\/wp-content\/uploads\/2019\/07\/Adient.png\" class=\"attachment-full size-full wp-post-image\" alt=\"Adient\" \/><\/div><\/div>\n\t\t\t\t\t\t<h2 class=\"itembef norm posrel h5 pd2 pdl5\">Adient<\/h2>\n\t\t\t\t\t<\/div>\n\t\t\t\t<\/article><article class=\"item mgb4\">\n\t\t\t\t\t<div class=\"dis-b more-eye posrel tdn bor1 bor-grey\">\n\t\t\t\t\t\t<div class=\"flex-img pd2\"><div class=\"safari-fix-for-flex-img-children\"><img loading=\"lazy\" decoding=\"async\" width=\"328\" height=\"125\" src=\"https:\/\/www.claravision.com\/w2020\/wp-content\/uploads\/2019\/07\/Air-Liquide.png\" class=\"attachment-full size-full wp-post-image\" alt=\"Air Liquide\" \/><\/div><\/div>\n\t\t\t\t\t\t<h2 class=\"itembef norm posrel h5 pd2 pdl5\">Air Liquide<\/h2>\n\t\t\t\t\t<\/div>\n\t\t\t\t<\/article><article class=\"item mgb4\">\n\t\t\t\t\t<div class=\"dis-b more-eye posrel tdn bor1 bor-grey\">\n\t\t\t\t\t\t<div class=\"flex-img pd2\"><div class=\"safari-fix-for-flex-img-children\"><img loading=\"lazy\" decoding=\"async\" width=\"346\" height=\"125\" src=\"https:\/\/www.claravision.com\/w2020\/wp-content\/uploads\/2019\/07\/Apave.png\" class=\"attachment-full size-full wp-post-image\" alt=\"Apave\" \/><\/div><\/div>\n\t\t\t\t\t\t<h2 class=\"itembef norm posrel h5 pd2 pdl5\">Apave<\/h2>\n\t\t\t\t\t<\/div>\n\t\t\t\t<\/article><article class=\"item mgb4\">\n\t\t\t\t\t<div class=\"dis-b more-eye posrel tdn bor1 bor-grey\">\n\t\t\t\t\t\t<div class=\"flex-img pd2\"><div class=\"safari-fix-for-flex-img-children\"><img loading=\"lazy\" decoding=\"async\" width=\"213\" height=\"120\" src=\"https:\/\/www.claravision.com\/w2020\/wp-content\/uploads\/2019\/07\/Aptar-Pharma.png\" class=\"attachment-full size-full wp-post-image\" alt=\"Aptar Pharma\" \/><\/div><\/div>\n\t\t\t\t\t\t<h2 class=\"itembef norm posrel h5 pd2 pdl5\">Aptar Pharma<\/h2>\n\t\t\t\t\t<\/div>\n\t\t\t\t<\/article><article class=\"item mgb4\">\n\t\t\t\t\t<div class=\"dis-b more-eye posrel tdn bor1 bor-grey\">\n\t\t\t\t\t\t<div class=\"flex-img pd2\"><div class=\"safari-fix-for-flex-img-children\"><img loading=\"lazy\" decoding=\"async\" width=\"477\" height=\"105\" src=\"https:\/\/www.claravision.com\/w2020\/wp-content\/uploads\/2019\/07\/Ardagh.png\" class=\"attachment-full size-full wp-post-image\" alt=\"Ardagh\" \/><\/div><\/div>\n\t\t\t\t\t\t<h2 class=\"itembef norm posrel h5 pd2 pdl5\">Ardagh<\/h2>\n\t\t\t\t\t<\/div>\n\t\t\t\t<\/article><article class=\"item mgb4\">\n\t\t\t\t\t<div class=\"dis-b more-eye posrel tdn bor1 bor-grey\">\n\t\t\t\t\t\t<div class=\"flex-img pd2\"><div class=\"safari-fix-for-flex-img-children\"><img loading=\"lazy\" decoding=\"async\" width=\"124\" height=\"124\" src=\"https:\/\/www.claravision.com\/w2020\/wp-content\/uploads\/2019\/07\/Benteler.png\" class=\"attachment-full size-full wp-post-image\" alt=\"Benteler\" \/><\/div><\/div>\n\t\t\t\t\t\t<h2 class=\"itembef norm posrel h5 pd2 pdl5\">Benteler<\/h2>\n\t\t\t\t\t<\/div>\n\t\t\t\t<\/article><article class=\"item mgb4\">\n\t\t\t\t\t<div class=\"dis-b more-eye posrel tdn bor1 bor-grey\">\n\t\t\t\t\t\t<div class=\"flex-img pd2\"><div class=\"safari-fix-for-flex-img-children\"><img loading=\"lazy\" decoding=\"async\" width=\"199\" height=\"124\" src=\"https:\/\/www.claravision.com\/w2020\/wp-content\/uploads\/2019\/07\/biomerieux.png\" class=\"attachment-full size-full wp-post-image\" alt=\"Biom\u00e9rieux\" \/><\/div><\/div>\n\t\t\t\t\t\t<h2 class=\"itembef norm posrel h5 pd2 pdl5\">Biom\u00e9rieux<\/h2>\n\t\t\t\t\t<\/div>\n\t\t\t\t<\/article><article class=\"item mgb4\">\n\t\t\t\t\t<div class=\"dis-b more-eye posrel tdn bor1 bor-grey\">\n\t\t\t\t\t\t<div class=\"flex-img pd2\"><div class=\"safari-fix-for-flex-img-children\"><img loading=\"lazy\" decoding=\"async\" width=\"127\" height=\"127\" src=\"https:\/\/www.claravision.com\/w2020\/wp-content\/uploads\/2019\/07\/Bureau-Veritas.png\" class=\"attachment-full size-full wp-post-image\" alt=\"Bureau V\u00e9ritas\" \/><\/div><\/div>\n\t\t\t\t\t\t<h2 class=\"itembef norm posrel h5 pd2 pdl5\">Bureau V\u00e9ritas<\/h2>\n\t\t\t\t\t<\/div>\n\t\t\t\t<\/article><article class=\"item mgb4\">\n\t\t\t\t\t<div class=\"dis-b more-eye posrel tdn bor1 bor-grey\">\n\t\t\t\t\t\t<div class=\"flex-img pd2\"><div class=\"safari-fix-for-flex-img-children\"><img loading=\"lazy\" decoding=\"async\" width=\"160\" height=\"133\" src=\"https:\/\/www.claravision.com\/w2020\/wp-content\/uploads\/2019\/07\/Cemoi.png\" class=\"attachment-full size-full wp-post-image\" alt=\"C\u00e9moi Chocolatier\" \/><\/div><\/div>\n\t\t\t\t\t\t<h2 class=\"itembef norm posrel h5 pd2 pdl5\">C\u00e9moi Chocolatier<\/h2>\n\t\t\t\t\t<\/div>\n\t\t\t\t<\/article><article class=\"item mgb4\">\n\t\t\t\t\t<div class=\"dis-b more-eye posrel tdn bor1 bor-grey\">\n\t\t\t\t\t\t<div class=\"flex-img pd2\"><div class=\"safari-fix-for-flex-img-children\"><img loading=\"lazy\" decoding=\"async\" width=\"122\" height=\"122\" src=\"https:\/\/www.claravision.com\/w2020\/wp-content\/uploads\/2019\/07\/Gestamp.png\" class=\"attachment-full size-full wp-post-image\" alt=\"Gestamp\" \/><\/div><\/div>\n\t\t\t\t\t\t<h2 class=\"itembef norm posrel h5 pd2 pdl5\">Gestamp<\/h2>\n\t\t\t\t\t<\/div>\n\t\t\t\t<\/article><article class=\"item mgb4\">\n\t\t\t\t\t<div class=\"dis-b more-eye posrel tdn bor1 bor-grey\">\n\t\t\t\t\t\t<div class=\"flex-img pd2\"><div class=\"safari-fix-for-flex-img-children\"><img loading=\"lazy\" decoding=\"async\" width=\"186\" height=\"90\" src=\"https:\/\/www.claravision.com\/w2020\/wp-content\/uploads\/2019\/07\/Groupe-Mars.png\" class=\"attachment-full size-full wp-post-image\" alt=\"Mars\" \/><\/div><\/div>\n\t\t\t\t\t\t<h2 class=\"itembef norm posrel h5 pd2 pdl5\">Mars<\/h2>\n\t\t\t\t\t<\/div>\n\t\t\t\t<\/article><article class=\"item mgb4\">\n\t\t\t\t\t<div class=\"dis-b more-eye posrel tdn bor1 bor-grey\">\n\t\t\t\t\t\t<div class=\"flex-img pd2\"><div class=\"safari-fix-for-flex-img-children\"><img loading=\"lazy\" decoding=\"async\" width=\"468\" height=\"90\" src=\"https:\/\/www.claravision.com\/w2020\/wp-content\/uploads\/2019\/07\/Kirchhoff.png\" class=\"attachment-full size-full wp-post-image\" alt=\"Kirchhoff\" \/><\/div><\/div>\n\t\t\t\t\t\t<h2 class=\"itembef norm posrel h5 pd2 pdl5\">Kirchhoff<\/h2>\n\t\t\t\t\t<\/div>\n\t\t\t\t<\/article><article class=\"item mgb4\">\n\t\t\t\t\t<div class=\"dis-b more-eye posrel tdn bor1 bor-grey\">\n\t\t\t\t\t\t<div class=\"flex-img pd2\"><div class=\"safari-fix-for-flex-img-children\"><img loading=\"lazy\" decoding=\"async\" width=\"247\" height=\"125\" src=\"https:\/\/www.claravision.com\/w2020\/wp-content\/uploads\/2019\/07\/Magneti-Marelli.png\" class=\"attachment-full size-full wp-post-image\" alt=\"Magneti Marelli\" \/><\/div><\/div>\n\t\t\t\t\t\t<h2 class=\"itembef norm posrel h5 pd2 pdl5\">Magneti Marelli<\/h2>\n\t\t\t\t\t<\/div>\n\t\t\t\t<\/article><article class=\"item mgb4\">\n\t\t\t\t\t<div class=\"dis-b more-eye posrel tdn bor1 bor-grey\">\n\t\t\t\t\t\t<div class=\"flex-img pd2\"><div class=\"safari-fix-for-flex-img-children\"><img loading=\"lazy\" decoding=\"async\" width=\"418\" height=\"120\" src=\"https:\/\/www.claravision.com\/w2020\/wp-content\/uploads\/2019\/07\/Nestl\u00e9.png\" class=\"attachment-full size-full wp-post-image\" alt=\"Nestl\u00e9\" \/><\/div><\/div>\n\t\t\t\t\t\t<h2 class=\"itembef norm posrel h5 pd2 pdl5\">Nestl\u00e9<\/h2>\n\t\t\t\t\t<\/div>\n\t\t\t\t<\/article><article class=\"item mgb4\">\n\t\t\t\t\t<div class=\"dis-b more-eye posrel tdn bor1 bor-grey\">\n\t\t\t\t\t\t<div class=\"flex-img pd2\"><div class=\"safari-fix-for-flex-img-children\"><img loading=\"lazy\" decoding=\"async\" width=\"159\" height=\"119\" src=\"https:\/\/www.claravision.com\/w2020\/wp-content\/uploads\/2019\/07\/Nissan.png\" class=\"attachment-full size-full wp-post-image\" alt=\"Nissan\" \/><\/div><\/div>\n\t\t\t\t\t\t<h2 class=\"itembef norm posrel h5 pd2 pdl5\">Nissan<\/h2>\n\t\t\t\t\t<\/div>\n\t\t\t\t<\/article><article class=\"item mgb4\">\n\t\t\t\t\t<div class=\"dis-b more-eye posrel tdn bor1 bor-grey\">\n\t\t\t\t\t\t<div class=\"flex-img pd2\"><div class=\"safari-fix-for-flex-img-children\"><img loading=\"lazy\" decoding=\"async\" width=\"151\" height=\"114\" src=\"https:\/\/www.claravision.com\/w2020\/wp-content\/uploads\/2019\/07\/Novo-Nordisk.png\" class=\"attachment-full size-full wp-post-image\" alt=\"Novo Nordisk\" \/><\/div><\/div>\n\t\t\t\t\t\t<h2 class=\"itembef norm posrel h5 pd2 pdl5\">Novo Nordisk<\/h2>\n\t\t\t\t\t<\/div>\n\t\t\t\t<\/article><article class=\"item mgb4\">\n\t\t\t\t\t<div class=\"dis-b more-eye posrel tdn bor1 bor-grey\">\n\t\t\t\t\t\t<div class=\"flex-img pd2\"><div class=\"safari-fix-for-flex-img-children\"><img loading=\"lazy\" decoding=\"async\" width=\"165\" height=\"165\" src=\"https:\/\/www.claravision.com\/w2020\/wp-content\/uploads\/2019\/07\/Perrier.png\" class=\"attachment-full size-full wp-post-image\" alt=\"Perrier\" \/><\/div><\/div>\n\t\t\t\t\t\t<h2 class=\"itembef norm posrel h5 pd2 pdl5\">Perrier<\/h2>\n\t\t\t\t\t<\/div>\n\t\t\t\t<\/article><article class=\"item mgb4\">\n\t\t\t\t\t<div class=\"dis-b more-eye posrel tdn bor1 bor-grey\">\n\t\t\t\t\t\t<div class=\"flex-img pd2\"><div class=\"safari-fix-for-flex-img-children\"><img loading=\"lazy\" decoding=\"async\" width=\"212\" height=\"120\" src=\"https:\/\/www.claravision.com\/w2020\/wp-content\/uploads\/2019\/07\/PSA.png\" class=\"attachment-full size-full wp-post-image\" alt=\"PSA\" \/><\/div><\/div>\n\t\t\t\t\t\t<h2 class=\"itembef norm posrel h5 pd2 pdl5\">PSA<\/h2>\n\t\t\t\t\t<\/div>\n\t\t\t\t<\/article><article class=\"item mgb4\">\n\t\t\t\t\t<div class=\"dis-b more-eye posrel tdn bor1 bor-grey\">\n\t\t\t\t\t\t<div class=\"flex-img pd2\"><div class=\"safari-fix-for-flex-img-children\"><img loading=\"lazy\" decoding=\"async\" width=\"127\" height=\"127\" src=\"https:\/\/www.claravision.com\/w2020\/wp-content\/uploads\/2019\/07\/Shiseido.png\" class=\"attachment-full size-full wp-post-image\" alt=\"Shiseido\" \/><\/div><\/div>\n\t\t\t\t\t\t<h2 class=\"itembef norm posrel h5 pd2 pdl5\">Shiseido<\/h2>\n\t\t\t\t\t<\/div>\n\t\t\t\t<\/article><article class=\"item mgb4\">\n\t\t\t\t\t<div class=\"dis-b more-eye posrel tdn bor1 bor-grey\">\n\t\t\t\t\t\t<div class=\"flex-img pd2\"><div class=\"safari-fix-for-flex-img-children\"><img loading=\"lazy\" decoding=\"async\" width=\"108\" height=\"124\" src=\"https:\/\/www.claravision.com\/w2020\/wp-content\/uploads\/2019\/07\/Skoda.png\" class=\"attachment-full size-full wp-post-image\" alt=\"Skoda\" \/><\/div><\/div>\n\t\t\t\t\t\t<h2 class=\"itembef norm posrel h5 pd2 pdl5\">Skoda<\/h2>\n\t\t\t\t\t<\/div>\n\t\t\t\t<\/article><article class=\"item mgb4\">\n\t\t\t\t\t<div class=\"dis-b more-eye posrel tdn bor1 bor-grey\">\n\t\t\t\t\t\t<div class=\"flex-img pd2\"><div class=\"safari-fix-for-flex-img-children\"><img loading=\"lazy\" decoding=\"async\" width=\"258\" height=\"120\" src=\"https:\/\/www.claravision.com\/w2020\/wp-content\/uploads\/2019\/07\/Ugitech.jpg\" class=\"attachment-full size-full wp-post-image\" alt=\"Ugitech\" \/><\/div><\/div>\n\t\t\t\t\t\t<h2 class=\"itembef norm posrel h5 pd2 pdl5\">Ugitech<\/h2>\n\t\t\t\t\t<\/div>\n\t\t\t\t<\/article><article class=\"item mgb4\">\n\t\t\t\t\t<div class=\"dis-b more-eye posrel tdn bor1 bor-grey\">\n\t\t\t\t\t\t<div class=\"flex-img pd2\"><div class=\"safari-fix-for-flex-img-children\"><img loading=\"lazy\" decoding=\"async\" width=\"127\" height=\"127\" src=\"https:\/\/www.claravision.com\/w2020\/wp-content\/uploads\/2019\/07\/Volkswagen.png\" class=\"attachment-full size-full wp-post-image\" alt=\"Volkswagen\" \/><\/div><\/div>\n\t\t\t\t\t\t<h2 class=\"itembef norm posrel h5 pd2 pdl5\">Volkswagen<\/h2>\n\t\t\t\t\t<\/div>\n\t\t\t\t<\/article><article class=\"item mgb4\">\n\t\t\t\t\t<div class=\"dis-b more-eye posrel tdn bor1 bor-grey\">\n\t\t\t\t\t\t<div class=\"flex-img pd2\"><div class=\"safari-fix-for-flex-img-children\"><img loading=\"lazy\" decoding=\"async\" width=\"420\" height=\"120\" src=\"https:\/\/www.claravision.com\/w2020\/wp-content\/uploads\/2019\/07\/Westrock.png\" class=\"attachment-full size-full wp-post-image\" alt=\"Westrock\" \/><\/div><\/div>\n\t\t\t\t\t\t<h2 class=\"itembef norm posrel h5 pd2 pdl5\">Westrock<\/h2>\n\t\t\t\t\t<\/div>\n\t\t\t\t<\/article><\/div>\n","protected":false},"excerpt":{"rendered":"","protected":false},"author":1,"featured_media":0,"parent":0,"menu_order":0,"comment_status":"closed","ping_status":"closed","template":"","meta":{"_acf_changed":false,"footnotes":""},"class_list":["post-786","page","type-page","status-publish","hentry"],"acf":[],"yoast_head":"<!-- This site is optimized with the Yoast SEO Premium plugin v27.0 (Yoast SEO v27.0) - https:\/\/yoast.com\/product\/yoast-seo-premium-wordpress\/ -->\n<title>References - Claravision<\/title>\n<meta name=\"robots\" content=\"index, follow, max-snippet:-1, max-image-preview:large, max-video-preview:-1\" \/>\n<link rel=\"canonical\" href=\"https:\/\/www.claravision.com\/en\/references\/\" \/>\n<meta property=\"og:locale\" content=\"en_US\" \/>\n<meta property=\"og:type\" content=\"article\" \/>\n<meta property=\"og:title\" content=\"References\" \/>\n<meta property=\"og:url\" content=\"https:\/\/www.claravision.com\/en\/references\/\" \/>\n<meta property=\"og:site_name\" content=\"Claravision\" \/>\n<meta property=\"article:modified_time\" content=\"2019-07-18T10:01:01+00:00\" \/>\n<meta name=\"twitter:card\" content=\"summary_large_image\" \/>\n<script type=\"application\/ld+json\" class=\"yoast-schema-graph\">{\"@context\":\"https:\/\/schema.org\",\"@graph\":[{\"@type\":\"WebPage\",\"@id\":\"https:\/\/www.claravision.com\/en\/references\/\",\"url\":\"https:\/\/www.claravision.com\/en\/references\/\",\"name\":\"References - Claravision\",\"isPartOf\":{\"@id\":\"https:\/\/www.claravision.com\/en\/#website\"},\"datePublished\":\"2019-04-30T07:37:28+00:00\",\"dateModified\":\"2019-07-18T10:01:01+00:00\",\"breadcrumb\":{\"@id\":\"https:\/\/www.claravision.com\/en\/references\/#breadcrumb\"},\"inLanguage\":\"en-US\",\"potentialAction\":[{\"@type\":\"ReadAction\",\"target\":[\"https:\/\/www.claravision.com\/en\/references\/\"]}]},{\"@type\":\"BreadcrumbList\",\"@id\":\"https:\/\/www.claravision.com\/en\/references\/#breadcrumb\",\"itemListElement\":[{\"@type\":\"ListItem\",\"position\":1,\"name\":\"Home\",\"item\":\"https:\/\/www.claravision.com\/en\/\"},{\"@type\":\"ListItem\",\"position\":2,\"name\":\"References\"}]},{\"@type\":\"WebSite\",\"@id\":\"https:\/\/www.claravision.com\/en\/#website\",\"url\":\"https:\/\/www.claravision.com\/en\/\",\"name\":\"Claravision\",\"description\":\"Logiciels et solutions d&#039;analyse d&#039;images\",\"publisher\":{\"@id\":\"https:\/\/www.claravision.com\/en\/#organization\"},\"potentialAction\":[{\"@type\":\"SearchAction\",\"target\":{\"@type\":\"EntryPoint\",\"urlTemplate\":\"https:\/\/www.claravision.com\/en\/?s={search_term_string}\"},\"query-input\":{\"@type\":\"PropertyValueSpecification\",\"valueRequired\":true,\"valueName\":\"search_term_string\"}}],\"inLanguage\":\"en-US\"},{\"@type\":\"Organization\",\"@id\":\"https:\/\/www.claravision.com\/en\/#organization\",\"name\":\"Claravision\",\"url\":\"https:\/\/www.claravision.com\/en\/\",\"logo\":{\"@type\":\"ImageObject\",\"inLanguage\":\"en-US\",\"@id\":\"https:\/\/www.claravision.com\/en\/#\/schema\/logo\/image\/\",\"url\":\"https:\/\/www.claravision.com\/w2020\/wp-content\/uploads\/2021\/12\/logo-claravision.png\",\"contentUrl\":\"https:\/\/www.claravision.com\/w2020\/wp-content\/uploads\/2021\/12\/logo-claravision.png\",\"width\":124,\"height\":124,\"caption\":\"Claravision\"},\"image\":{\"@id\":\"https:\/\/www.claravision.com\/en\/#\/schema\/logo\/image\/\"},\"sameAs\":[\"https:\/\/www.linkedin.com\/company\/claravision\/\",\"https:\/\/www.youtube.com\/channel\/UCgfTotdIXpHE6jHh29gYUnw\"],\"description\":\"Clara Vision est une soci\u00e9t\u00e9 fran\u00e7aise fond\u00e9e en 1994 sp\u00e9cialis\u00e9e dans l\u2019imagerie scientifique et industrielle. Depuis 30 ans, Clara Vision con\u00e7oit et d\u00e9veloppe des logiciels d\u2019acquisition et d\u2019analyse d\u2019images d\u00e9di\u00e9s principalement au contr\u00f4le qualit\u00e9 et \u00e0 la recherche.\",\"email\":\"info@claravision.com\",\"telephone\":\"0169860130\",\"legalName\":\"CLARA VISION SAS\",\"foundingDate\":\"1994-12-29\",\"vatID\":\"FR29399379593\",\"taxID\":\"39937959300060\",\"iso6523Code\":\"399379593\",\"numberOfEmployees\":{\"@type\":\"QuantitativeValue\",\"minValue\":\"1\",\"maxValue\":\"10\"},\"address\":{\"@type\":\"PostalAddress\",\"streetAddress\":\"2 ROUTE DE GISY PARC BUROSPACE\",\"addressLocality\":\"BIEVRES\",\"postalCode\":\"91570\",\"addressCountry\":\"FR\"}}]}<\/script>\n<!-- \/ Yoast SEO Premium plugin. -->","yoast_head_json":{"title":"References - Claravision","robots":{"index":"index","follow":"follow","max-snippet":"max-snippet:-1","max-image-preview":"max-image-preview:large","max-video-preview":"max-video-preview:-1"},"canonical":"https:\/\/www.claravision.com\/en\/references\/","og_locale":"en_US","og_type":"article","og_title":"References","og_url":"https:\/\/www.claravision.com\/en\/references\/","og_site_name":"Claravision","article_modified_time":"2019-07-18T10:01:01+00:00","twitter_card":"summary_large_image","schema":{"@context":"https:\/\/schema.org","@graph":[{"@type":"WebPage","@id":"https:\/\/www.claravision.com\/en\/references\/","url":"https:\/\/www.claravision.com\/en\/references\/","name":"References - Claravision","isPartOf":{"@id":"https:\/\/www.claravision.com\/en\/#website"},"datePublished":"2019-04-30T07:37:28+00:00","dateModified":"2019-07-18T10:01:01+00:00","breadcrumb":{"@id":"https:\/\/www.claravision.com\/en\/references\/#breadcrumb"},"inLanguage":"en-US","potentialAction":[{"@type":"ReadAction","target":["https:\/\/www.claravision.com\/en\/references\/"]}]},{"@type":"BreadcrumbList","@id":"https:\/\/www.claravision.com\/en\/references\/#breadcrumb","itemListElement":[{"@type":"ListItem","position":1,"name":"Home","item":"https:\/\/www.claravision.com\/en\/"},{"@type":"ListItem","position":2,"name":"References"}]},{"@type":"WebSite","@id":"https:\/\/www.claravision.com\/en\/#website","url":"https:\/\/www.claravision.com\/en\/","name":"Claravision","description":"Logiciels et solutions d&#039;analyse d&#039;images","publisher":{"@id":"https:\/\/www.claravision.com\/en\/#organization"},"potentialAction":[{"@type":"SearchAction","target":{"@type":"EntryPoint","urlTemplate":"https:\/\/www.claravision.com\/en\/?s={search_term_string}"},"query-input":{"@type":"PropertyValueSpecification","valueRequired":true,"valueName":"search_term_string"}}],"inLanguage":"en-US"},{"@type":"Organization","@id":"https:\/\/www.claravision.com\/en\/#organization","name":"Claravision","url":"https:\/\/www.claravision.com\/en\/","logo":{"@type":"ImageObject","inLanguage":"en-US","@id":"https:\/\/www.claravision.com\/en\/#\/schema\/logo\/image\/","url":"https:\/\/www.claravision.com\/w2020\/wp-content\/uploads\/2021\/12\/logo-claravision.png","contentUrl":"https:\/\/www.claravision.com\/w2020\/wp-content\/uploads\/2021\/12\/logo-claravision.png","width":124,"height":124,"caption":"Claravision"},"image":{"@id":"https:\/\/www.claravision.com\/en\/#\/schema\/logo\/image\/"},"sameAs":["https:\/\/www.linkedin.com\/company\/claravision\/","https:\/\/www.youtube.com\/channel\/UCgfTotdIXpHE6jHh29gYUnw"],"description":"Clara Vision est une soci\u00e9t\u00e9 fran\u00e7aise fond\u00e9e en 1994 sp\u00e9cialis\u00e9e dans l\u2019imagerie scientifique et industrielle. Depuis 30 ans, Clara Vision con\u00e7oit et d\u00e9veloppe des logiciels d\u2019acquisition et d\u2019analyse d\u2019images d\u00e9di\u00e9s principalement au contr\u00f4le qualit\u00e9 et \u00e0 la recherche.","email":"info@claravision.com","telephone":"0169860130","legalName":"CLARA VISION SAS","foundingDate":"1994-12-29","vatID":"FR29399379593","taxID":"39937959300060","iso6523Code":"399379593","numberOfEmployees":{"@type":"QuantitativeValue","minValue":"1","maxValue":"10"},"address":{"@type":"PostalAddress","streetAddress":"2 ROUTE DE GISY PARC BUROSPACE","addressLocality":"BIEVRES","postalCode":"91570","addressCountry":"FR"}}]}},"_links":{"self":[{"href":"https:\/\/www.claravision.com\/en\/wp-json\/wp\/v2\/pages\/786","targetHints":{"allow":["GET"]}}],"collection":[{"href":"https:\/\/www.claravision.com\/en\/wp-json\/wp\/v2\/pages"}],"about":[{"href":"https:\/\/www.claravision.com\/en\/wp-json\/wp\/v2\/types\/page"}],"author":[{"embeddable":true,"href":"https:\/\/www.claravision.com\/en\/wp-json\/wp\/v2\/users\/1"}],"replies":[{"embeddable":true,"href":"https:\/\/www.claravision.com\/en\/wp-json\/wp\/v2\/comments?post=786"}],"version-history":[{"count":1,"href":"https:\/\/www.claravision.com\/en\/wp-json\/wp\/v2\/pages\/786\/revisions"}],"predecessor-version":[{"id":787,"href":"https:\/\/www.claravision.com\/en\/wp-json\/wp\/v2\/pages\/786\/revisions\/787"}],"wp:attachment":[{"href":"https:\/\/www.claravision.com\/en\/wp-json\/wp\/v2\/media?parent=786"}],"curies":[{"name":"wp","href":"https:\/\/api.w.org\/{rel}","templated":true}]}}