{"id":793,"date":"2019-04-30T09:37:43","date_gmt":"2019-04-30T07:37:43","guid":{"rendered":"https:\/\/www.claravision.com\/who-are-we\/"},"modified":"2019-07-17T12:47:58","modified_gmt":"2019-07-17T10:47:58","slug":"who-are-we","status":"publish","type":"page","link":"https:\/\/www.claravision.com\/en\/who-are-we\/","title":{"rendered":"About Us"},"content":{"rendered":"\n<p>Clara Vision is a French company founded in 1994 specialized in scientific and industrial imaging.<\/p>\n\n\n\n<p>For 25 years, we have been designing and developing image acquisition and analysis software dedicated mainly to quality control and research.<\/p>\n\n\n\n<p>From the simplest solution to the complete imaging station, Clara Vision adapts to the needs of these customers!<\/p>\n\n\n\n<p>The headquarters of the company is based in France, in Verri\u00e8res le Buisson.<\/p>\n\n\n\n<p>Clara Vision relies on a network of dedicated distributors whether in France or abroad.<\/p>\n","protected":false},"excerpt":{"rendered":"<p>Clara Vision is a French company founded in 1994 specialized in scientific and industrial imaging. For 25 years, we have been designing and developing image acquisition and analysis software dedicated mainly to quality control and research. From the simplest solution to the complete imaging station, Clara Vision adapts to the needs of these customers! The [&hellip;]<\/p>\n","protected":false},"author":1,"featured_media":0,"parent":0,"menu_order":0,"comment_status":"closed","ping_status":"closed","template":"","meta":{"_acf_changed":false,"footnotes":""},"class_list":["post-793","page","type-page","status-publish","hentry"],"acf":[],"yoast_head":"<!-- This site is optimized with the Yoast SEO Premium plugin v27.0 (Yoast SEO v27.0) - https:\/\/yoast.com\/product\/yoast-seo-premium-wordpress\/ -->\n<title>About Us - Claravision<\/title>\n<meta name=\"robots\" content=\"index, follow, max-snippet:-1, max-image-preview:large, max-video-preview:-1\" \/>\n<link rel=\"canonical\" href=\"https:\/\/www.claravision.com\/en\/who-are-we\/\" \/>\n<meta property=\"og:locale\" content=\"en_US\" \/>\n<meta property=\"og:type\" content=\"article\" \/>\n<meta property=\"og:title\" content=\"About Us\" \/>\n<meta property=\"og:description\" content=\"Clara Vision is a French company founded in 1994 specialized in scientific and industrial imaging. For 25 years, we have been designing and developing image acquisition and analysis software dedicated mainly to quality control and research. From the simplest solution to the complete imaging station, Clara Vision adapts to the needs of these customers! The [&hellip;]\" \/>\n<meta property=\"og:url\" content=\"https:\/\/www.claravision.com\/en\/who-are-we\/\" \/>\n<meta property=\"og:site_name\" content=\"Claravision\" \/>\n<meta property=\"article:modified_time\" content=\"2019-07-17T10:47:58+00:00\" \/>\n<meta name=\"twitter:card\" content=\"summary_large_image\" \/>\n<script type=\"application\/ld+json\" class=\"yoast-schema-graph\">{\"@context\":\"https:\/\/schema.org\",\"@graph\":[{\"@type\":\"WebPage\",\"@id\":\"https:\/\/www.claravision.com\/en\/who-are-we\/\",\"url\":\"https:\/\/www.claravision.com\/en\/who-are-we\/\",\"name\":\"About Us - Claravision\",\"isPartOf\":{\"@id\":\"https:\/\/www.claravision.com\/en\/#website\"},\"datePublished\":\"2019-04-30T07:37:43+00:00\",\"dateModified\":\"2019-07-17T10:47:58+00:00\",\"breadcrumb\":{\"@id\":\"https:\/\/www.claravision.com\/en\/who-are-we\/#breadcrumb\"},\"inLanguage\":\"en-US\",\"potentialAction\":[{\"@type\":\"ReadAction\",\"target\":[\"https:\/\/www.claravision.com\/en\/who-are-we\/\"]}]},{\"@type\":\"BreadcrumbList\",\"@id\":\"https:\/\/www.claravision.com\/en\/who-are-we\/#breadcrumb\",\"itemListElement\":[{\"@type\":\"ListItem\",\"position\":1,\"name\":\"Home\",\"item\":\"https:\/\/www.claravision.com\/en\/\"},{\"@type\":\"ListItem\",\"position\":2,\"name\":\"About Us\"}]},{\"@type\":\"WebSite\",\"@id\":\"https:\/\/www.claravision.com\/en\/#website\",\"url\":\"https:\/\/www.claravision.com\/en\/\",\"name\":\"Claravision\",\"description\":\"Logiciels et solutions d&#039;analyse d&#039;images\",\"publisher\":{\"@id\":\"https:\/\/www.claravision.com\/en\/#organization\"},\"potentialAction\":[{\"@type\":\"SearchAction\",\"target\":{\"@type\":\"EntryPoint\",\"urlTemplate\":\"https:\/\/www.claravision.com\/en\/?s={search_term_string}\"},\"query-input\":{\"@type\":\"PropertyValueSpecification\",\"valueRequired\":true,\"valueName\":\"search_term_string\"}}],\"inLanguage\":\"en-US\"},{\"@type\":\"Organization\",\"@id\":\"https:\/\/www.claravision.com\/en\/#organization\",\"name\":\"Claravision\",\"url\":\"https:\/\/www.claravision.com\/en\/\",\"logo\":{\"@type\":\"ImageObject\",\"inLanguage\":\"en-US\",\"@id\":\"https:\/\/www.claravision.com\/en\/#\/schema\/logo\/image\/\",\"url\":\"https:\/\/www.claravision.com\/w2020\/wp-content\/uploads\/2021\/12\/logo-claravision.png\",\"contentUrl\":\"https:\/\/www.claravision.com\/w2020\/wp-content\/uploads\/2021\/12\/logo-claravision.png\",\"width\":124,\"height\":124,\"caption\":\"Claravision\"},\"image\":{\"@id\":\"https:\/\/www.claravision.com\/en\/#\/schema\/logo\/image\/\"},\"sameAs\":[\"https:\/\/www.linkedin.com\/company\/claravision\/\",\"https:\/\/www.youtube.com\/channel\/UCgfTotdIXpHE6jHh29gYUnw\"],\"description\":\"Clara Vision est une soci\u00e9t\u00e9 fran\u00e7aise fond\u00e9e en 1994 sp\u00e9cialis\u00e9e dans l\u2019imagerie scientifique et industrielle. Depuis 30 ans, Clara Vision con\u00e7oit et d\u00e9veloppe des logiciels d\u2019acquisition et d\u2019analyse d\u2019images d\u00e9di\u00e9s principalement au contr\u00f4le qualit\u00e9 et \u00e0 la recherche.\",\"email\":\"info@claravision.com\",\"telephone\":\"0169860130\",\"legalName\":\"CLARA VISION SAS\",\"foundingDate\":\"1994-12-29\",\"vatID\":\"FR29399379593\",\"taxID\":\"39937959300060\",\"iso6523Code\":\"399379593\",\"numberOfEmployees\":{\"@type\":\"QuantitativeValue\",\"minValue\":\"1\",\"maxValue\":\"10\"},\"address\":{\"@type\":\"PostalAddress\",\"streetAddress\":\"2 ROUTE DE GISY PARC BUROSPACE\",\"addressLocality\":\"BIEVRES\",\"postalCode\":\"91570\",\"addressCountry\":\"FR\"}}]}<\/script>\n<!-- \/ Yoast SEO Premium plugin. -->","yoast_head_json":{"title":"About Us - Claravision","robots":{"index":"index","follow":"follow","max-snippet":"max-snippet:-1","max-image-preview":"max-image-preview:large","max-video-preview":"max-video-preview:-1"},"canonical":"https:\/\/www.claravision.com\/en\/who-are-we\/","og_locale":"en_US","og_type":"article","og_title":"About Us","og_description":"Clara Vision is a French company founded in 1994 specialized in scientific and industrial imaging. For 25 years, we have been designing and developing image acquisition and analysis software dedicated mainly to quality control and research. From the simplest solution to the complete imaging station, Clara Vision adapts to the needs of these customers! The [&hellip;]","og_url":"https:\/\/www.claravision.com\/en\/who-are-we\/","og_site_name":"Claravision","article_modified_time":"2019-07-17T10:47:58+00:00","twitter_card":"summary_large_image","schema":{"@context":"https:\/\/schema.org","@graph":[{"@type":"WebPage","@id":"https:\/\/www.claravision.com\/en\/who-are-we\/","url":"https:\/\/www.claravision.com\/en\/who-are-we\/","name":"About Us - Claravision","isPartOf":{"@id":"https:\/\/www.claravision.com\/en\/#website"},"datePublished":"2019-04-30T07:37:43+00:00","dateModified":"2019-07-17T10:47:58+00:00","breadcrumb":{"@id":"https:\/\/www.claravision.com\/en\/who-are-we\/#breadcrumb"},"inLanguage":"en-US","potentialAction":[{"@type":"ReadAction","target":["https:\/\/www.claravision.com\/en\/who-are-we\/"]}]},{"@type":"BreadcrumbList","@id":"https:\/\/www.claravision.com\/en\/who-are-we\/#breadcrumb","itemListElement":[{"@type":"ListItem","position":1,"name":"Home","item":"https:\/\/www.claravision.com\/en\/"},{"@type":"ListItem","position":2,"name":"About Us"}]},{"@type":"WebSite","@id":"https:\/\/www.claravision.com\/en\/#website","url":"https:\/\/www.claravision.com\/en\/","name":"Claravision","description":"Logiciels et solutions d&#039;analyse d&#039;images","publisher":{"@id":"https:\/\/www.claravision.com\/en\/#organization"},"potentialAction":[{"@type":"SearchAction","target":{"@type":"EntryPoint","urlTemplate":"https:\/\/www.claravision.com\/en\/?s={search_term_string}"},"query-input":{"@type":"PropertyValueSpecification","valueRequired":true,"valueName":"search_term_string"}}],"inLanguage":"en-US"},{"@type":"Organization","@id":"https:\/\/www.claravision.com\/en\/#organization","name":"Claravision","url":"https:\/\/www.claravision.com\/en\/","logo":{"@type":"ImageObject","inLanguage":"en-US","@id":"https:\/\/www.claravision.com\/en\/#\/schema\/logo\/image\/","url":"https:\/\/www.claravision.com\/w2020\/wp-content\/uploads\/2021\/12\/logo-claravision.png","contentUrl":"https:\/\/www.claravision.com\/w2020\/wp-content\/uploads\/2021\/12\/logo-claravision.png","width":124,"height":124,"caption":"Claravision"},"image":{"@id":"https:\/\/www.claravision.com\/en\/#\/schema\/logo\/image\/"},"sameAs":["https:\/\/www.linkedin.com\/company\/claravision\/","https:\/\/www.youtube.com\/channel\/UCgfTotdIXpHE6jHh29gYUnw"],"description":"Clara Vision est une soci\u00e9t\u00e9 fran\u00e7aise fond\u00e9e en 1994 sp\u00e9cialis\u00e9e dans l\u2019imagerie scientifique et industrielle. Depuis 30 ans, Clara Vision con\u00e7oit et d\u00e9veloppe des logiciels d\u2019acquisition et d\u2019analyse d\u2019images d\u00e9di\u00e9s principalement au contr\u00f4le qualit\u00e9 et \u00e0 la recherche.","email":"info@claravision.com","telephone":"0169860130","legalName":"CLARA VISION SAS","foundingDate":"1994-12-29","vatID":"FR29399379593","taxID":"39937959300060","iso6523Code":"399379593","numberOfEmployees":{"@type":"QuantitativeValue","minValue":"1","maxValue":"10"},"address":{"@type":"PostalAddress","streetAddress":"2 ROUTE DE GISY PARC BUROSPACE","addressLocality":"BIEVRES","postalCode":"91570","addressCountry":"FR"}}]}},"_links":{"self":[{"href":"https:\/\/www.claravision.com\/en\/wp-json\/wp\/v2\/pages\/793","targetHints":{"allow":["GET"]}}],"collection":[{"href":"https:\/\/www.claravision.com\/en\/wp-json\/wp\/v2\/pages"}],"about":[{"href":"https:\/\/www.claravision.com\/en\/wp-json\/wp\/v2\/types\/page"}],"author":[{"embeddable":true,"href":"https:\/\/www.claravision.com\/en\/wp-json\/wp\/v2\/users\/1"}],"replies":[{"embeddable":true,"href":"https:\/\/www.claravision.com\/en\/wp-json\/wp\/v2\/comments?post=793"}],"version-history":[{"count":6,"href":"https:\/\/www.claravision.com\/en\/wp-json\/wp\/v2\/pages\/793\/revisions"}],"predecessor-version":[{"id":831,"href":"https:\/\/www.claravision.com\/en\/wp-json\/wp\/v2\/pages\/793\/revisions\/831"}],"wp:attachment":[{"href":"https:\/\/www.claravision.com\/en\/wp-json\/wp\/v2\/media?parent=793"}],"curies":[{"name":"wp","href":"https:\/\/api.w.org\/{rel}","templated":true}]}}