{"id":804,"date":"2019-04-30T09:37:08","date_gmt":"2019-04-30T07:37:08","guid":{"rendered":"https:\/\/www.claravision.com\/job-opportunities\/"},"modified":"2019-07-17T12:46:49","modified_gmt":"2019-07-17T10:46:49","slug":"job-opportunities","status":"publish","type":"page","link":"https:\/\/www.claravision.com\/en\/job-opportunities\/","title":{"rendered":"Job opportunities"},"content":{"rendered":"\n<p><strong>C # \/ C ++ developer internship<\/strong><\/p>\n\n\n\n<p>\n\nClara Vision is a company specialized in industrial imaging.\n\n<\/p>\n\n\n\n<p>We want to modernize and enrich our imaging software dedicated to optical microscopy.<\/p>\n\n\n\n<p>Within our team, you will be in charge of the software redesign:<\/p>\n\n\n\n<ul class=\"wp-block-list\"><li>Software interface: Complete overhaul.<\/li><li>Features : Add new features and reimplementation of existing imaging functions.<\/li><\/ul>\n\n\n\n<p style=\"text-align:left\"><strong>Programming languages<\/strong><\/p>\n\n\n\n<ul class=\"wp-block-list\"><li>WPF (C # + XAML) for the software interface<\/li><li>C \/ C ++ for the functional aspect<\/li><\/ul>\n\n\n\n<p><strong>Framework<\/strong><\/p>\n\n\n\n<ul class=\"wp-block-list\"><li>Microsoft Visual Studio<\/li><\/ul>\n\n\n\n<p><strong>Location<\/strong><\/p>\n\n\n\n<ul class=\"wp-block-list\"><li>Verri\u00e8res-le-Buisson (91) &#8211; France<\/li><\/ul>\n\n\n\n<p><strong>Beginning of the internship<\/strong><\/p>\n\n\n\n<ul class=\"wp-block-list\"><li>To define<\/li><\/ul>\n\n\n\n<p><strong>Type of employment<\/strong><\/p>\n\n\n\n<ul class=\"wp-block-list\"><li>6 months  Internship  with possibility of hiring.<\/li><\/ul>\n\n\n\n<p><strong>Required profile<\/strong><\/p>\n\n\n\n<ul class=\"wp-block-list\"><li>3rd year level of engineering school (bac +5)<\/li><li>Programming language: C #, C \/ C ++<\/li><\/ul>\n\n\n\n<p><strong>You are interested ?<\/strong> Send your application to <a href=\"mailto:info@claravision.com\">info@claravision.com<\/a><\/p>\n","protected":false},"excerpt":{"rendered":"<p>C # \/ C ++ developer internship Clara Vision is a company specialized in industrial imaging. We want to modernize and enrich our imaging software dedicated to optical microscopy. Within our team, you will be in charge of the software redesign: Software interface: Complete overhaul. Features : Add new features and reimplementation of existing imaging [&hellip;]<\/p>\n","protected":false},"author":1,"featured_media":0,"parent":0,"menu_order":0,"comment_status":"closed","ping_status":"closed","template":"","meta":{"_acf_changed":false,"footnotes":""},"class_list":["post-804","page","type-page","status-publish","hentry"],"acf":[],"yoast_head":"<!-- This site is optimized with the Yoast SEO Premium plugin v27.4 (Yoast SEO v27.4) - https:\/\/yoast.com\/product\/yoast-seo-premium-wordpress\/ -->\n<title>Job opportunities - Claravision<\/title>\n<meta name=\"robots\" content=\"index, follow, max-snippet:-1, max-image-preview:large, max-video-preview:-1\" \/>\n<link rel=\"canonical\" href=\"https:\/\/www.claravision.com\/en\/job-opportunities\/\" \/>\n<meta property=\"og:locale\" content=\"en_US\" \/>\n<meta property=\"og:type\" content=\"article\" \/>\n<meta property=\"og:title\" content=\"Job opportunities\" \/>\n<meta property=\"og:description\" content=\"C # \/ C ++ developer internship Clara Vision is a company specialized in industrial imaging. We want to modernize and enrich our imaging software dedicated to optical microscopy. Within our team, you will be in charge of the software redesign: Software interface: Complete overhaul. Features : Add new features and reimplementation of existing imaging [&hellip;]\" \/>\n<meta property=\"og:url\" content=\"https:\/\/www.claravision.com\/en\/job-opportunities\/\" \/>\n<meta property=\"og:site_name\" content=\"Claravision\" \/>\n<meta property=\"article:modified_time\" content=\"2019-07-17T10:46:49+00:00\" \/>\n<meta name=\"twitter:card\" content=\"summary_large_image\" \/>\n<meta name=\"twitter:label1\" content=\"Est. reading time\" \/>\n\t<meta name=\"twitter:data1\" content=\"1 minute\" \/>\n<script type=\"application\/ld+json\" class=\"yoast-schema-graph\">{\"@context\":\"https:\\\/\\\/schema.org\",\"@graph\":[{\"@type\":\"WebPage\",\"@id\":\"https:\\\/\\\/www.claravision.com\\\/en\\\/job-opportunities\\\/\",\"url\":\"https:\\\/\\\/www.claravision.com\\\/en\\\/job-opportunities\\\/\",\"name\":\"Job opportunities - Claravision\",\"isPartOf\":{\"@id\":\"https:\\\/\\\/www.claravision.com\\\/en\\\/#website\"},\"datePublished\":\"2019-04-30T07:37:08+00:00\",\"dateModified\":\"2019-07-17T10:46:49+00:00\",\"breadcrumb\":{\"@id\":\"https:\\\/\\\/www.claravision.com\\\/en\\\/job-opportunities\\\/#breadcrumb\"},\"inLanguage\":\"en-US\",\"potentialAction\":[{\"@type\":\"ReadAction\",\"target\":[\"https:\\\/\\\/www.claravision.com\\\/en\\\/job-opportunities\\\/\"]}]},{\"@type\":\"BreadcrumbList\",\"@id\":\"https:\\\/\\\/www.claravision.com\\\/en\\\/job-opportunities\\\/#breadcrumb\",\"itemListElement\":[{\"@type\":\"ListItem\",\"position\":1,\"name\":\"Home\",\"item\":\"https:\\\/\\\/www.claravision.com\\\/en\\\/\"},{\"@type\":\"ListItem\",\"position\":2,\"name\":\"Job opportunities\"}]},{\"@type\":\"WebSite\",\"@id\":\"https:\\\/\\\/www.claravision.com\\\/en\\\/#website\",\"url\":\"https:\\\/\\\/www.claravision.com\\\/en\\\/\",\"name\":\"Claravision\",\"description\":\"Logiciels et solutions d&#039;analyse d&#039;images\",\"publisher\":{\"@id\":\"https:\\\/\\\/www.claravision.com\\\/en\\\/#organization\"},\"potentialAction\":[{\"@type\":\"SearchAction\",\"target\":{\"@type\":\"EntryPoint\",\"urlTemplate\":\"https:\\\/\\\/www.claravision.com\\\/en\\\/?s={search_term_string}\"},\"query-input\":{\"@type\":\"PropertyValueSpecification\",\"valueRequired\":true,\"valueName\":\"search_term_string\"}}],\"inLanguage\":\"en-US\"},{\"@type\":\"Organization\",\"@id\":\"https:\\\/\\\/www.claravision.com\\\/en\\\/#organization\",\"name\":\"Claravision\",\"url\":\"https:\\\/\\\/www.claravision.com\\\/en\\\/\",\"logo\":{\"@type\":\"ImageObject\",\"inLanguage\":\"en-US\",\"@id\":\"https:\\\/\\\/www.claravision.com\\\/en\\\/#\\\/schema\\\/logo\\\/image\\\/\",\"url\":\"https:\\\/\\\/www.claravision.com\\\/w2020\\\/wp-content\\\/uploads\\\/2021\\\/12\\\/logo-claravision.png\",\"contentUrl\":\"https:\\\/\\\/www.claravision.com\\\/w2020\\\/wp-content\\\/uploads\\\/2021\\\/12\\\/logo-claravision.png\",\"width\":124,\"height\":124,\"caption\":\"Claravision\"},\"image\":{\"@id\":\"https:\\\/\\\/www.claravision.com\\\/en\\\/#\\\/schema\\\/logo\\\/image\\\/\"},\"sameAs\":[\"https:\\\/\\\/www.linkedin.com\\\/company\\\/claravision\\\/\",\"https:\\\/\\\/www.youtube.com\\\/channel\\\/UCgfTotdIXpHE6jHh29gYUnw\"],\"description\":\"Clara Vision est une soci\u00e9t\u00e9 fran\u00e7aise fond\u00e9e en 1994 sp\u00e9cialis\u00e9e dans l\u2019imagerie scientifique et industrielle. Depuis 30 ans, Clara Vision con\u00e7oit et d\u00e9veloppe des logiciels d\u2019acquisition et d\u2019analyse d\u2019images d\u00e9di\u00e9s principalement au contr\u00f4le qualit\u00e9 et \u00e0 la recherche.\",\"email\":\"info@claravision.com\",\"telephone\":\"0169860130\",\"legalName\":\"CLARA VISION SAS\",\"foundingDate\":\"1994-12-29\",\"vatID\":\"FR29399379593\",\"taxID\":\"39937959300060\",\"iso6523Code\":\"399379593\",\"numberOfEmployees\":{\"@type\":\"QuantitativeValue\",\"minValue\":\"1\",\"maxValue\":\"10\"},\"address\":{\"@type\":\"PostalAddress\",\"streetAddress\":\"2 ROUTE DE GISY PARC BUROSPACE\",\"addressLocality\":\"BIEVRES\",\"postalCode\":\"91570\",\"addressCountry\":\"FR\"}}]}<\/script>\n<!-- \/ Yoast SEO Premium plugin. -->","yoast_head_json":{"title":"Job opportunities - Claravision","robots":{"index":"index","follow":"follow","max-snippet":"max-snippet:-1","max-image-preview":"max-image-preview:large","max-video-preview":"max-video-preview:-1"},"canonical":"https:\/\/www.claravision.com\/en\/job-opportunities\/","og_locale":"en_US","og_type":"article","og_title":"Job opportunities","og_description":"C # \/ C ++ developer internship Clara Vision is a company specialized in industrial imaging. We want to modernize and enrich our imaging software dedicated to optical microscopy. Within our team, you will be in charge of the software redesign: Software interface: Complete overhaul. Features : Add new features and reimplementation of existing imaging [&hellip;]","og_url":"https:\/\/www.claravision.com\/en\/job-opportunities\/","og_site_name":"Claravision","article_modified_time":"2019-07-17T10:46:49+00:00","twitter_card":"summary_large_image","twitter_misc":{"Est. reading time":"1 minute"},"schema":{"@context":"https:\/\/schema.org","@graph":[{"@type":"WebPage","@id":"https:\/\/www.claravision.com\/en\/job-opportunities\/","url":"https:\/\/www.claravision.com\/en\/job-opportunities\/","name":"Job opportunities - Claravision","isPartOf":{"@id":"https:\/\/www.claravision.com\/en\/#website"},"datePublished":"2019-04-30T07:37:08+00:00","dateModified":"2019-07-17T10:46:49+00:00","breadcrumb":{"@id":"https:\/\/www.claravision.com\/en\/job-opportunities\/#breadcrumb"},"inLanguage":"en-US","potentialAction":[{"@type":"ReadAction","target":["https:\/\/www.claravision.com\/en\/job-opportunities\/"]}]},{"@type":"BreadcrumbList","@id":"https:\/\/www.claravision.com\/en\/job-opportunities\/#breadcrumb","itemListElement":[{"@type":"ListItem","position":1,"name":"Home","item":"https:\/\/www.claravision.com\/en\/"},{"@type":"ListItem","position":2,"name":"Job opportunities"}]},{"@type":"WebSite","@id":"https:\/\/www.claravision.com\/en\/#website","url":"https:\/\/www.claravision.com\/en\/","name":"Claravision","description":"Logiciels et solutions d&#039;analyse d&#039;images","publisher":{"@id":"https:\/\/www.claravision.com\/en\/#organization"},"potentialAction":[{"@type":"SearchAction","target":{"@type":"EntryPoint","urlTemplate":"https:\/\/www.claravision.com\/en\/?s={search_term_string}"},"query-input":{"@type":"PropertyValueSpecification","valueRequired":true,"valueName":"search_term_string"}}],"inLanguage":"en-US"},{"@type":"Organization","@id":"https:\/\/www.claravision.com\/en\/#organization","name":"Claravision","url":"https:\/\/www.claravision.com\/en\/","logo":{"@type":"ImageObject","inLanguage":"en-US","@id":"https:\/\/www.claravision.com\/en\/#\/schema\/logo\/image\/","url":"https:\/\/www.claravision.com\/w2020\/wp-content\/uploads\/2021\/12\/logo-claravision.png","contentUrl":"https:\/\/www.claravision.com\/w2020\/wp-content\/uploads\/2021\/12\/logo-claravision.png","width":124,"height":124,"caption":"Claravision"},"image":{"@id":"https:\/\/www.claravision.com\/en\/#\/schema\/logo\/image\/"},"sameAs":["https:\/\/www.linkedin.com\/company\/claravision\/","https:\/\/www.youtube.com\/channel\/UCgfTotdIXpHE6jHh29gYUnw"],"description":"Clara Vision est une soci\u00e9t\u00e9 fran\u00e7aise fond\u00e9e en 1994 sp\u00e9cialis\u00e9e dans l\u2019imagerie scientifique et industrielle. Depuis 30 ans, Clara Vision con\u00e7oit et d\u00e9veloppe des logiciels d\u2019acquisition et d\u2019analyse d\u2019images d\u00e9di\u00e9s principalement au contr\u00f4le qualit\u00e9 et \u00e0 la recherche.","email":"info@claravision.com","telephone":"0169860130","legalName":"CLARA VISION SAS","foundingDate":"1994-12-29","vatID":"FR29399379593","taxID":"39937959300060","iso6523Code":"399379593","numberOfEmployees":{"@type":"QuantitativeValue","minValue":"1","maxValue":"10"},"address":{"@type":"PostalAddress","streetAddress":"2 ROUTE DE GISY PARC BUROSPACE","addressLocality":"BIEVRES","postalCode":"91570","addressCountry":"FR"}}]}},"_links":{"self":[{"href":"https:\/\/www.claravision.com\/en\/wp-json\/wp\/v2\/pages\/804","targetHints":{"allow":["GET"]}}],"collection":[{"href":"https:\/\/www.claravision.com\/en\/wp-json\/wp\/v2\/pages"}],"about":[{"href":"https:\/\/www.claravision.com\/en\/wp-json\/wp\/v2\/types\/page"}],"author":[{"embeddable":true,"href":"https:\/\/www.claravision.com\/en\/wp-json\/wp\/v2\/users\/1"}],"replies":[{"embeddable":true,"href":"https:\/\/www.claravision.com\/en\/wp-json\/wp\/v2\/comments?post=804"}],"version-history":[{"count":5,"href":"https:\/\/www.claravision.com\/en\/wp-json\/wp\/v2\/pages\/804\/revisions"}],"predecessor-version":[{"id":830,"href":"https:\/\/www.claravision.com\/en\/wp-json\/wp\/v2\/pages\/804\/revisions\/830"}],"wp:attachment":[{"href":"https:\/\/www.claravision.com\/en\/wp-json\/wp\/v2\/media?parent=804"}],"curies":[{"name":"wp","href":"https:\/\/api.w.org\/{rel}","templated":true}]}}