{"id":10908,"date":"2019-04-29T09:31:17","date_gmt":"2019-04-29T07:31:17","guid":{"rendered":"https:\/\/www.claravision.com\/areas-de-actividad\/"},"modified":"2026-04-27T16:13:01","modified_gmt":"2026-04-27T14:13:01","slug":"areas-de-actividad","status":"publish","type":"page","link":"https:\/\/www.claravision.com\/es\/areas-de-actividad\/","title":{"rendered":"\u00c1reas de actividad"},"content":{"rendered":"<div class=\"iscol col-3 clear\"><article class=\"item mgb4\">\n\t\t\t\t\t<a href=\"https:\/\/www.claravision.com\/es\/domaine\/control-de-soldadura\/\" class=\"dis-b more-eye posrel tdn bor1 bor-grey\">\n\t\t\t\t\t\t<h2 class=\"itembef posrel h5 pd2 pdl5\">Control de soldadura<\/h2>\n\t\t\t\t\t\t<img decoding=\"async\" class=\"dis-b w100\" alt=\"Syst\u00e8me de contr\u00f4le de soudure\" src=\"https:\/\/www.claravision.com\/w2020\/wp-content\/uploads\/2019\/05\/Controle-de-soudure-final-300x300.jpg\">\n\t\t\t\t\t<\/a>\n\t\t\t\t<\/article><article class=\"item mgb4\">\n\t\t\t\t\t<a href=\"https:\/\/www.claravision.com\/es\/domaine\/inspeccion-y-medicion-de-cordones-de-soldadura-structureexpert-weld-6\/\" class=\"dis-b more-eye posrel tdn bor1 bor-grey\">\n\t\t\t\t\t\t<h2 class=\"itembef posrel h5 pd2 pdl5\">INSPECCI\u00d3N Y MEDICI\u00d3N DE CORDONES DE SOLDADURA STRUCTUREEXPERT WELD-6<\/h2>\n\t\t\t\t\t\t\n\t\t\t\t\t<\/a>\n\t\t\t\t<\/article><article class=\"item mgb4\">\n\t\t\t\t\t<a href=\"https:\/\/www.claravision.com\/es\/domaine\/luces-para-camaras-de-alta-velocidad\/\" class=\"dis-b more-eye posrel tdn bor1 bor-grey\">\n\t\t\t\t\t\t<h2 class=\"itembef posrel h5 pd2 pdl5\">Luces para c\u00e1maras de alta velocidad<\/h2>\n\t\t\t\t\t\t<img decoding=\"async\" class=\"dis-b w100\" alt=\"Gamme d'\u00e9clairage haute puissance pour TroublePad\" src=\"https:\/\/www.claravision.com\/w2020\/wp-content\/uploads\/2020\/04\/High_speed_camera_lighting_range-300x300.jpg\">\n\t\t\t\t\t<\/a>\n\t\t\t\t<\/article><article class=\"item mgb4\">\n\t\t\t\t\t<a href=\"https:\/\/www.claravision.com\/es\/domaine\/mantenimiento-industrial\/\" class=\"dis-b more-eye posrel tdn bor1 bor-grey\">\n\t\t\t\t\t\t<h2 class=\"itembef posrel h5 pd2 pdl5\">Mantenimiento industrial<\/h2>\n\t\t\t\t\t\t<img decoding=\"async\" class=\"dis-b w100\" alt=\"Cam\u00e9ra rapide pour la maintenance dans l'industrie\" src=\"https:\/\/www.claravision.com\/w2020\/wp-content\/uploads\/2019\/05\/maintenance-industrielle-final-300x300.jpg\">\n\t\t\t\t\t<\/a>\n\t\t\t\t<\/article><article class=\"item mgb4\">\n\t\t\t\t\t<a href=\"https:\/\/www.claravision.com\/es\/domaine\/microscopia-metalografia\/\" class=\"dis-b more-eye posrel tdn bor1 bor-grey\">\n\t\t\t\t\t\t<h2 class=\"itembef posrel h5 pd2 pdl5\">Microscop\u00eda\/Metalograf\u00eda<\/h2>\n\t\t\t\t\t\t<img decoding=\"async\" class=\"dis-b w100\" alt=\"Microscope en metallographie\" src=\"https:\/\/www.claravision.com\/w2020\/wp-content\/uploads\/2019\/05\/microscopie-metallograhie-final-300x300.jpg\">\n\t\t\t\t\t<\/a>\n\t\t\t\t<\/article><\/div>\n","protected":false},"excerpt":{"rendered":"","protected":false},"author":1,"featured_media":0,"parent":0,"menu_order":0,"comment_status":"closed","ping_status":"closed","template":"","meta":{"_acf_changed":false,"footnotes":""},"class_list":["post-10908","page","type-page","status-publish","hentry"],"acf":[],"yoast_head":"<!-- This site is optimized with the Yoast SEO Premium plugin v27.4 (Yoast SEO v27.4) - https:\/\/yoast.com\/product\/yoast-seo-premium-wordpress\/ -->\n<title>\u00c1reas de actividad - Claravision<\/title>\n<meta name=\"robots\" content=\"index, follow, max-snippet:-1, max-image-preview:large, max-video-preview:-1\" \/>\n<link rel=\"canonical\" href=\"https:\/\/www.claravision.com\/es\/areas-de-actividad\/\" \/>\n<meta property=\"og:locale\" content=\"es_ES\" \/>\n<meta property=\"og:type\" content=\"article\" \/>\n<meta property=\"og:title\" content=\"\u00c1reas de actividad\" \/>\n<meta property=\"og:url\" content=\"https:\/\/www.claravision.com\/es\/areas-de-actividad\/\" \/>\n<meta property=\"og:site_name\" content=\"Claravision\" \/>\n<meta property=\"article:modified_time\" content=\"2026-04-27T14:13:01+00:00\" \/>\n<meta name=\"twitter:card\" content=\"summary_large_image\" \/>\n<script type=\"application\/ld+json\" class=\"yoast-schema-graph\">{\"@context\":\"https:\\\/\\\/schema.org\",\"@graph\":[{\"@type\":\"WebPage\",\"@id\":\"https:\\\/\\\/www.claravision.com\\\/es\\\/areas-de-actividad\\\/\",\"url\":\"https:\\\/\\\/www.claravision.com\\\/es\\\/areas-de-actividad\\\/\",\"name\":\"\u00c1reas de actividad - Claravision\",\"isPartOf\":{\"@id\":\"https:\\\/\\\/www.claravision.com\\\/es\\\/#website\"},\"datePublished\":\"2019-04-29T07:31:17+00:00\",\"dateModified\":\"2026-04-27T14:13:01+00:00\",\"breadcrumb\":{\"@id\":\"https:\\\/\\\/www.claravision.com\\\/es\\\/areas-de-actividad\\\/#breadcrumb\"},\"inLanguage\":\"es-ES\",\"potentialAction\":[{\"@type\":\"ReadAction\",\"target\":[\"https:\\\/\\\/www.claravision.com\\\/es\\\/areas-de-actividad\\\/\"]}]},{\"@type\":\"BreadcrumbList\",\"@id\":\"https:\\\/\\\/www.claravision.com\\\/es\\\/areas-de-actividad\\\/#breadcrumb\",\"itemListElement\":[{\"@type\":\"ListItem\",\"position\":1,\"name\":\"Inicio\",\"item\":\"https:\\\/\\\/www.claravision.com\\\/es\\\/\"},{\"@type\":\"ListItem\",\"position\":2,\"name\":\"\u00c1reas de actividad\"}]},{\"@type\":\"WebSite\",\"@id\":\"https:\\\/\\\/www.claravision.com\\\/es\\\/#website\",\"url\":\"https:\\\/\\\/www.claravision.com\\\/es\\\/\",\"name\":\"Claravision\",\"description\":\"Logiciels et solutions d&#039;analyse d&#039;images\",\"publisher\":{\"@id\":\"https:\\\/\\\/www.claravision.com\\\/es\\\/#organization\"},\"potentialAction\":[{\"@type\":\"SearchAction\",\"target\":{\"@type\":\"EntryPoint\",\"urlTemplate\":\"https:\\\/\\\/www.claravision.com\\\/es\\\/?s={search_term_string}\"},\"query-input\":{\"@type\":\"PropertyValueSpecification\",\"valueRequired\":true,\"valueName\":\"search_term_string\"}}],\"inLanguage\":\"es-ES\"},{\"@type\":\"Organization\",\"@id\":\"https:\\\/\\\/www.claravision.com\\\/es\\\/#organization\",\"name\":\"Claravision\",\"url\":\"https:\\\/\\\/www.claravision.com\\\/es\\\/\",\"logo\":{\"@type\":\"ImageObject\",\"inLanguage\":\"es-ES\",\"@id\":\"https:\\\/\\\/www.claravision.com\\\/es\\\/#\\\/schema\\\/logo\\\/image\\\/\",\"url\":\"https:\\\/\\\/www.claravision.com\\\/w2020\\\/wp-content\\\/uploads\\\/2021\\\/12\\\/logo-claravision.png\",\"contentUrl\":\"https:\\\/\\\/www.claravision.com\\\/w2020\\\/wp-content\\\/uploads\\\/2021\\\/12\\\/logo-claravision.png\",\"width\":124,\"height\":124,\"caption\":\"Claravision\"},\"image\":{\"@id\":\"https:\\\/\\\/www.claravision.com\\\/es\\\/#\\\/schema\\\/logo\\\/image\\\/\"},\"sameAs\":[\"https:\\\/\\\/www.linkedin.com\\\/company\\\/claravision\\\/\",\"https:\\\/\\\/www.youtube.com\\\/channel\\\/UCgfTotdIXpHE6jHh29gYUnw\"],\"description\":\"Clara Vision est une soci\u00e9t\u00e9 fran\u00e7aise fond\u00e9e en 1994 sp\u00e9cialis\u00e9e dans l\u2019imagerie scientifique et industrielle. Depuis 30 ans, Clara Vision con\u00e7oit et d\u00e9veloppe des logiciels d\u2019acquisition et d\u2019analyse d\u2019images d\u00e9di\u00e9s principalement au contr\u00f4le qualit\u00e9 et \u00e0 la recherche.\",\"email\":\"info@claravision.com\",\"telephone\":\"0169860130\",\"legalName\":\"CLARA VISION SAS\",\"foundingDate\":\"1994-12-29\",\"vatID\":\"FR29399379593\",\"taxID\":\"39937959300060\",\"iso6523Code\":\"399379593\",\"numberOfEmployees\":{\"@type\":\"QuantitativeValue\",\"minValue\":\"1\",\"maxValue\":\"10\"},\"address\":{\"@type\":\"PostalAddress\",\"streetAddress\":\"2 ROUTE DE GISY PARC BUROSPACE\",\"addressLocality\":\"BIEVRES\",\"postalCode\":\"91570\",\"addressCountry\":\"FR\"}}]}<\/script>\n<!-- \/ Yoast SEO Premium plugin. -->","yoast_head_json":{"title":"\u00c1reas de actividad - Claravision","robots":{"index":"index","follow":"follow","max-snippet":"max-snippet:-1","max-image-preview":"max-image-preview:large","max-video-preview":"max-video-preview:-1"},"canonical":"https:\/\/www.claravision.com\/es\/areas-de-actividad\/","og_locale":"es_ES","og_type":"article","og_title":"\u00c1reas de actividad","og_url":"https:\/\/www.claravision.com\/es\/areas-de-actividad\/","og_site_name":"Claravision","article_modified_time":"2026-04-27T14:13:01+00:00","twitter_card":"summary_large_image","schema":{"@context":"https:\/\/schema.org","@graph":[{"@type":"WebPage","@id":"https:\/\/www.claravision.com\/es\/areas-de-actividad\/","url":"https:\/\/www.claravision.com\/es\/areas-de-actividad\/","name":"\u00c1reas de actividad - Claravision","isPartOf":{"@id":"https:\/\/www.claravision.com\/es\/#website"},"datePublished":"2019-04-29T07:31:17+00:00","dateModified":"2026-04-27T14:13:01+00:00","breadcrumb":{"@id":"https:\/\/www.claravision.com\/es\/areas-de-actividad\/#breadcrumb"},"inLanguage":"es-ES","potentialAction":[{"@type":"ReadAction","target":["https:\/\/www.claravision.com\/es\/areas-de-actividad\/"]}]},{"@type":"BreadcrumbList","@id":"https:\/\/www.claravision.com\/es\/areas-de-actividad\/#breadcrumb","itemListElement":[{"@type":"ListItem","position":1,"name":"Inicio","item":"https:\/\/www.claravision.com\/es\/"},{"@type":"ListItem","position":2,"name":"\u00c1reas de actividad"}]},{"@type":"WebSite","@id":"https:\/\/www.claravision.com\/es\/#website","url":"https:\/\/www.claravision.com\/es\/","name":"Claravision","description":"Logiciels et solutions d&#039;analyse d&#039;images","publisher":{"@id":"https:\/\/www.claravision.com\/es\/#organization"},"potentialAction":[{"@type":"SearchAction","target":{"@type":"EntryPoint","urlTemplate":"https:\/\/www.claravision.com\/es\/?s={search_term_string}"},"query-input":{"@type":"PropertyValueSpecification","valueRequired":true,"valueName":"search_term_string"}}],"inLanguage":"es-ES"},{"@type":"Organization","@id":"https:\/\/www.claravision.com\/es\/#organization","name":"Claravision","url":"https:\/\/www.claravision.com\/es\/","logo":{"@type":"ImageObject","inLanguage":"es-ES","@id":"https:\/\/www.claravision.com\/es\/#\/schema\/logo\/image\/","url":"https:\/\/www.claravision.com\/w2020\/wp-content\/uploads\/2021\/12\/logo-claravision.png","contentUrl":"https:\/\/www.claravision.com\/w2020\/wp-content\/uploads\/2021\/12\/logo-claravision.png","width":124,"height":124,"caption":"Claravision"},"image":{"@id":"https:\/\/www.claravision.com\/es\/#\/schema\/logo\/image\/"},"sameAs":["https:\/\/www.linkedin.com\/company\/claravision\/","https:\/\/www.youtube.com\/channel\/UCgfTotdIXpHE6jHh29gYUnw"],"description":"Clara Vision est une soci\u00e9t\u00e9 fran\u00e7aise fond\u00e9e en 1994 sp\u00e9cialis\u00e9e dans l\u2019imagerie scientifique et industrielle. Depuis 30 ans, Clara Vision con\u00e7oit et d\u00e9veloppe des logiciels d\u2019acquisition et d\u2019analyse d\u2019images d\u00e9di\u00e9s principalement au contr\u00f4le qualit\u00e9 et \u00e0 la recherche.","email":"info@claravision.com","telephone":"0169860130","legalName":"CLARA VISION SAS","foundingDate":"1994-12-29","vatID":"FR29399379593","taxID":"39937959300060","iso6523Code":"399379593","numberOfEmployees":{"@type":"QuantitativeValue","minValue":"1","maxValue":"10"},"address":{"@type":"PostalAddress","streetAddress":"2 ROUTE DE GISY PARC BUROSPACE","addressLocality":"BIEVRES","postalCode":"91570","addressCountry":"FR"}}]}},"_links":{"self":[{"href":"https:\/\/www.claravision.com\/es\/wp-json\/wp\/v2\/pages\/10908","targetHints":{"allow":["GET"]}}],"collection":[{"href":"https:\/\/www.claravision.com\/es\/wp-json\/wp\/v2\/pages"}],"about":[{"href":"https:\/\/www.claravision.com\/es\/wp-json\/wp\/v2\/types\/page"}],"author":[{"embeddable":true,"href":"https:\/\/www.claravision.com\/es\/wp-json\/wp\/v2\/users\/1"}],"replies":[{"embeddable":true,"href":"https:\/\/www.claravision.com\/es\/wp-json\/wp\/v2\/comments?post=10908"}],"version-history":[{"count":3,"href":"https:\/\/www.claravision.com\/es\/wp-json\/wp\/v2\/pages\/10908\/revisions"}],"predecessor-version":[{"id":10911,"href":"https:\/\/www.claravision.com\/es\/wp-json\/wp\/v2\/pages\/10908\/revisions\/10911"}],"wp:attachment":[{"href":"https:\/\/www.claravision.com\/es\/wp-json\/wp\/v2\/media?parent=10908"}],"curies":[{"name":"wp","href":"https:\/\/api.w.org\/{rel}","templated":true}]}}