{"id":3555,"date":"2019-04-29T09:31:55","date_gmt":"2019-04-29T07:31:55","guid":{"rendered":"https:\/\/www.claravision.com\/?page_id=3555"},"modified":"2022-05-12T11:53:12","modified_gmt":"2022-05-12T09:53:12","slug":"prodotti","status":"publish","type":"page","link":"https:\/\/www.claravision.com\/es\/prodotti\/","title":{"rendered":"Prodotti"},"content":{"rendered":"<div class=\"iscol col-3 clear\"><article class=\"item mgb4\">\n\t\t\t\t\t<a href=\"https:\/\/www.claravision.com\/es\/cat_produit\/estaciones-de-imagen\/\" class=\"dis-b more-eye posrel tdn bor1 bor-grey\">\n\t\t\t\t\t\t<h2 class=\"itembef posrel h5 pd2 pdl5\">Estaciones de imagen<\/h2>\n\t\t\t\t\t\t<img decoding=\"async\" class=\"dis-b w100\" alt=\"Sistema StructureExpert Weld en la industria\" src=\"https:\/\/www.claravision.com\/w2020\/wp-content\/uploads\/2019\/04\/StructureExpertWeld-300x300.jpg\">\n\t\t\t\t\t<\/a>\n\t\t\t\t<\/article><article class=\"item mgb4\">\n\t\t\t\t\t<a href=\"https:\/\/www.claravision.com\/es\/cat_produit\/software-de-imagen\/\" class=\"dis-b more-eye posrel tdn bor1 bor-grey\">\n\t\t\t\t\t\t<h2 class=\"itembef posrel h5 pd2 pdl5\">Software de imagen<\/h2>\n\t\t\t\t\t\t<img decoding=\"async\" class=\"dis-b w100\" alt=\"Software de an\u00e1lisis de im\u00e1genes para el control de calidad\" src=\"https:\/\/www.claravision.com\/w2020\/wp-content\/uploads\/2019\/06\/logiciel-analyse-metallographie-acquisition-image-300x300.jpg\">\n\t\t\t\t\t<\/a>\n\t\t\t\t<\/article><article class=\"item mgb4\">\n\t\t\t\t\t<a href=\"https:\/\/www.claravision.com\/es\/cat_produit\/video-rapido\/\" class=\"dis-b more-eye posrel tdn bor1 bor-grey\">\n\t\t\t\t\t\t<h2 class=\"itembef posrel h5 pd2 pdl5\">V\u00eddeo r\u00e1pido<\/h2>\n\t\t\t\t\t\t<img decoding=\"async\" class=\"dis-b w100\" alt=\"Cam\u00e9ra rapide TroublePad pour les lignes de production\" src=\"https:\/\/www.claravision.com\/w2020\/wp-content\/uploads\/2019\/05\/camera-rapide-troublepad-2-300x300.jpg\">\n\t\t\t\t\t<\/a>\n\t\t\t\t<\/article><\/div>\n","protected":false},"excerpt":{"rendered":"","protected":false},"author":1,"featured_media":0,"parent":0,"menu_order":0,"comment_status":"closed","ping_status":"closed","template":"","meta":{"_acf_changed":false,"footnotes":""},"class_list":["post-3555","page","type-page","status-publish","hentry"],"acf":[],"yoast_head":"<!-- This site is optimized with the Yoast SEO Premium plugin v27.4 (Yoast SEO v27.4) - https:\/\/yoast.com\/product\/yoast-seo-premium-wordpress\/ -->\n<title>Prodotti - Claravision<\/title>\n<meta name=\"robots\" content=\"index, follow, max-snippet:-1, max-image-preview:large, max-video-preview:-1\" \/>\n<link rel=\"canonical\" href=\"https:\/\/www.claravision.com\/es\/prodotti\/\" \/>\n<meta property=\"og:locale\" content=\"es_ES\" \/>\n<meta property=\"og:type\" content=\"article\" \/>\n<meta property=\"og:title\" content=\"Prodotti\" \/>\n<meta property=\"og:url\" content=\"https:\/\/www.claravision.com\/es\/prodotti\/\" \/>\n<meta property=\"og:site_name\" content=\"Claravision\" \/>\n<meta property=\"article:modified_time\" content=\"2022-05-12T09:53:12+00:00\" \/>\n<meta name=\"twitter:card\" content=\"summary_large_image\" \/>\n<script type=\"application\/ld+json\" class=\"yoast-schema-graph\">{\"@context\":\"https:\\\/\\\/schema.org\",\"@graph\":[{\"@type\":\"WebPage\",\"@id\":\"https:\\\/\\\/www.claravision.com\\\/es\\\/prodotti\\\/\",\"url\":\"https:\\\/\\\/www.claravision.com\\\/es\\\/prodotti\\\/\",\"name\":\"Prodotti - Claravision\",\"isPartOf\":{\"@id\":\"https:\\\/\\\/www.claravision.com\\\/es\\\/#website\"},\"datePublished\":\"2019-04-29T07:31:55+00:00\",\"dateModified\":\"2022-05-12T09:53:12+00:00\",\"breadcrumb\":{\"@id\":\"https:\\\/\\\/www.claravision.com\\\/es\\\/prodotti\\\/#breadcrumb\"},\"inLanguage\":\"es-ES\",\"potentialAction\":[{\"@type\":\"ReadAction\",\"target\":[\"https:\\\/\\\/www.claravision.com\\\/es\\\/prodotti\\\/\"]}]},{\"@type\":\"BreadcrumbList\",\"@id\":\"https:\\\/\\\/www.claravision.com\\\/es\\\/prodotti\\\/#breadcrumb\",\"itemListElement\":[{\"@type\":\"ListItem\",\"position\":1,\"name\":\"Inicio\",\"item\":\"https:\\\/\\\/www.claravision.com\\\/es\\\/\"},{\"@type\":\"ListItem\",\"position\":2,\"name\":\"Prodotti\"}]},{\"@type\":\"WebSite\",\"@id\":\"https:\\\/\\\/www.claravision.com\\\/es\\\/#website\",\"url\":\"https:\\\/\\\/www.claravision.com\\\/es\\\/\",\"name\":\"Claravision\",\"description\":\"Logiciels et solutions d&#039;analyse d&#039;images\",\"publisher\":{\"@id\":\"https:\\\/\\\/www.claravision.com\\\/es\\\/#organization\"},\"potentialAction\":[{\"@type\":\"SearchAction\",\"target\":{\"@type\":\"EntryPoint\",\"urlTemplate\":\"https:\\\/\\\/www.claravision.com\\\/es\\\/?s={search_term_string}\"},\"query-input\":{\"@type\":\"PropertyValueSpecification\",\"valueRequired\":true,\"valueName\":\"search_term_string\"}}],\"inLanguage\":\"es-ES\"},{\"@type\":\"Organization\",\"@id\":\"https:\\\/\\\/www.claravision.com\\\/es\\\/#organization\",\"name\":\"Claravision\",\"url\":\"https:\\\/\\\/www.claravision.com\\\/es\\\/\",\"logo\":{\"@type\":\"ImageObject\",\"inLanguage\":\"es-ES\",\"@id\":\"https:\\\/\\\/www.claravision.com\\\/es\\\/#\\\/schema\\\/logo\\\/image\\\/\",\"url\":\"https:\\\/\\\/www.claravision.com\\\/w2020\\\/wp-content\\\/uploads\\\/2021\\\/12\\\/logo-claravision.png\",\"contentUrl\":\"https:\\\/\\\/www.claravision.com\\\/w2020\\\/wp-content\\\/uploads\\\/2021\\\/12\\\/logo-claravision.png\",\"width\":124,\"height\":124,\"caption\":\"Claravision\"},\"image\":{\"@id\":\"https:\\\/\\\/www.claravision.com\\\/es\\\/#\\\/schema\\\/logo\\\/image\\\/\"},\"sameAs\":[\"https:\\\/\\\/www.linkedin.com\\\/company\\\/claravision\\\/\",\"https:\\\/\\\/www.youtube.com\\\/channel\\\/UCgfTotdIXpHE6jHh29gYUnw\"],\"description\":\"Clara Vision est une soci\u00e9t\u00e9 fran\u00e7aise fond\u00e9e en 1994 sp\u00e9cialis\u00e9e dans l\u2019imagerie scientifique et industrielle. Depuis 30 ans, Clara Vision con\u00e7oit et d\u00e9veloppe des logiciels d\u2019acquisition et d\u2019analyse d\u2019images d\u00e9di\u00e9s principalement au contr\u00f4le qualit\u00e9 et \u00e0 la recherche.\",\"email\":\"info@claravision.com\",\"telephone\":\"0169860130\",\"legalName\":\"CLARA VISION SAS\",\"foundingDate\":\"1994-12-29\",\"vatID\":\"FR29399379593\",\"taxID\":\"39937959300060\",\"iso6523Code\":\"399379593\",\"numberOfEmployees\":{\"@type\":\"QuantitativeValue\",\"minValue\":\"1\",\"maxValue\":\"10\"},\"address\":{\"@type\":\"PostalAddress\",\"streetAddress\":\"2 ROUTE DE GISY PARC BUROSPACE\",\"addressLocality\":\"BIEVRES\",\"postalCode\":\"91570\",\"addressCountry\":\"FR\"}}]}<\/script>\n<!-- \/ Yoast SEO Premium plugin. -->","yoast_head_json":{"title":"Prodotti - Claravision","robots":{"index":"index","follow":"follow","max-snippet":"max-snippet:-1","max-image-preview":"max-image-preview:large","max-video-preview":"max-video-preview:-1"},"canonical":"https:\/\/www.claravision.com\/es\/prodotti\/","og_locale":"es_ES","og_type":"article","og_title":"Prodotti","og_url":"https:\/\/www.claravision.com\/es\/prodotti\/","og_site_name":"Claravision","article_modified_time":"2022-05-12T09:53:12+00:00","twitter_card":"summary_large_image","schema":{"@context":"https:\/\/schema.org","@graph":[{"@type":"WebPage","@id":"https:\/\/www.claravision.com\/es\/prodotti\/","url":"https:\/\/www.claravision.com\/es\/prodotti\/","name":"Prodotti - Claravision","isPartOf":{"@id":"https:\/\/www.claravision.com\/es\/#website"},"datePublished":"2019-04-29T07:31:55+00:00","dateModified":"2022-05-12T09:53:12+00:00","breadcrumb":{"@id":"https:\/\/www.claravision.com\/es\/prodotti\/#breadcrumb"},"inLanguage":"es-ES","potentialAction":[{"@type":"ReadAction","target":["https:\/\/www.claravision.com\/es\/prodotti\/"]}]},{"@type":"BreadcrumbList","@id":"https:\/\/www.claravision.com\/es\/prodotti\/#breadcrumb","itemListElement":[{"@type":"ListItem","position":1,"name":"Inicio","item":"https:\/\/www.claravision.com\/es\/"},{"@type":"ListItem","position":2,"name":"Prodotti"}]},{"@type":"WebSite","@id":"https:\/\/www.claravision.com\/es\/#website","url":"https:\/\/www.claravision.com\/es\/","name":"Claravision","description":"Logiciels et solutions d&#039;analyse d&#039;images","publisher":{"@id":"https:\/\/www.claravision.com\/es\/#organization"},"potentialAction":[{"@type":"SearchAction","target":{"@type":"EntryPoint","urlTemplate":"https:\/\/www.claravision.com\/es\/?s={search_term_string}"},"query-input":{"@type":"PropertyValueSpecification","valueRequired":true,"valueName":"search_term_string"}}],"inLanguage":"es-ES"},{"@type":"Organization","@id":"https:\/\/www.claravision.com\/es\/#organization","name":"Claravision","url":"https:\/\/www.claravision.com\/es\/","logo":{"@type":"ImageObject","inLanguage":"es-ES","@id":"https:\/\/www.claravision.com\/es\/#\/schema\/logo\/image\/","url":"https:\/\/www.claravision.com\/w2020\/wp-content\/uploads\/2021\/12\/logo-claravision.png","contentUrl":"https:\/\/www.claravision.com\/w2020\/wp-content\/uploads\/2021\/12\/logo-claravision.png","width":124,"height":124,"caption":"Claravision"},"image":{"@id":"https:\/\/www.claravision.com\/es\/#\/schema\/logo\/image\/"},"sameAs":["https:\/\/www.linkedin.com\/company\/claravision\/","https:\/\/www.youtube.com\/channel\/UCgfTotdIXpHE6jHh29gYUnw"],"description":"Clara Vision est une soci\u00e9t\u00e9 fran\u00e7aise fond\u00e9e en 1994 sp\u00e9cialis\u00e9e dans l\u2019imagerie scientifique et industrielle. Depuis 30 ans, Clara Vision con\u00e7oit et d\u00e9veloppe des logiciels d\u2019acquisition et d\u2019analyse d\u2019images d\u00e9di\u00e9s principalement au contr\u00f4le qualit\u00e9 et \u00e0 la recherche.","email":"info@claravision.com","telephone":"0169860130","legalName":"CLARA VISION SAS","foundingDate":"1994-12-29","vatID":"FR29399379593","taxID":"39937959300060","iso6523Code":"399379593","numberOfEmployees":{"@type":"QuantitativeValue","minValue":"1","maxValue":"10"},"address":{"@type":"PostalAddress","streetAddress":"2 ROUTE DE GISY PARC BUROSPACE","addressLocality":"BIEVRES","postalCode":"91570","addressCountry":"FR"}}]}},"_links":{"self":[{"href":"https:\/\/www.claravision.com\/es\/wp-json\/wp\/v2\/pages\/3555","targetHints":{"allow":["GET"]}}],"collection":[{"href":"https:\/\/www.claravision.com\/es\/wp-json\/wp\/v2\/pages"}],"about":[{"href":"https:\/\/www.claravision.com\/es\/wp-json\/wp\/v2\/types\/page"}],"author":[{"embeddable":true,"href":"https:\/\/www.claravision.com\/es\/wp-json\/wp\/v2\/users\/1"}],"replies":[{"embeddable":true,"href":"https:\/\/www.claravision.com\/es\/wp-json\/wp\/v2\/comments?post=3555"}],"version-history":[{"count":1,"href":"https:\/\/www.claravision.com\/es\/wp-json\/wp\/v2\/pages\/3555\/revisions"}],"predecessor-version":[{"id":3556,"href":"https:\/\/www.claravision.com\/es\/wp-json\/wp\/v2\/pages\/3555\/revisions\/3556"}],"wp:attachment":[{"href":"https:\/\/www.claravision.com\/es\/wp-json\/wp\/v2\/media?parent=3555"}],"curies":[{"name":"wp","href":"https:\/\/api.w.org\/{rel}","templated":true}]}}