{"id":3560,"date":"2019-03-21T09:39:03","date_gmt":"2019-03-21T08:39:03","guid":{"rendered":"https:\/\/www.claravision.com\/?page_id=3560"},"modified":"2024-01-23T11:50:18","modified_gmt":"2024-01-23T10:50:18","slug":"inicio","status":"publish","type":"page","link":"https:\/\/www.claravision.com\/es\/","title":{"rendered":"Soluciones de tratamiento de im\u00e1genes para el control de calidad y la industria"},"content":{"rendered":"\r\n<h2 class=\"has-text-align-center intro\"><strong>CLARA VISION<\/strong> desarrolla y distribuye software de adquisici\u00f3n y an\u00e1lisis de im\u00e1genes dedicado principalmente al control de calidad y a la investigaci\u00f3n.<\/h2>\r\n","protected":false},"excerpt":{"rendered":"<p>CLARA VISION desarrolla y distribuye software de adquisici\u00f3n y an\u00e1lisis de im\u00e1genes dedicado principalmente al control de calidad y a la investigaci\u00f3n.<\/p>\n","protected":false},"author":1,"featured_media":6699,"parent":0,"menu_order":0,"comment_status":"closed","ping_status":"open","template":"","meta":{"_acf_changed":false,"footnotes":""},"class_list":["post-3560","page","type-page","status-publish","has-post-thumbnail","hentry"],"acf":[],"yoast_head":"<!-- This site is optimized with the Yoast SEO Premium plugin v27.4 (Yoast SEO v27.4) - https:\/\/yoast.com\/product\/yoast-seo-premium-wordpress\/ -->\n<title>Soluciones de tratamiento de im\u00e1genes para el control de calidad y la industria - Claravision<\/title>\n<meta name=\"robots\" content=\"index, follow, max-snippet:-1, max-image-preview:large, max-video-preview:-1\" \/>\n<link rel=\"canonical\" href=\"https:\/\/www.claravision.com\/es\/\" \/>\n<meta property=\"og:locale\" content=\"es_ES\" \/>\n<meta property=\"og:type\" content=\"article\" \/>\n<meta property=\"og:title\" content=\"Soluciones de tratamiento de im\u00e1genes para el control de calidad y la industria\" \/>\n<meta property=\"og:description\" content=\"CLARA VISION desarrolla y distribuye software de adquisici\u00f3n y an\u00e1lisis de im\u00e1genes dedicado principalmente al control de calidad y a la investigaci\u00f3n.\" \/>\n<meta property=\"og:url\" content=\"https:\/\/www.claravision.com\/es\/\" \/>\n<meta property=\"og:site_name\" content=\"Claravision\" \/>\n<meta property=\"article:modified_time\" content=\"2024-01-23T10:50:18+00:00\" \/>\n<meta property=\"og:image\" content=\"https:\/\/www.claravision.com\/w2020\/wp-content\/uploads\/2024\/01\/banderole-claravision.jpeg\" \/>\n\t<meta property=\"og:image:width\" content=\"1902\" \/>\n\t<meta property=\"og:image:height\" content=\"398\" \/>\n\t<meta property=\"og:image:type\" content=\"image\/jpeg\" \/>\n<meta name=\"twitter:card\" content=\"summary_large_image\" \/>\n<meta name=\"twitter:label1\" content=\"Est. reading time\" \/>\n\t<meta name=\"twitter:data1\" content=\"1 minute\" \/>\n<script type=\"application\/ld+json\" class=\"yoast-schema-graph\">{\"@context\":\"https:\\\/\\\/schema.org\",\"@graph\":[{\"@type\":\"WebPage\",\"@id\":\"https:\\\/\\\/www.claravision.com\\\/es\\\/\",\"url\":\"https:\\\/\\\/www.claravision.com\\\/es\\\/\",\"name\":\"Soluciones de tratamiento de im\u00e1genes para el control de calidad y la industria - Claravision\",\"isPartOf\":{\"@id\":\"https:\\\/\\\/www.claravision.com\\\/es\\\/#website\"},\"primaryImageOfPage\":{\"@id\":\"https:\\\/\\\/www.claravision.com\\\/es\\\/#primaryimage\"},\"image\":{\"@id\":\"https:\\\/\\\/www.claravision.com\\\/es\\\/#primaryimage\"},\"thumbnailUrl\":\"https:\\\/\\\/www.claravision.com\\\/w2020\\\/wp-content\\\/uploads\\\/2024\\\/01\\\/banderole-claravision.jpeg\",\"datePublished\":\"2019-03-21T08:39:03+00:00\",\"dateModified\":\"2024-01-23T10:50:18+00:00\",\"breadcrumb\":{\"@id\":\"https:\\\/\\\/www.claravision.com\\\/es\\\/#breadcrumb\"},\"inLanguage\":\"es-ES\",\"potentialAction\":[{\"@type\":\"ReadAction\",\"target\":[\"https:\\\/\\\/www.claravision.com\\\/es\\\/\"]}]},{\"@type\":\"ImageObject\",\"inLanguage\":\"es-ES\",\"@id\":\"https:\\\/\\\/www.claravision.com\\\/es\\\/#primaryimage\",\"url\":\"https:\\\/\\\/www.claravision.com\\\/w2020\\\/wp-content\\\/uploads\\\/2024\\\/01\\\/banderole-claravision.jpeg\",\"contentUrl\":\"https:\\\/\\\/www.claravision.com\\\/w2020\\\/wp-content\\\/uploads\\\/2024\\\/01\\\/banderole-claravision.jpeg\",\"width\":1902,\"height\":398,\"caption\":\"Soluciones de tratamiento de im\u00e1genes para la industria\"},{\"@type\":\"BreadcrumbList\",\"@id\":\"https:\\\/\\\/www.claravision.com\\\/es\\\/#breadcrumb\",\"itemListElement\":[{\"@type\":\"ListItem\",\"position\":1,\"name\":\"Inicio\",\"item\":\"https:\\\/\\\/www.claravision.com\\\/es\\\/\"},{\"@type\":\"ListItem\",\"position\":2,\"name\":\"Soluciones de tratamiento de im\u00e1genes para el control de calidad y la industria\"}]},{\"@type\":\"WebSite\",\"@id\":\"https:\\\/\\\/www.claravision.com\\\/es\\\/#website\",\"url\":\"https:\\\/\\\/www.claravision.com\\\/es\\\/\",\"name\":\"Claravision\",\"description\":\"Logiciels et solutions d&#039;analyse d&#039;images\",\"publisher\":{\"@id\":\"https:\\\/\\\/www.claravision.com\\\/es\\\/#organization\"},\"potentialAction\":[{\"@type\":\"SearchAction\",\"target\":{\"@type\":\"EntryPoint\",\"urlTemplate\":\"https:\\\/\\\/www.claravision.com\\\/es\\\/?s={search_term_string}\"},\"query-input\":{\"@type\":\"PropertyValueSpecification\",\"valueRequired\":true,\"valueName\":\"search_term_string\"}}],\"inLanguage\":\"es-ES\"},{\"@type\":\"Organization\",\"@id\":\"https:\\\/\\\/www.claravision.com\\\/es\\\/#organization\",\"name\":\"Claravision\",\"url\":\"https:\\\/\\\/www.claravision.com\\\/es\\\/\",\"logo\":{\"@type\":\"ImageObject\",\"inLanguage\":\"es-ES\",\"@id\":\"https:\\\/\\\/www.claravision.com\\\/es\\\/#\\\/schema\\\/logo\\\/image\\\/\",\"url\":\"https:\\\/\\\/www.claravision.com\\\/w2020\\\/wp-content\\\/uploads\\\/2021\\\/12\\\/logo-claravision.png\",\"contentUrl\":\"https:\\\/\\\/www.claravision.com\\\/w2020\\\/wp-content\\\/uploads\\\/2021\\\/12\\\/logo-claravision.png\",\"width\":124,\"height\":124,\"caption\":\"Claravision\"},\"image\":{\"@id\":\"https:\\\/\\\/www.claravision.com\\\/es\\\/#\\\/schema\\\/logo\\\/image\\\/\"},\"sameAs\":[\"https:\\\/\\\/www.linkedin.com\\\/company\\\/claravision\\\/\",\"https:\\\/\\\/www.youtube.com\\\/channel\\\/UCgfTotdIXpHE6jHh29gYUnw\"],\"description\":\"Clara Vision est une soci\u00e9t\u00e9 fran\u00e7aise fond\u00e9e en 1994 sp\u00e9cialis\u00e9e dans l\u2019imagerie scientifique et industrielle. Depuis 30 ans, Clara Vision con\u00e7oit et d\u00e9veloppe des logiciels d\u2019acquisition et d\u2019analyse d\u2019images d\u00e9di\u00e9s principalement au contr\u00f4le qualit\u00e9 et \u00e0 la recherche.\",\"email\":\"info@claravision.com\",\"telephone\":\"0169860130\",\"legalName\":\"CLARA VISION SAS\",\"foundingDate\":\"1994-12-29\",\"vatID\":\"FR29399379593\",\"taxID\":\"39937959300060\",\"iso6523Code\":\"399379593\",\"numberOfEmployees\":{\"@type\":\"QuantitativeValue\",\"minValue\":\"1\",\"maxValue\":\"10\"},\"address\":{\"@type\":\"PostalAddress\",\"streetAddress\":\"2 ROUTE DE GISY PARC BUROSPACE\",\"addressLocality\":\"BIEVRES\",\"postalCode\":\"91570\",\"addressCountry\":\"FR\"}}]}<\/script>\n<!-- \/ Yoast SEO Premium plugin. -->","yoast_head_json":{"title":"Soluciones de tratamiento de im\u00e1genes para el control de calidad y la industria - Claravision","robots":{"index":"index","follow":"follow","max-snippet":"max-snippet:-1","max-image-preview":"max-image-preview:large","max-video-preview":"max-video-preview:-1"},"canonical":"https:\/\/www.claravision.com\/es\/","og_locale":"es_ES","og_type":"article","og_title":"Soluciones de tratamiento de im\u00e1genes para el control de calidad y la industria","og_description":"CLARA VISION desarrolla y distribuye software de adquisici\u00f3n y an\u00e1lisis de im\u00e1genes dedicado principalmente al control de calidad y a la investigaci\u00f3n.","og_url":"https:\/\/www.claravision.com\/es\/","og_site_name":"Claravision","article_modified_time":"2024-01-23T10:50:18+00:00","og_image":[{"width":1902,"height":398,"url":"https:\/\/www.claravision.com\/w2020\/wp-content\/uploads\/2024\/01\/banderole-claravision.jpeg","type":"image\/jpeg"}],"twitter_card":"summary_large_image","twitter_misc":{"Est. reading time":"1 minute"},"schema":{"@context":"https:\/\/schema.org","@graph":[{"@type":"WebPage","@id":"https:\/\/www.claravision.com\/es\/","url":"https:\/\/www.claravision.com\/es\/","name":"Soluciones de tratamiento de im\u00e1genes para el control de calidad y la industria - Claravision","isPartOf":{"@id":"https:\/\/www.claravision.com\/es\/#website"},"primaryImageOfPage":{"@id":"https:\/\/www.claravision.com\/es\/#primaryimage"},"image":{"@id":"https:\/\/www.claravision.com\/es\/#primaryimage"},"thumbnailUrl":"https:\/\/www.claravision.com\/w2020\/wp-content\/uploads\/2024\/01\/banderole-claravision.jpeg","datePublished":"2019-03-21T08:39:03+00:00","dateModified":"2024-01-23T10:50:18+00:00","breadcrumb":{"@id":"https:\/\/www.claravision.com\/es\/#breadcrumb"},"inLanguage":"es-ES","potentialAction":[{"@type":"ReadAction","target":["https:\/\/www.claravision.com\/es\/"]}]},{"@type":"ImageObject","inLanguage":"es-ES","@id":"https:\/\/www.claravision.com\/es\/#primaryimage","url":"https:\/\/www.claravision.com\/w2020\/wp-content\/uploads\/2024\/01\/banderole-claravision.jpeg","contentUrl":"https:\/\/www.claravision.com\/w2020\/wp-content\/uploads\/2024\/01\/banderole-claravision.jpeg","width":1902,"height":398,"caption":"Soluciones de tratamiento de im\u00e1genes para la industria"},{"@type":"BreadcrumbList","@id":"https:\/\/www.claravision.com\/es\/#breadcrumb","itemListElement":[{"@type":"ListItem","position":1,"name":"Inicio","item":"https:\/\/www.claravision.com\/es\/"},{"@type":"ListItem","position":2,"name":"Soluciones de tratamiento de im\u00e1genes para el control de calidad y la industria"}]},{"@type":"WebSite","@id":"https:\/\/www.claravision.com\/es\/#website","url":"https:\/\/www.claravision.com\/es\/","name":"Claravision","description":"Logiciels et solutions d&#039;analyse d&#039;images","publisher":{"@id":"https:\/\/www.claravision.com\/es\/#organization"},"potentialAction":[{"@type":"SearchAction","target":{"@type":"EntryPoint","urlTemplate":"https:\/\/www.claravision.com\/es\/?s={search_term_string}"},"query-input":{"@type":"PropertyValueSpecification","valueRequired":true,"valueName":"search_term_string"}}],"inLanguage":"es-ES"},{"@type":"Organization","@id":"https:\/\/www.claravision.com\/es\/#organization","name":"Claravision","url":"https:\/\/www.claravision.com\/es\/","logo":{"@type":"ImageObject","inLanguage":"es-ES","@id":"https:\/\/www.claravision.com\/es\/#\/schema\/logo\/image\/","url":"https:\/\/www.claravision.com\/w2020\/wp-content\/uploads\/2021\/12\/logo-claravision.png","contentUrl":"https:\/\/www.claravision.com\/w2020\/wp-content\/uploads\/2021\/12\/logo-claravision.png","width":124,"height":124,"caption":"Claravision"},"image":{"@id":"https:\/\/www.claravision.com\/es\/#\/schema\/logo\/image\/"},"sameAs":["https:\/\/www.linkedin.com\/company\/claravision\/","https:\/\/www.youtube.com\/channel\/UCgfTotdIXpHE6jHh29gYUnw"],"description":"Clara Vision est une soci\u00e9t\u00e9 fran\u00e7aise fond\u00e9e en 1994 sp\u00e9cialis\u00e9e dans l\u2019imagerie scientifique et industrielle. Depuis 30 ans, Clara Vision con\u00e7oit et d\u00e9veloppe des logiciels d\u2019acquisition et d\u2019analyse d\u2019images d\u00e9di\u00e9s principalement au contr\u00f4le qualit\u00e9 et \u00e0 la recherche.","email":"info@claravision.com","telephone":"0169860130","legalName":"CLARA VISION SAS","foundingDate":"1994-12-29","vatID":"FR29399379593","taxID":"39937959300060","iso6523Code":"399379593","numberOfEmployees":{"@type":"QuantitativeValue","minValue":"1","maxValue":"10"},"address":{"@type":"PostalAddress","streetAddress":"2 ROUTE DE GISY PARC BUROSPACE","addressLocality":"BIEVRES","postalCode":"91570","addressCountry":"FR"}}]}},"_links":{"self":[{"href":"https:\/\/www.claravision.com\/es\/wp-json\/wp\/v2\/pages\/3560","targetHints":{"allow":["GET"]}}],"collection":[{"href":"https:\/\/www.claravision.com\/es\/wp-json\/wp\/v2\/pages"}],"about":[{"href":"https:\/\/www.claravision.com\/es\/wp-json\/wp\/v2\/types\/page"}],"author":[{"embeddable":true,"href":"https:\/\/www.claravision.com\/es\/wp-json\/wp\/v2\/users\/1"}],"replies":[{"embeddable":true,"href":"https:\/\/www.claravision.com\/es\/wp-json\/wp\/v2\/comments?post=3560"}],"version-history":[{"count":6,"href":"https:\/\/www.claravision.com\/es\/wp-json\/wp\/v2\/pages\/3560\/revisions"}],"predecessor-version":[{"id":10164,"href":"https:\/\/www.claravision.com\/es\/wp-json\/wp\/v2\/pages\/3560\/revisions\/10164"}],"wp:featuredmedia":[{"embeddable":true,"href":"https:\/\/www.claravision.com\/es\/wp-json\/wp\/v2\/media\/6699"}],"wp:attachment":[{"href":"https:\/\/www.claravision.com\/es\/wp-json\/wp\/v2\/media?parent=3560"}],"curies":[{"name":"wp","href":"https:\/\/api.w.org\/{rel}","templated":true}]}}