{"id":10222,"date":"2025-06-24T15:23:46","date_gmt":"2025-06-24T13:23:46","guid":{"rendered":"https:\/\/www.claravision.com\/?page_id=10222"},"modified":"2025-06-24T15:25:31","modified_gmt":"2025-06-24T13:25:31","slug":"richiedete-una-demo-di-troublepad","status":"publish","type":"page","link":"https:\/\/www.claravision.com\/it\/richiedete-una-demo-di-troublepad\/","title":{"rendered":"Richiedete una demo di TroublePad"},"content":{"rendered":"<script type=\"text\/javascript\">\n\/* <![CDATA[ *\/\nvar gform;gform||(document.addEventListener(\"gform_main_scripts_loaded\",function(){gform.scriptsLoaded=!0}),document.addEventListener(\"gform\/theme\/scripts_loaded\",function(){gform.themeScriptsLoaded=!0}),window.addEventListener(\"DOMContentLoaded\",function(){gform.domLoaded=!0}),gform={domLoaded:!1,scriptsLoaded:!1,themeScriptsLoaded:!1,isFormEditor:()=>\"function\"==typeof InitializeEditor,callIfLoaded:function(o){return!(!gform.domLoaded||!gform.scriptsLoaded||!gform.themeScriptsLoaded&&!gform.isFormEditor()||(gform.isFormEditor()&&console.warn(\"The use of gform.initializeOnLoaded() is deprecated in the form editor context and will be removed in Gravity Forms 3.1.\"),o(),0))},initializeOnLoaded:function(o){gform.callIfLoaded(o)||(document.addEventListener(\"gform_main_scripts_loaded\",()=>{gform.scriptsLoaded=!0,gform.callIfLoaded(o)}),document.addEventListener(\"gform\/theme\/scripts_loaded\",()=>{gform.themeScriptsLoaded=!0,gform.callIfLoaded(o)}),window.addEventListener(\"DOMContentLoaded\",()=>{gform.domLoaded=!0,gform.callIfLoaded(o)}))},hooks:{action:{},filter:{}},addAction:function(o,r,e,t){gform.addHook(\"action\",o,r,e,t)},addFilter:function(o,r,e,t){gform.addHook(\"filter\",o,r,e,t)},doAction:function(o){gform.doHook(\"action\",o,arguments)},applyFilters:function(o){return gform.doHook(\"filter\",o,arguments)},removeAction:function(o,r){gform.removeHook(\"action\",o,r)},removeFilter:function(o,r,e){gform.removeHook(\"filter\",o,r,e)},addHook:function(o,r,e,t,n){null==gform.hooks[o][r]&&(gform.hooks[o][r]=[]);var d=gform.hooks[o][r];null==n&&(n=r+\"_\"+d.length),gform.hooks[o][r].push({tag:n,callable:e,priority:t=null==t?10:t})},doHook:function(r,o,e){var t;if(e=Array.prototype.slice.call(e,1),null!=gform.hooks[r][o]&&((o=gform.hooks[r][o]).sort(function(o,r){return o.priority-r.priority}),o.forEach(function(o){\"function\"!=typeof(t=o.callable)&&(t=window[t]),\"action\"==r?t.apply(null,e):e[0]=t.apply(null,e)})),\"filter\"==r)return e[0]},removeHook:function(o,r,t,n){var e;null!=gform.hooks[o][r]&&(e=(e=gform.hooks[o][r]).filter(function(o,r,e){return!!(null!=n&&n!=o.tag||null!=t&&t!=o.priority)}),gform.hooks[o][r]=e)}});\n\/* ]]> *\/\n<\/script>\n\n                <div class='gf_browser_gecko gform_wrapper gravity-theme gform-theme--no-framework' data-form-theme='gravity-theme' data-form-index='0' id='gform_wrapper_11' >\n                        <div class='gform_heading'>\n\t\t\t\t\t\t\t<p class='gform_required_legend'>&quot;<span class=\"gfield_required gfield_required_custom\">(requis)<\/span>&quot; indicates required fields<\/p>\n                        <\/div><form method='post' enctype='multipart\/form-data'  id='gform_11'  action='\/it\/wp-json\/wp\/v2\/pages\/10222' data-formid='11' novalidate>\n                        <div class='gform-body gform_body'><div id='gform_fields_11' class='gform_fields top_label form_sublabel_below description_below validation_below'><div id=\"field_11_12\" class=\"gfield gfield--type-text gfield--input-type-text gfield--width-half gfield_contains_required field_sublabel_below gfield--no-description field_description_below field_validation_below gfield_visibility_visible\"  ><label class='gfield_label gform-field-label' for='input_11_12'>Il suo cognome<span class=\"gfield_required\"><span class=\"gfield_required gfield_required_custom\">(requis)<\/span><\/span><\/label><div class='ginput_container ginput_container_text'><input name='input_12' id='input_11_12' type='text' value='' class='large'     aria-required=\"true\" aria-invalid=\"false\"   \/><\/div><\/div><div id=\"field_11_13\" class=\"gfield gfield--type-text gfield--input-type-text gfield--width-half gfield_contains_required field_sublabel_below gfield--no-description field_description_below field_validation_below gfield_visibility_visible\"  ><label class='gfield_label gform-field-label' for='input_11_13'>Il suo nome<span class=\"gfield_required\"><span class=\"gfield_required gfield_required_custom\">(requis)<\/span><\/span><\/label><div class='ginput_container ginput_container_text'><input name='input_13' id='input_11_13' type='text' value='' class='large'     aria-required=\"true\" aria-invalid=\"false\"   \/><\/div><\/div><div id=\"field_11_14\" class=\"gfield gfield--type-text gfield--input-type-text gfield--width-full gfield_contains_required field_sublabel_below gfield--no-description field_description_below field_validation_below gfield_visibility_visible\"  ><label class='gfield_label gform-field-label' for='input_11_14'>Il sua posizione<span class=\"gfield_required\"><span class=\"gfield_required gfield_required_custom\">(requis)<\/span><\/span><\/label><div class='ginput_container ginput_container_text'><input name='input_14' id='input_11_14' type='text' value='' class='large'     aria-required=\"true\" aria-invalid=\"false\"   \/><\/div><\/div><div id=\"field_11_15\" class=\"gfield gfield--type-text gfield--input-type-text gfield--width-half gfield_contains_required field_sublabel_below gfield--no-description field_description_below field_validation_below gfield_visibility_visible\"  ><label class='gfield_label gform-field-label' for='input_11_15'>Il suo indirizzo<span class=\"gfield_required\"><span class=\"gfield_required gfield_required_custom\">(requis)<\/span><\/span><\/label><div class='ginput_container ginput_container_text'><input name='input_15' id='input_11_15' type='text' value='' class='large'     aria-required=\"true\" aria-invalid=\"false\"   \/><\/div><\/div><div id=\"field_11_16\" class=\"gfield gfield--type-text gfield--input-type-text gfield--width-half gfield_contains_required field_sublabel_below gfield--no-description field_description_below field_validation_below gfield_visibility_visible\"  ><label class='gfield_label gform-field-label' for='input_11_16'>La sua citt\u00e0<span class=\"gfield_required\"><span class=\"gfield_required gfield_required_custom\">(requis)<\/span><\/span><\/label><div class='ginput_container ginput_container_text'><input name='input_16' id='input_11_16' type='text' value='' class='large'     aria-required=\"true\" aria-invalid=\"false\"   \/><\/div><\/div><div id=\"field_11_17\" class=\"gfield gfield--type-text gfield--input-type-text gfield--width-half gfield_contains_required field_sublabel_below gfield--no-description field_description_below field_validation_below gfield_visibility_visible\"  ><label class='gfield_label gform-field-label' for='input_11_17'>Il suo paese<span class=\"gfield_required\"><span class=\"gfield_required gfield_required_custom\">(requis)<\/span><\/span><\/label><div class='ginput_container ginput_container_text'><input name='input_17' id='input_11_17' type='text' value='' class='large'     aria-required=\"true\" aria-invalid=\"false\"   \/><\/div><\/div><div id=\"field_11_18\" class=\"gfield gfield--type-text gfield--input-type-text gfield--width-half gfield_contains_required field_sublabel_below gfield--no-description field_description_below field_validation_below gfield_visibility_visible\"  ><label class='gfield_label gform-field-label' for='input_11_18'>La sua azienda<span class=\"gfield_required\"><span class=\"gfield_required gfield_required_custom\">(requis)<\/span><\/span><\/label><div class='ginput_container ginput_container_text'><input name='input_18' id='input_11_18' type='text' value='' class='large'     aria-required=\"true\" aria-invalid=\"false\"   \/><\/div><\/div><div id=\"field_11_9\" class=\"gfield gfield--type-email gfield--input-type-email gfield--width-half gfield_contains_required field_sublabel_below gfield--no-description field_description_below field_validation_below gfield_visibility_visible\"  ><label class='gfield_label gform-field-label' for='input_11_9'>Il vostro indirizzo e-mail<span class=\"gfield_required\"><span class=\"gfield_required gfield_required_custom\">(requis)<\/span><\/span><\/label><div class='ginput_container ginput_container_email'>\n                            <input name='input_9' id='input_11_9' type='email' value='' class='large'    aria-required=\"true\" aria-invalid=\"false\"  \/>\n                        <\/div><\/div><div id=\"field_11_8\" class=\"gfield gfield--type-text gfield--input-type-text gfield--width-half gfield_contains_required field_sublabel_below gfield--no-description field_description_below field_validation_below gfield_visibility_visible\"  ><label class='gfield_label gform-field-label' for='input_11_8'>Il vostro numero di telefono<span class=\"gfield_required\"><span class=\"gfield_required gfield_required_custom\">(requis)<\/span><\/span><\/label><div class='ginput_container ginput_container_text'><input name='input_8' id='input_11_8' type='text' value='' class='large'     aria-required=\"true\" aria-invalid=\"false\"   \/><\/div><\/div><div id=\"field_11_21\" class=\"gfield gfield--type-textarea gfield--input-type-textarea gfield--width-full field_sublabel_below gfield--no-description field_description_below field_validation_below gfield_visibility_visible\"  ><label class='gfield_label gform-field-label' for='input_11_21'>Il suo messaggio<\/label><div class='ginput_container ginput_container_textarea'><textarea name='input_21' id='input_11_21' class='textarea large'      aria-invalid=\"false\"   rows='10' cols='50'><\/textarea><\/div><\/div><div id=\"field_11_24\" class=\"gfield gfield--type-captcha gfield--input-type-captcha gfield--width-full field_sublabel_below gfield--no-description field_description_below hidden_label field_validation_below gfield_visibility_visible\"  ><label class='gfield_label gform-field-label' for='input_11_24'>CAPTCHA<\/label><div id='input_11_24' class='ginput_container ginput_recaptcha' data-sitekey='6LeXpncrAAAAABnOmNG9nf0GIbuGjnJZYZVDb2ev'  data-theme='light' data-tabindex='-1' data-size='invisible' data-badge='bottomright'><\/div><\/div><\/div><\/div>\n        <div class='gform-footer gform_footer top_label'> <input type='submit' id='gform_submit_button_11' class='gform_button button' onclick='gform.submission.handleButtonClick(this);' data-submission-type='submit' value='Richiedi una demo'  \/> \n            <input type='hidden' class='gform_hidden' name='gform_submission_method' data-js='gform_submission_method_11' value='postback' \/>\n            <input type='hidden' class='gform_hidden' name='gform_theme' data-js='gform_theme_11' id='gform_theme_11' value='gravity-theme' \/>\n            <input type='hidden' class='gform_hidden' name='gform_style_settings' data-js='gform_style_settings_11' id='gform_style_settings_11' value='[]' \/>\n            <input type='hidden' class='gform_hidden' name='is_submit_11' value='1' \/>\n            <input type='hidden' class='gform_hidden' name='gform_submit' value='11' \/>\n            \n            <input type='hidden' class='gform_hidden' name='gform_currency' data-currency='EUR' value='sz7YLKXGzceL3jLxlsyoGzFO2xpAhxxZmkWd1+zkPiflGFleS5IEqhaN\/glJnDwYoLuzihYZaT\/4ItLom6QCB8FaR5M31yHVj\/Cgr\/tZMNR3yy8=' \/>\n            <input type='hidden' class='gform_hidden' name='gform_unique_id' value='' \/>\n            <input type='hidden' class='gform_hidden' name='state_11' value='WyJbXSIsImFiMTY4NDg2MzQ5NzgxMDI1YzY5YTQ1ODVmMTkyOTgwIl0=' \/>\n            <input type='hidden' autocomplete='off' class='gform_hidden' name='gform_target_page_number_11' id='gform_target_page_number_11' value='0' \/>\n            <input type='hidden' autocomplete='off' class='gform_hidden' name='gform_source_page_number_11' id='gform_source_page_number_11' value='1' \/>\n            <input type='hidden' name='gform_field_values' value='' \/>\n            \n        <\/div>\n                        <\/form>\n                        <\/div><script type=\"text\/javascript\">\n\/* <![CDATA[ *\/\n gform.initializeOnLoaded( function() {gformInitSpinner( 11, 'https:\/\/www.claravision.com\/w2020\/wp-content\/plugins\/gravityforms\/images\/spinner.svg', true );jQuery('#gform_ajax_frame_11').on('load',function(){var contents = jQuery(this).contents().find('*').html();var is_postback = contents.indexOf('GF_AJAX_POSTBACK') >= 0;if(!is_postback){return;}var form_content = jQuery(this).contents().find('#gform_wrapper_11');var is_confirmation = jQuery(this).contents().find('#gform_confirmation_wrapper_11').length > 0;var is_redirect = contents.indexOf('gformRedirect(){') >= 0;var is_form = form_content.length > 0 && ! is_redirect && ! is_confirmation;var mt = parseInt(jQuery('html').css('margin-top'), 10) + parseInt(jQuery('body').css('margin-top'), 10) + 100;if(is_form){jQuery('#gform_wrapper_11').html(form_content.html());if(form_content.hasClass('gform_validation_error')){jQuery('#gform_wrapper_11').addClass('gform_validation_error');} else {jQuery('#gform_wrapper_11').removeClass('gform_validation_error');}setTimeout( function() { \/* delay the scroll by 50 milliseconds to fix a bug in chrome *\/  }, 50 );if(window['gformInitDatepicker']) {gformInitDatepicker();}if(window['gformInitPriceFields']) {gformInitPriceFields();}var current_page = jQuery('#gform_source_page_number_11').val();gformInitSpinner( 11, 'https:\/\/www.claravision.com\/w2020\/wp-content\/plugins\/gravityforms\/images\/spinner.svg', true );jQuery(document).trigger('gform_page_loaded', [11, current_page]);window['gf_submitting_11'] = false;}else if(!is_redirect){var confirmation_content = jQuery(this).contents().find('.GF_AJAX_POSTBACK').html();if(!confirmation_content){confirmation_content = contents;}jQuery('#gform_wrapper_11').replaceWith(confirmation_content);jQuery(document).trigger('gform_confirmation_loaded', [11]);window['gf_submitting_11'] = false;wp.a11y.speak(jQuery('#gform_confirmation_message_11').text());}else{jQuery('#gform_11').append(contents);if(window['gformRedirect']) {gformRedirect();}}jQuery(document).trigger(\"gform_pre_post_render\", [{ formId: \"11\", currentPage: \"current_page\", abort: function() { this.preventDefault(); } }]);        if (event && event.defaultPrevented) {                return;        }        const gformWrapperDiv = document.getElementById( \"gform_wrapper_11\" );        if ( gformWrapperDiv ) {            const visibilitySpan = document.createElement( \"span\" );            visibilitySpan.id = \"gform_visibility_test_11\";            gformWrapperDiv.insertAdjacentElement( \"afterend\", visibilitySpan );        }        const visibilityTestDiv = document.getElementById( \"gform_visibility_test_11\" );        let postRenderFired = false;        function triggerPostRender() {            if ( postRenderFired ) {                return;            }            postRenderFired = true;            gform.core.triggerPostRenderEvents( 11, current_page );            if ( visibilityTestDiv ) {                visibilityTestDiv.parentNode.removeChild( visibilityTestDiv );            }        }        function debounce( func, wait, immediate ) {            var timeout;            return function() {                var context = this, args = arguments;                var later = function() {                    timeout = null;                    if ( !immediate ) func.apply( context, args );                };                var callNow = immediate && !timeout;                clearTimeout( timeout );                timeout = setTimeout( later, wait );                if ( callNow ) func.apply( context, args );            };        }        const debouncedTriggerPostRender = debounce( function() {            triggerPostRender();        }, 200 );        if ( visibilityTestDiv && visibilityTestDiv.offsetParent === null ) {            const observer = new MutationObserver( ( mutations ) => {                mutations.forEach( ( mutation ) => {                    if ( mutation.type === 'attributes' && visibilityTestDiv.offsetParent !== null ) {                        debouncedTriggerPostRender();                        observer.disconnect();                    }                });            });            observer.observe( document.body, {                attributes: true,                childList: false,                subtree: true,                attributeFilter: [ 'style', 'class' ],            });        } else {            triggerPostRender();        }    } );} ); \n\/* ]]> *\/\n<\/script>\n\n","protected":false},"excerpt":{"rendered":"","protected":false},"author":1,"featured_media":0,"parent":0,"menu_order":0,"comment_status":"closed","ping_status":"closed","template":"","meta":{"_acf_changed":false,"footnotes":""},"class_list":["post-10222","page","type-page","status-publish","hentry"],"acf":[],"yoast_head":"<!-- This site is optimized with the Yoast SEO Premium plugin v27.0 (Yoast SEO v27.0) - https:\/\/yoast.com\/product\/yoast-seo-premium-wordpress\/ -->\n<title>Richiedete una demo di TroublePad - Claravision<\/title>\n<meta name=\"robots\" content=\"index, follow, max-snippet:-1, max-image-preview:large, max-video-preview:-1\" \/>\n<link rel=\"canonical\" href=\"https:\/\/www.claravision.com\/it\/richiedete-una-demo-di-troublepad\/\" \/>\n<meta property=\"og:locale\" content=\"it_IT\" \/>\n<meta property=\"og:type\" content=\"article\" \/>\n<meta property=\"og:title\" content=\"Richiedete una demo di TroublePad\" \/>\n<meta property=\"og:url\" content=\"https:\/\/www.claravision.com\/it\/richiedete-una-demo-di-troublepad\/\" \/>\n<meta property=\"og:site_name\" content=\"Claravision\" \/>\n<meta property=\"article:modified_time\" content=\"2025-06-24T13:25:31+00:00\" \/>\n<meta name=\"twitter:card\" content=\"summary_large_image\" \/>\n<script type=\"application\/ld+json\" class=\"yoast-schema-graph\">{\"@context\":\"https:\/\/schema.org\",\"@graph\":[{\"@type\":\"WebPage\",\"@id\":\"https:\/\/www.claravision.com\/it\/richiedete-una-demo-di-troublepad\/\",\"url\":\"https:\/\/www.claravision.com\/it\/richiedete-una-demo-di-troublepad\/\",\"name\":\"Richiedete una demo di TroublePad - Claravision\",\"isPartOf\":{\"@id\":\"https:\/\/www.claravision.com\/it\/#website\"},\"datePublished\":\"2025-06-24T13:23:46+00:00\",\"dateModified\":\"2025-06-24T13:25:31+00:00\",\"breadcrumb\":{\"@id\":\"https:\/\/www.claravision.com\/it\/richiedete-una-demo-di-troublepad\/#breadcrumb\"},\"inLanguage\":\"it-IT\",\"potentialAction\":[{\"@type\":\"ReadAction\",\"target\":[\"https:\/\/www.claravision.com\/it\/richiedete-una-demo-di-troublepad\/\"]}]},{\"@type\":\"BreadcrumbList\",\"@id\":\"https:\/\/www.claravision.com\/it\/richiedete-una-demo-di-troublepad\/#breadcrumb\",\"itemListElement\":[{\"@type\":\"ListItem\",\"position\":1,\"name\":\"Casa\",\"item\":\"https:\/\/www.claravision.com\/it\/\"},{\"@type\":\"ListItem\",\"position\":2,\"name\":\"Richiedete una demo di TroublePad\"}]},{\"@type\":\"WebSite\",\"@id\":\"https:\/\/www.claravision.com\/it\/#website\",\"url\":\"https:\/\/www.claravision.com\/it\/\",\"name\":\"Claravision\",\"description\":\"Logiciels et solutions d&#039;analyse d&#039;images\",\"publisher\":{\"@id\":\"https:\/\/www.claravision.com\/it\/#organization\"},\"potentialAction\":[{\"@type\":\"SearchAction\",\"target\":{\"@type\":\"EntryPoint\",\"urlTemplate\":\"https:\/\/www.claravision.com\/it\/?s={search_term_string}\"},\"query-input\":{\"@type\":\"PropertyValueSpecification\",\"valueRequired\":true,\"valueName\":\"search_term_string\"}}],\"inLanguage\":\"it-IT\"},{\"@type\":\"Organization\",\"@id\":\"https:\/\/www.claravision.com\/it\/#organization\",\"name\":\"Claravision\",\"url\":\"https:\/\/www.claravision.com\/it\/\",\"logo\":{\"@type\":\"ImageObject\",\"inLanguage\":\"it-IT\",\"@id\":\"https:\/\/www.claravision.com\/it\/#\/schema\/logo\/image\/\",\"url\":\"https:\/\/www.claravision.com\/w2020\/wp-content\/uploads\/2021\/12\/logo-claravision.png\",\"contentUrl\":\"https:\/\/www.claravision.com\/w2020\/wp-content\/uploads\/2021\/12\/logo-claravision.png\",\"width\":124,\"height\":124,\"caption\":\"Claravision\"},\"image\":{\"@id\":\"https:\/\/www.claravision.com\/it\/#\/schema\/logo\/image\/\"},\"sameAs\":[\"https:\/\/www.linkedin.com\/company\/claravision\/\",\"https:\/\/www.youtube.com\/channel\/UCgfTotdIXpHE6jHh29gYUnw\"],\"description\":\"Clara Vision est une soci\u00e9t\u00e9 fran\u00e7aise fond\u00e9e en 1994 sp\u00e9cialis\u00e9e dans l\u2019imagerie scientifique et industrielle. Depuis 30 ans, Clara Vision con\u00e7oit et d\u00e9veloppe des logiciels d\u2019acquisition et d\u2019analyse d\u2019images d\u00e9di\u00e9s principalement au contr\u00f4le qualit\u00e9 et \u00e0 la recherche.\",\"email\":\"info@claravision.com\",\"telephone\":\"0169860130\",\"legalName\":\"CLARA VISION SAS\",\"foundingDate\":\"1994-12-29\",\"vatID\":\"FR29399379593\",\"taxID\":\"39937959300060\",\"iso6523Code\":\"399379593\",\"numberOfEmployees\":{\"@type\":\"QuantitativeValue\",\"minValue\":\"1\",\"maxValue\":\"10\"},\"address\":{\"@type\":\"PostalAddress\",\"streetAddress\":\"2 ROUTE DE GISY PARC BUROSPACE\",\"addressLocality\":\"BIEVRES\",\"postalCode\":\"91570\",\"addressCountry\":\"FR\"}}]}<\/script>\n<!-- \/ Yoast SEO Premium plugin. -->","yoast_head_json":{"title":"Richiedete una demo di TroublePad - Claravision","robots":{"index":"index","follow":"follow","max-snippet":"max-snippet:-1","max-image-preview":"max-image-preview:large","max-video-preview":"max-video-preview:-1"},"canonical":"https:\/\/www.claravision.com\/it\/richiedete-una-demo-di-troublepad\/","og_locale":"it_IT","og_type":"article","og_title":"Richiedete una demo di TroublePad","og_url":"https:\/\/www.claravision.com\/it\/richiedete-una-demo-di-troublepad\/","og_site_name":"Claravision","article_modified_time":"2025-06-24T13:25:31+00:00","twitter_card":"summary_large_image","schema":{"@context":"https:\/\/schema.org","@graph":[{"@type":"WebPage","@id":"https:\/\/www.claravision.com\/it\/richiedete-una-demo-di-troublepad\/","url":"https:\/\/www.claravision.com\/it\/richiedete-una-demo-di-troublepad\/","name":"Richiedete una demo di TroublePad - Claravision","isPartOf":{"@id":"https:\/\/www.claravision.com\/it\/#website"},"datePublished":"2025-06-24T13:23:46+00:00","dateModified":"2025-06-24T13:25:31+00:00","breadcrumb":{"@id":"https:\/\/www.claravision.com\/it\/richiedete-una-demo-di-troublepad\/#breadcrumb"},"inLanguage":"it-IT","potentialAction":[{"@type":"ReadAction","target":["https:\/\/www.claravision.com\/it\/richiedete-una-demo-di-troublepad\/"]}]},{"@type":"BreadcrumbList","@id":"https:\/\/www.claravision.com\/it\/richiedete-una-demo-di-troublepad\/#breadcrumb","itemListElement":[{"@type":"ListItem","position":1,"name":"Casa","item":"https:\/\/www.claravision.com\/it\/"},{"@type":"ListItem","position":2,"name":"Richiedete una demo di TroublePad"}]},{"@type":"WebSite","@id":"https:\/\/www.claravision.com\/it\/#website","url":"https:\/\/www.claravision.com\/it\/","name":"Claravision","description":"Logiciels et solutions d&#039;analyse d&#039;images","publisher":{"@id":"https:\/\/www.claravision.com\/it\/#organization"},"potentialAction":[{"@type":"SearchAction","target":{"@type":"EntryPoint","urlTemplate":"https:\/\/www.claravision.com\/it\/?s={search_term_string}"},"query-input":{"@type":"PropertyValueSpecification","valueRequired":true,"valueName":"search_term_string"}}],"inLanguage":"it-IT"},{"@type":"Organization","@id":"https:\/\/www.claravision.com\/it\/#organization","name":"Claravision","url":"https:\/\/www.claravision.com\/it\/","logo":{"@type":"ImageObject","inLanguage":"it-IT","@id":"https:\/\/www.claravision.com\/it\/#\/schema\/logo\/image\/","url":"https:\/\/www.claravision.com\/w2020\/wp-content\/uploads\/2021\/12\/logo-claravision.png","contentUrl":"https:\/\/www.claravision.com\/w2020\/wp-content\/uploads\/2021\/12\/logo-claravision.png","width":124,"height":124,"caption":"Claravision"},"image":{"@id":"https:\/\/www.claravision.com\/it\/#\/schema\/logo\/image\/"},"sameAs":["https:\/\/www.linkedin.com\/company\/claravision\/","https:\/\/www.youtube.com\/channel\/UCgfTotdIXpHE6jHh29gYUnw"],"description":"Clara Vision est une soci\u00e9t\u00e9 fran\u00e7aise fond\u00e9e en 1994 sp\u00e9cialis\u00e9e dans l\u2019imagerie scientifique et industrielle. Depuis 30 ans, Clara Vision con\u00e7oit et d\u00e9veloppe des logiciels d\u2019acquisition et d\u2019analyse d\u2019images d\u00e9di\u00e9s principalement au contr\u00f4le qualit\u00e9 et \u00e0 la recherche.","email":"info@claravision.com","telephone":"0169860130","legalName":"CLARA VISION SAS","foundingDate":"1994-12-29","vatID":"FR29399379593","taxID":"39937959300060","iso6523Code":"399379593","numberOfEmployees":{"@type":"QuantitativeValue","minValue":"1","maxValue":"10"},"address":{"@type":"PostalAddress","streetAddress":"2 ROUTE DE GISY PARC BUROSPACE","addressLocality":"BIEVRES","postalCode":"91570","addressCountry":"FR"}}]}},"_links":{"self":[{"href":"https:\/\/www.claravision.com\/it\/wp-json\/wp\/v2\/pages\/10222","targetHints":{"allow":["GET"]}}],"collection":[{"href":"https:\/\/www.claravision.com\/it\/wp-json\/wp\/v2\/pages"}],"about":[{"href":"https:\/\/www.claravision.com\/it\/wp-json\/wp\/v2\/types\/page"}],"author":[{"embeddable":true,"href":"https:\/\/www.claravision.com\/it\/wp-json\/wp\/v2\/users\/1"}],"replies":[{"embeddable":true,"href":"https:\/\/www.claravision.com\/it\/wp-json\/wp\/v2\/comments?post=10222"}],"version-history":[{"count":1,"href":"https:\/\/www.claravision.com\/it\/wp-json\/wp\/v2\/pages\/10222\/revisions"}],"predecessor-version":[{"id":10225,"href":"https:\/\/www.claravision.com\/it\/wp-json\/wp\/v2\/pages\/10222\/revisions\/10225"}],"wp:attachment":[{"href":"https:\/\/www.claravision.com\/it\/wp-json\/wp\/v2\/media?parent=10222"}],"curies":[{"name":"wp","href":"https:\/\/api.w.org\/{rel}","templated":true}]}}