{"id":10912,"date":"2019-04-29T09:31:17","date_gmt":"2019-04-29T07:31:17","guid":{"rendered":"https:\/\/www.claravision.com\/settori-di-attivita\/"},"modified":"2026-04-27T16:13:39","modified_gmt":"2026-04-27T14:13:39","slug":"settori-di-attivita","status":"publish","type":"page","link":"https:\/\/www.claravision.com\/it\/settori-di-attivita\/","title":{"rendered":"Settori di attivit\u00e0"},"content":{"rendered":"<div class=\"iscol col-3 clear\"><article class=\"item mgb4\">\n\t\t\t\t\t<a href=\"https:\/\/www.claravision.com\/it\/domaine\/controllo-di-saldatura\/\" class=\"dis-b more-eye posrel tdn bor1 bor-grey\">\n\t\t\t\t\t\t<h2 class=\"itembef posrel h5 pd2 pdl5\">Controllo di saldatura<\/h2>\n\t\t\t\t\t\t<img decoding=\"async\" class=\"dis-b w100\" alt=\"Syst\u00e8me de contr\u00f4le de soudure\" src=\"https:\/\/www.claravision.com\/w2020\/wp-content\/uploads\/2019\/05\/Controle-de-soudure-final-300x300.jpg\">\n\t\t\t\t\t<\/a>\n\t\t\t\t<\/article><article class=\"item mgb4\">\n\t\t\t\t\t<a href=\"https:\/\/www.claravision.com\/it\/domaine\/luci-per-telecamere-ad-alta-velocita\/\" class=\"dis-b more-eye posrel tdn bor1 bor-grey\">\n\t\t\t\t\t\t<h2 class=\"itembef posrel h5 pd2 pdl5\">Luci per telecamere ad alta velocit\u00e0<\/h2>\n\t\t\t\t\t\t<img decoding=\"async\" class=\"dis-b w100\" alt=\"Gamme d'\u00e9clairage haute puissance pour TroublePad\" src=\"https:\/\/www.claravision.com\/w2020\/wp-content\/uploads\/2020\/04\/High_speed_camera_lighting_range-300x300.jpg\">\n\t\t\t\t\t<\/a>\n\t\t\t\t<\/article><article class=\"item mgb4\">\n\t\t\t\t\t<a href=\"https:\/\/www.claravision.com\/it\/domaine\/manutenzione-industriale\/\" class=\"dis-b more-eye posrel tdn bor1 bor-grey\">\n\t\t\t\t\t\t<h2 class=\"itembef posrel h5 pd2 pdl5\">Manutenzione industriale<\/h2>\n\t\t\t\t\t\t<img decoding=\"async\" class=\"dis-b w100\" alt=\"Cam\u00e9ra rapide pour la maintenance dans l'industrie\" src=\"https:\/\/www.claravision.com\/w2020\/wp-content\/uploads\/2019\/05\/maintenance-industrielle-final-300x300.jpg\">\n\t\t\t\t\t<\/a>\n\t\t\t\t<\/article><article class=\"item mgb4\">\n\t\t\t\t\t<a href=\"https:\/\/www.claravision.com\/it\/domaine\/microscopia-metallografia\/\" class=\"dis-b more-eye posrel tdn bor1 bor-grey\">\n\t\t\t\t\t\t<h2 class=\"itembef posrel h5 pd2 pdl5\">Microscopia\/Metallografia<\/h2>\n\t\t\t\t\t\t<img decoding=\"async\" class=\"dis-b w100\" alt=\"Microscope en metallographie\" src=\"https:\/\/www.claravision.com\/w2020\/wp-content\/uploads\/2019\/05\/microscopie-metallograhie-final-300x300.jpg\">\n\t\t\t\t\t<\/a>\n\t\t\t\t<\/article><\/div>\n","protected":false},"excerpt":{"rendered":"","protected":false},"author":1,"featured_media":0,"parent":0,"menu_order":0,"comment_status":"closed","ping_status":"closed","template":"","meta":{"_acf_changed":false,"footnotes":""},"class_list":["post-10912","page","type-page","status-publish","hentry"],"acf":[],"yoast_head":"<!-- This site is optimized with the Yoast SEO Premium plugin v27.4 (Yoast SEO v27.4) - https:\/\/yoast.com\/product\/yoast-seo-premium-wordpress\/ -->\n<title>Settori di attivit\u00e0 - Claravision<\/title>\n<meta name=\"robots\" content=\"index, follow, max-snippet:-1, max-image-preview:large, max-video-preview:-1\" \/>\n<link rel=\"canonical\" href=\"https:\/\/www.claravision.com\/it\/settori-di-attivita\/\" \/>\n<meta property=\"og:locale\" content=\"it_IT\" \/>\n<meta property=\"og:type\" content=\"article\" \/>\n<meta property=\"og:title\" content=\"Settori di attivit\u00e0\" \/>\n<meta property=\"og:url\" content=\"https:\/\/www.claravision.com\/it\/settori-di-attivita\/\" \/>\n<meta property=\"og:site_name\" content=\"Claravision\" \/>\n<meta property=\"article:modified_time\" content=\"2026-04-27T14:13:39+00:00\" \/>\n<meta name=\"twitter:card\" content=\"summary_large_image\" \/>\n<script type=\"application\/ld+json\" class=\"yoast-schema-graph\">{\"@context\":\"https:\\\/\\\/schema.org\",\"@graph\":[{\"@type\":\"WebPage\",\"@id\":\"https:\\\/\\\/www.claravision.com\\\/it\\\/settori-di-attivita\\\/\",\"url\":\"https:\\\/\\\/www.claravision.com\\\/it\\\/settori-di-attivita\\\/\",\"name\":\"Settori di attivit\u00e0 - Claravision\",\"isPartOf\":{\"@id\":\"https:\\\/\\\/www.claravision.com\\\/it\\\/#website\"},\"datePublished\":\"2019-04-29T07:31:17+00:00\",\"dateModified\":\"2026-04-27T14:13:39+00:00\",\"breadcrumb\":{\"@id\":\"https:\\\/\\\/www.claravision.com\\\/it\\\/settori-di-attivita\\\/#breadcrumb\"},\"inLanguage\":\"it-IT\",\"potentialAction\":[{\"@type\":\"ReadAction\",\"target\":[\"https:\\\/\\\/www.claravision.com\\\/it\\\/settori-di-attivita\\\/\"]}]},{\"@type\":\"BreadcrumbList\",\"@id\":\"https:\\\/\\\/www.claravision.com\\\/it\\\/settori-di-attivita\\\/#breadcrumb\",\"itemListElement\":[{\"@type\":\"ListItem\",\"position\":1,\"name\":\"Casa\",\"item\":\"https:\\\/\\\/www.claravision.com\\\/it\\\/\"},{\"@type\":\"ListItem\",\"position\":2,\"name\":\"Settori di attivit\u00e0\"}]},{\"@type\":\"WebSite\",\"@id\":\"https:\\\/\\\/www.claravision.com\\\/it\\\/#website\",\"url\":\"https:\\\/\\\/www.claravision.com\\\/it\\\/\",\"name\":\"Claravision\",\"description\":\"Logiciels et solutions d&#039;analyse d&#039;images\",\"publisher\":{\"@id\":\"https:\\\/\\\/www.claravision.com\\\/it\\\/#organization\"},\"potentialAction\":[{\"@type\":\"SearchAction\",\"target\":{\"@type\":\"EntryPoint\",\"urlTemplate\":\"https:\\\/\\\/www.claravision.com\\\/it\\\/?s={search_term_string}\"},\"query-input\":{\"@type\":\"PropertyValueSpecification\",\"valueRequired\":true,\"valueName\":\"search_term_string\"}}],\"inLanguage\":\"it-IT\"},{\"@type\":\"Organization\",\"@id\":\"https:\\\/\\\/www.claravision.com\\\/it\\\/#organization\",\"name\":\"Claravision\",\"url\":\"https:\\\/\\\/www.claravision.com\\\/it\\\/\",\"logo\":{\"@type\":\"ImageObject\",\"inLanguage\":\"it-IT\",\"@id\":\"https:\\\/\\\/www.claravision.com\\\/it\\\/#\\\/schema\\\/logo\\\/image\\\/\",\"url\":\"https:\\\/\\\/www.claravision.com\\\/w2020\\\/wp-content\\\/uploads\\\/2021\\\/12\\\/logo-claravision.png\",\"contentUrl\":\"https:\\\/\\\/www.claravision.com\\\/w2020\\\/wp-content\\\/uploads\\\/2021\\\/12\\\/logo-claravision.png\",\"width\":124,\"height\":124,\"caption\":\"Claravision\"},\"image\":{\"@id\":\"https:\\\/\\\/www.claravision.com\\\/it\\\/#\\\/schema\\\/logo\\\/image\\\/\"},\"sameAs\":[\"https:\\\/\\\/www.linkedin.com\\\/company\\\/claravision\\\/\",\"https:\\\/\\\/www.youtube.com\\\/channel\\\/UCgfTotdIXpHE6jHh29gYUnw\"],\"description\":\"Clara Vision est une soci\u00e9t\u00e9 fran\u00e7aise fond\u00e9e en 1994 sp\u00e9cialis\u00e9e dans l\u2019imagerie scientifique et industrielle. Depuis 30 ans, Clara Vision con\u00e7oit et d\u00e9veloppe des logiciels d\u2019acquisition et d\u2019analyse d\u2019images d\u00e9di\u00e9s principalement au contr\u00f4le qualit\u00e9 et \u00e0 la recherche.\",\"email\":\"info@claravision.com\",\"telephone\":\"0169860130\",\"legalName\":\"CLARA VISION SAS\",\"foundingDate\":\"1994-12-29\",\"vatID\":\"FR29399379593\",\"taxID\":\"39937959300060\",\"iso6523Code\":\"399379593\",\"numberOfEmployees\":{\"@type\":\"QuantitativeValue\",\"minValue\":\"1\",\"maxValue\":\"10\"},\"address\":{\"@type\":\"PostalAddress\",\"streetAddress\":\"2 ROUTE DE GISY PARC BUROSPACE\",\"addressLocality\":\"BIEVRES\",\"postalCode\":\"91570\",\"addressCountry\":\"FR\"}}]}<\/script>\n<!-- \/ Yoast SEO Premium plugin. -->","yoast_head_json":{"title":"Settori di attivit\u00e0 - Claravision","robots":{"index":"index","follow":"follow","max-snippet":"max-snippet:-1","max-image-preview":"max-image-preview:large","max-video-preview":"max-video-preview:-1"},"canonical":"https:\/\/www.claravision.com\/it\/settori-di-attivita\/","og_locale":"it_IT","og_type":"article","og_title":"Settori di attivit\u00e0","og_url":"https:\/\/www.claravision.com\/it\/settori-di-attivita\/","og_site_name":"Claravision","article_modified_time":"2026-04-27T14:13:39+00:00","twitter_card":"summary_large_image","schema":{"@context":"https:\/\/schema.org","@graph":[{"@type":"WebPage","@id":"https:\/\/www.claravision.com\/it\/settori-di-attivita\/","url":"https:\/\/www.claravision.com\/it\/settori-di-attivita\/","name":"Settori di attivit\u00e0 - Claravision","isPartOf":{"@id":"https:\/\/www.claravision.com\/it\/#website"},"datePublished":"2019-04-29T07:31:17+00:00","dateModified":"2026-04-27T14:13:39+00:00","breadcrumb":{"@id":"https:\/\/www.claravision.com\/it\/settori-di-attivita\/#breadcrumb"},"inLanguage":"it-IT","potentialAction":[{"@type":"ReadAction","target":["https:\/\/www.claravision.com\/it\/settori-di-attivita\/"]}]},{"@type":"BreadcrumbList","@id":"https:\/\/www.claravision.com\/it\/settori-di-attivita\/#breadcrumb","itemListElement":[{"@type":"ListItem","position":1,"name":"Casa","item":"https:\/\/www.claravision.com\/it\/"},{"@type":"ListItem","position":2,"name":"Settori di attivit\u00e0"}]},{"@type":"WebSite","@id":"https:\/\/www.claravision.com\/it\/#website","url":"https:\/\/www.claravision.com\/it\/","name":"Claravision","description":"Logiciels et solutions d&#039;analyse d&#039;images","publisher":{"@id":"https:\/\/www.claravision.com\/it\/#organization"},"potentialAction":[{"@type":"SearchAction","target":{"@type":"EntryPoint","urlTemplate":"https:\/\/www.claravision.com\/it\/?s={search_term_string}"},"query-input":{"@type":"PropertyValueSpecification","valueRequired":true,"valueName":"search_term_string"}}],"inLanguage":"it-IT"},{"@type":"Organization","@id":"https:\/\/www.claravision.com\/it\/#organization","name":"Claravision","url":"https:\/\/www.claravision.com\/it\/","logo":{"@type":"ImageObject","inLanguage":"it-IT","@id":"https:\/\/www.claravision.com\/it\/#\/schema\/logo\/image\/","url":"https:\/\/www.claravision.com\/w2020\/wp-content\/uploads\/2021\/12\/logo-claravision.png","contentUrl":"https:\/\/www.claravision.com\/w2020\/wp-content\/uploads\/2021\/12\/logo-claravision.png","width":124,"height":124,"caption":"Claravision"},"image":{"@id":"https:\/\/www.claravision.com\/it\/#\/schema\/logo\/image\/"},"sameAs":["https:\/\/www.linkedin.com\/company\/claravision\/","https:\/\/www.youtube.com\/channel\/UCgfTotdIXpHE6jHh29gYUnw"],"description":"Clara Vision est une soci\u00e9t\u00e9 fran\u00e7aise fond\u00e9e en 1994 sp\u00e9cialis\u00e9e dans l\u2019imagerie scientifique et industrielle. Depuis 30 ans, Clara Vision con\u00e7oit et d\u00e9veloppe des logiciels d\u2019acquisition et d\u2019analyse d\u2019images d\u00e9di\u00e9s principalement au contr\u00f4le qualit\u00e9 et \u00e0 la recherche.","email":"info@claravision.com","telephone":"0169860130","legalName":"CLARA VISION SAS","foundingDate":"1994-12-29","vatID":"FR29399379593","taxID":"39937959300060","iso6523Code":"399379593","numberOfEmployees":{"@type":"QuantitativeValue","minValue":"1","maxValue":"10"},"address":{"@type":"PostalAddress","streetAddress":"2 ROUTE DE GISY PARC BUROSPACE","addressLocality":"BIEVRES","postalCode":"91570","addressCountry":"FR"}}]}},"_links":{"self":[{"href":"https:\/\/www.claravision.com\/it\/wp-json\/wp\/v2\/pages\/10912","targetHints":{"allow":["GET"]}}],"collection":[{"href":"https:\/\/www.claravision.com\/it\/wp-json\/wp\/v2\/pages"}],"about":[{"href":"https:\/\/www.claravision.com\/it\/wp-json\/wp\/v2\/types\/page"}],"author":[{"embeddable":true,"href":"https:\/\/www.claravision.com\/it\/wp-json\/wp\/v2\/users\/1"}],"replies":[{"embeddable":true,"href":"https:\/\/www.claravision.com\/it\/wp-json\/wp\/v2\/comments?post=10912"}],"version-history":[{"count":1,"href":"https:\/\/www.claravision.com\/it\/wp-json\/wp\/v2\/pages\/10912\/revisions"}],"predecessor-version":[{"id":10913,"href":"https:\/\/www.claravision.com\/it\/wp-json\/wp\/v2\/pages\/10912\/revisions\/10913"}],"wp:attachment":[{"href":"https:\/\/www.claravision.com\/it\/wp-json\/wp\/v2\/media?parent=10912"}],"curies":[{"name":"wp","href":"https:\/\/api.w.org\/{rel}","templated":true}]}}